{"id":29171,"date":"2026-03-06T11:07:18","date_gmt":"2026-03-06T10:07:18","guid":{"rendered":"https:\/\/medicusgaia.com\/?page_id=29171"},"modified":"2026-04-14T10:40:42","modified_gmt":"2026-04-14T08:40:42","slug":"com-son-les-visites","status":"publish","type":"page","link":"https:\/\/medicusgaia.com\/ca\/com-son-les-visites\/","title":{"rendered":"Com s\u00f3n les visites"},"content":{"rendered":"<p>[et_pb_section fb_built=&#8221;1&#8243; disabled_on=&#8221;off|off|off&#8221; admin_label=&#8221;Header&#8221; _builder_version=&#8221;4.27.4&#8243; background_image=&#8221;https:\/\/medicusgaia.com\/wp-content\/uploads\/2026\/03\/Com-son-les-visites.png&#8221; max_width_last_edited=&#8221;off|desktop&#8221; module_alignment=&#8221;center&#8221; custom_padding=&#8221;6vw||0||false|false&#8221; locked=&#8221;off&#8221; global_colors_info=&#8221;{}&#8221;][et_pb_row _builder_version=&#8221;4.16&#8243; global_colors_info=&#8221;{}&#8221;][et_pb_column type=&#8221;4_4&#8243; _builder_version=&#8221;4.16&#8243; custom_padding=&#8221;|||&#8221; global_colors_info=&#8221;{}&#8221; custom_padding__hover=&#8221;|||&#8221;][dsm_typing_effect typing_effect=&#8221;Com s\u00f3n les visites&#8221; typing_loop=&#8221;off&#8221; typing_speed=&#8221;30ms&#8221; typing_cursor_color=&#8221;#CFD510&#8243; _builder_version=&#8221;4.27.4&#8243; _module_preset=&#8221;default&#8221; header_font=&#8221;|600|||||||&#8221; header_text_color=&#8221;#029483&#8243; header_font_size=&#8221;48px&#8221; header_font_size_tablet=&#8221;72px&#8221; header_font_size_phone=&#8221;45px&#8221; header_font_size_last_edited=&#8221;on|phone&#8221; global_colors_info=&#8221;{}&#8221;][\/dsm_typing_effect][\/et_pb_column][\/et_pb_row][\/et_pb_section][et_pb_section fb_built=&#8221;1&#8243; custom_padding_last_edited=&#8221;on|phone&#8221; _builder_version=&#8221;4.19.5&#8243; _module_preset=&#8221;default&#8221; background_color=&#8221;#f7faf9&#8243; min_height=&#8221;1565.2px&#8221; custom_margin=&#8221;||||false|false&#8221; custom_margin_tablet=&#8221;||||false|false&#8221; custom_margin_phone=&#8221;0px|0px|0px|0px|false|false&#8221; custom_margin_last_edited=&#8221;on|phone&#8221; custom_padding=&#8221;10px|0px|1px|0px|false|false&#8221; custom_padding_tablet=&#8221;10px|0px|50px|0px|false|false&#8221; custom_padding_phone=&#8221;||50px||false|false&#8221; global_colors_info=&#8221;{}&#8221;][et_pb_row column_structure=&#8221;3_5,2_5&#8243; _builder_version=&#8221;4.27.4&#8243; _module_preset=&#8221;default&#8221; custom_padding=&#8221;96px||2px|||&#8221; global_colors_info=&#8221;{}&#8221;][et_pb_column type=&#8221;3_5&#8243; _builder_version=&#8221;4.19.5&#8243; _module_preset=&#8221;default&#8221; global_colors_info=&#8221;{}&#8221;][et_pb_text disabled_on=&#8221;on|on|off&#8221; _builder_version=&#8221;4.27.4&#8243; _module_preset=&#8221;default&#8221; header_4_line_height=&#8221;1.6em&#8221; global_colors_info=&#8221;{}&#8221;]<\/p>\n<h3 style=\"text-align: center;\">Qu\u00e8 \u00e9s la medicina integrativa i com s\u00f3n les nostres visites<\/h3>\n<p>La Hipert\u00e8rmia Oncol\u00f2gica Capacitiva \u00e9s una t\u00e8cnica indicada en tumors s\u00f2lids <b>(no s&#8217;utilitza en neopl\u00e0sies hematol\u00f2giques com leuc\u00e8mies, limfomes, mieloma m\u00faltiple, etc.)<\/b>. Consisteix a aplicar calor controlada i localitzada (al voltant de 43 \u00b0C, una temperatura clau per al seu efecte biol\u00f2gic) mitjan\u00e7ant radiofreq\u00fc\u00e8ncia i camps electromagn\u00e8tics, per tal de crear un entorn menys favorable per a les c\u00e8l\u00b7lules tumorals i m\u00e9s propici per a l&#8217;acci\u00f3 terap\u00e8utica.<\/p>\n<p>Aquest augment t\u00e8rmic sostingut dificulta el funcionament de les c\u00e8l\u00b7lules tumorals i afavoreix processos de mort cel\u00b7lular programada (apoptosi)<span style=\"font-weight: 400;\"> en una part. En altres, no necess\u00e0riament les destrueix immediatament, per\u00f2 les torna m\u00e9s vulnerables, cosa que es pot traduir en m\u00e9s sensibilitat a tractaments convencionals. <\/span><\/p>\n<p>En paral\u00b7lel, el teixit sa sol respondre de manera diferent: la calor millora la microcirculaci\u00f3, afavorir l&#8217;oxigenaci\u00f3 i donar suport a mecanismes de reparaci\u00f3 i defensa de l&#8217;organisme, cosa que contribueix a una millor toler\u00e0ncia global del proc\u00e9s terap\u00e8utic.<\/p>\n<p><span style=\"font-weight: 400;\">Adem\u00e1s, la Hipertermia Oncol\u00f3gica Capacitiva modifica el entorno f\u00edsico del tumor y genera un microambiente m\u00e1s inestable y estresante para las c\u00e9lulas malignas, lo que suma dificultad a su supervivencia.<\/span><\/p>\n<p><span style=\"font-weight: 400;\">Un altre aspecte rellevant \u00e9s que, en millorar el flux sanguini local, aquest tractament potencia l&#8217;arribada i l&#8217;acci\u00f3 de tractaments com quimioter\u00e0pia, radioter\u00e0pia o immunoter\u00e0pia a la zona tractada, ajudant que actu\u00efn amb m\u00e9s precisi\u00f3.<\/span><\/p>\n<p><span style=\"font-weight: 400;\"><\/span><\/p>\n<p>[\/et_pb_text][\/et_pb_column][et_pb_column type=&#8221;2_5&#8243; _builder_version=&#8221;4.19.5&#8243; _module_preset=&#8221;default&#8221; global_colors_info=&#8221;{}&#8221;][et_pb_video src_webm=&#8221;https:\/\/medicusgaia.com\/wp-content\/uploads\/2026\/03\/Como-son-las-visitas-1.mp4&#8243; _builder_version=&#8221;4.27.4&#8243; _module_preset=&#8221;default&#8221; global_colors_info=&#8221;{}&#8221;][\/et_pb_video][\/et_pb_column][\/et_pb_row][et_pb_row column_structure=&#8221;1_2,1_2&#8243; _builder_version=&#8221;4.27.4&#8243; _module_preset=&#8221;default&#8221; min_height=&#8221;545.2px&#8221; custom_margin=&#8221;-35px|auto|-15px|auto||&#8221; custom_padding=&#8221;88px||0px|||&#8221; locked=&#8221;off&#8221; global_colors_info=&#8221;{}&#8221;][et_pb_column type=&#8221;1_2&#8243; _builder_version=&#8221;4.27.4&#8243; _module_preset=&#8221;default&#8221; global_colors_info=&#8221;{}&#8221;][et_pb_image src=&#8221;https:\/\/medicusgaia.com\/wp-content\/uploads\/2026\/03\/Com-son-visites.png&#8221; title_text=&#8221;Com s\u00f3n les visites&#8221; _builder_version=&#8221;4.27.4&#8243; _module_preset=&#8221;default&#8221; global_colors_info=&#8221;{}&#8221;][\/et_pb_image][dsm_icon_list _builder_version=&#8221;4.27.4&#8243; _module_preset=&#8221;default&#8221; global_colors_info=&#8221;{}&#8221;][\/dsm_icon_list][\/et_pb_column][et_pb_column type=&#8221;1_2&#8243; _builder_version=&#8221;4.27.4&#8243; _module_preset=&#8221;default&#8221; global_colors_info=&#8221;{}&#8221;][et_pb_text _builder_version=&#8221;4.27.4&#8243; _module_preset=&#8221;default&#8221; custom_margin=&#8221;||-3px|||&#8221; custom_padding=&#8221;0px|||||&#8221; global_colors_info=&#8221;{}&#8221;]<\/p>\n<h4 class=\"et_pb_module_heading\" style=\"text-align: left;\">Com \u00e9s la primera visita?<\/h4>\n<p>La primera visita dura aproximadament 90 minuts (si \u00e9s on-line una mica menys, ja que el temps que dediquem a estructurar i dissenyar el tractament ho fem off-line).<span><br \/>\u00c9s una visita llarga perqu\u00e8 necessitem escoltar la teva hist\u00f2ria, entendre el teu context i revisar el teu cas amb profunditat.<\/span><\/p>\n<p>A partir d\u00b4aqu\u00ed, dissenyem un pla terap\u00e8utic que pot incloure tractament a la cl\u00ednica, recomanacions d\u00b4estil de vida, formulaci\u00f3 magistral, pautes d\u00b4estil de vida, regulaci\u00f3 de l\u00b4estr\u00e8s, suplementaci\u00f3 si cal i altres eines.<\/p>\n<p>Despr\u00e9s de la visita rebr\u00e0s documentaci\u00f3 amb la teva pauta i quan calgui, materials de suport perqu\u00e8 puguis aplicar el treballat.<\/p>\n<p>[\/et_pb_text][et_pb_button button_url=&#8221;&lt;!&#8211;&#91;CDATA&#91;\/contacto&#93;&#93;&#8211;&gt;&#8221; button_text=&#8221;Sol\u00b7licitar m\u00e9s informaci\u00f3&#8221; button_alignment=&#8221;left&#8221; disabled_on=&#8221;off|off|off&#8221; _builder_version=&#8221;4.27.4&#8243; _module_preset=&#8221;default&#8221; custom_button=&#8221;on&#8221; button_text_color=&#8221;#FFFFFF&#8221; button_bg_color=&#8221;#2f8e85&#8243; button_border_width=&#8221;0px&#8221; button_use_icon=&#8221;off&#8221; background_layout=&#8221;dark&#8221; custom_margin=&#8221;21px||-3px|||&#8221; global_colors_info=&#8221;{}&#8221;][\/et_pb_button][\/et_pb_column][\/et_pb_row][et_pb_row _builder_version=&#8221;4.27.4&#8243; _module_preset=&#8221;default&#8221; custom_padding=&#8221;0px|||||&#8221; global_colors_info=&#8221;{}&#8221;][et_pb_column type=&#8221;4_4&#8243; _builder_version=&#8221;4.27.4&#8243; _module_preset=&#8221;default&#8221; global_colors_info=&#8221;{}&#8221;][et_pb_text _builder_version=&#8221;4.27.4&#8243; _module_preset=&#8221;default&#8221; min_height=&#8221;434.2px&#8221; custom_margin=&#8221;-14px||-1px|||&#8221; custom_padding=&#8221;2px|||||&#8221; locked=&#8221;off&#8221; global_colors_info=&#8221;{}&#8221;]<\/p>\n<h3>\u00c9s nom\u00e9s una visita?<\/h3>\n<p>No.<br \/>La medicina integrativa funciona amb seguiment.<\/p>\n<p>El cos necessita temps per regular-se i respondre.<br \/>El m\u00e9s habitual \u00e9s fer visites de seguiment aproximadament cada dos mesos, ajustant el pla segons la teva evoluci\u00f3.<\/p>\n<p>Moltes persones pregunten \u201cen quantes visites em curar\u00e9?\u201d.<br \/>I la realitat \u00e9s que no hi ha una xifra exacta, perqu\u00e8 cada cos i cada hist\u00f2ria s\u00f3n diferents.<\/p>\n<p> Afortunadament, la gran majoria dels nostres pacients noten millores importants ja a la primera visita. <\/p>\n<p>Cal saber que un s\u00edmptoma millori o desaparegui, no vol dir que estigui resolt el problema. El cos t\u00e9 una gran resili\u00e8ncia i quan apareix el s\u00edmptoma, ja hi ha unes rutes patol\u00f2giques establertes o biol\u00f2giques clarament alterades i moltes vegades en comen\u00e7ar-les a restaurar el s\u00edmptoma millora i fins i tot desapareix, per\u00f2 cal seguir asseient unes bones bases biol\u00f2giques i refor\u00e7ant i reestructurant vies metab\u00f2liques perqu\u00e8 el que s&#8217;ha millorat es mantingui <\/p>\n<p>El que s\u00ed que podem dir \u00e9s que treballem de forma seriosa, cient\u00edfica, profunda i personalitzada per acompanyar-te en el teu proc\u00e9s de millora.<\/p>\n<p>[\/et_pb_text][\/et_pb_column][\/et_pb_row][et_pb_row column_structure=&#8221;3_5,2_5&#8243; _builder_version=&#8221;4.18.0&#8243; _module_preset=&#8221;default&#8221; custom_padding=&#8221;||3px|||&#8221; global_colors_info=&#8221;{}&#8221;][et_pb_column type=&#8221;3_5&#8243; _builder_version=&#8221;4.18.0&#8243; _module_preset=&#8221;default&#8221; global_colors_info=&#8221;{}&#8221;][et_pb_text _builder_version=&#8221;4.27.4&#8243; _module_preset=&#8221;default&#8221; header_4_line_height=&#8221;1.6em&#8221; custom_margin=&#8221;10px||||false|false&#8221; global_colors_info=&#8221;{}&#8221;]<\/p>\n<h3 style=\"text-align: left;\"><span>Qu\u00e8 inclouen les nostres visites<\/span><\/h3>\n<p><strong>Inclou:<\/strong><\/p>\n<p>Les visites m\u00e8diques inclouen la valoraci\u00f3 cl\u00ednica i orientaci\u00f3 terap\u00e8utica personalitzada.<\/p>\n<p><strong>No inclou:<\/strong><\/p>\n<p><span class=\"im\">&#8211; L&#8217;emissi\u00f3 d&#8217;informes m\u00e8dics cl\u00ednics detallats o documentaci\u00f3 espec\u00edfica amb fins administratius, pericials o per a tercers no est\u00e0 inclosa al preu de la consulta.<br \/><\/span>&#8211; La realitzaci\u00f3 de proves o tests diagn\u00f2stics, ni el cost en cas de ser necessaris.<br \/>&#8211; El coste de los tratamientos o propuestas terap\u00e9uticas indicadas durante la visita.<\/p>\n<p><strong>En cas de requerir-se:<\/strong><\/p>\n<p>En cas de necessitar un informe m\u00e8dic, aquest s&#8217;haur\u00e0 de sol\u00b7licitar expressament amb antelaci\u00f3 i es considerar\u00e0 un servei addicional, amb cost associat i subjecte a disponibilitat.<\/p>\n<p>[\/et_pb_text][\/et_pb_column][et_pb_column type=&#8221;2_5&#8243; _builder_version=&#8221;4.18.0&#8243; _module_preset=&#8221;default&#8221; global_colors_info=&#8221;{}&#8221;][et_pb_image src=&#8221;https:\/\/medicusgaia.com\/wp-content\/uploads\/2026\/02\/1autoiinmunes.png&#8221; title_text=&#8221;Medicus Gaia&#8221; _builder_version=&#8221;4.27.4&#8243; _module_preset=&#8221;default&#8221; global_colors_info=&#8221;{}&#8221;][\/et_pb_image][\/et_pb_column][\/et_pb_row][et_pb_row _builder_version=&#8221;4.18.0&#8243; _module_preset=&#8221;default&#8221; custom_padding=&#8221;||91px|||&#8221; global_colors_info=&#8221;{}&#8221;][et_pb_column type=&#8221;4_4&#8243; _builder_version=&#8221;4.18.0&#8243; _module_preset=&#8221;default&#8221; global_colors_info=&#8221;{}&#8221;][et_pb_text _builder_version=&#8221;4.27.4&#8243; _module_preset=&#8221;default&#8221; header_4_line_height=&#8221;1.6em&#8221; custom_margin=&#8221;10px||||false|false&#8221; global_colors_info=&#8221;{}&#8221;]<\/p>\n<h3 style=\"text-align: center;\">Una cosa important<\/h3>\n<p style=\"text-align: center;\">Les anal\u00edtiques o la suplementaci\u00f3, si cal, no estan incloses en el preu de la visita.<\/p>\n<p style=\"text-align: center;\"><b>Si creus que aquest tipus de medicina i acompanyament \u00e9s el que necessites, contacta amb el nostre equip i estarem encantades de donar-te la informaci\u00f3 que necessites.<\/b><\/p>\n<p>[\/et_pb_text][\/et_pb_column][\/et_pb_row][\/et_pb_section][et_pb_section fb_built=&#8221;1&#8243; fullwidth=&#8221;on&#8221; _builder_version=&#8221;4.18.0&#8243; _module_preset=&#8221;default&#8221; global_module=&#8221;24625&#8243; saved_tabs=&#8221;all&#8221; global_colors_info=&#8221;{}&#8221;][et_pb_fullwidth_slider show_pagination=&#8221;off&#8221; use_bg_overlay=&#8221;off&#8221; use_text_overlay=&#8221;off&#8221; _builder_version=&#8221;4.27.4&#8243; _module_preset=&#8221;default&#8221; background_enable_color=&#8221;off&#8221; background_image=&#8221;https:\/\/medicusgaia.com\/wp-content\/uploads\/2026\/02\/Reserva-tu-cita-1.png&#8221; background_position=&#8221;center_right&#8221; custom_padding=&#8221;11vw||11vw||true|false&#8221; header_font_size_tablet=&#8221;47px&#8221; header_font_size_phone=&#8221;40px&#8221; header_font_size_last_edited=&#8221;on|phone&#8221; text_shadow_style=&#8221;preset3&#8243; text_shadow_color=&#8221;RGBA(255,255,255,0)&#8221; global_colors_info=&#8221;{}&#8221;][et_pb_slide heading=&#8221;Reserva la teva cita&#8221; button_text=&#8221;escriu-nos&#8221; button_link=&#8221;mailto:info@medicusgaia.com&#8221; url_new_window=&#8221;on&#8221; _builder_version=&#8221;4.27.4&#8243; _module_preset=&#8221;default&#8221; custom_button=&#8221;on&#8221; button_text_color=&#8221;#FFFFFF&#8221; button_bg_color=&#8221;#B365A1&#8243; button_border_width=&#8221;0px&#8221; button_letter_spacing=&#8221;2px&#8221; button_font=&#8221;|700|||||||&#8221; button_icon_color=&#8221;#FFFFFF&#8221; button_alignment=&#8221;center&#8221; button_text_2=&#8221;ll\u00e1manos&#8221; button_link_2=&#8221;tel:+34932504555&#8243; global_colors_info=&#8221;{}&#8221; sticky_transition=&#8221;on&#8221;][\/et_pb_slide][\/et_pb_fullwidth_slider][\/et_pb_section]<\/p>\n","protected":false},"excerpt":{"rendered":"<p><div class=\"et_pb_module dsm_typing_effect dsm_typing_effect_0 et_pb_bg_layout_light \">\n\t\t\t\t\n\t\t\t\t\n\t\t\t\t\n\t\t\t\t\n\t\t\t\t\n\t\t\t\t\n\t\t\t\t<div class=\"et_pb_module_inner\">\n\t\t\t\t\t<h1 class=\"dsm-typing-effect et_pb_module_header\"><span class=\"dsm-typing-wrapper\"><span class=\"dsm-typing-strings\">Com s\u00f3n les visites<\/span><span class=\"dsm-typing\" data-dsm-typing-cursor=\"|\" data-dsm-typing-strings=\"Com s\u00f3n les visites\" data-dsm-typing-speed=30ms data-dsm-typing-backspeed=50ms data-dsm-typing-backdelay=700ms data-dsm-typing-loop=false data-dsm-typing-remove-cursor=off data-dsm-typing-fadeout=false data-dsm-typing-shuffle=false data-dsm-typing-delay=0ms data-dsm-typing-viewport=80% data-dsm-typing-repeat=on><\/span><\/span><\/h1>\n\t\t\t\t<\/div>\n\t\t\t<\/div>Qu\u00e8 \u00e9s la medicina integrativa i com s\u00f3n les nostres visites La Hipert\u00e8rmia Oncol\u00f2gica Capacitiva \u00e9s una t\u00e8cnica indicada en tumors s\u00f2lids (no s&#8217;utilitza en neopl\u00e0sies hematol\u00f2giques com leuc\u00e8mies, limfomes, mieloma m\u00faltiple, etc.). Consisteix a aplicar calor controlada i [&hellip;]<\/p>\n","protected":false},"author":5,"featured_media":0,"parent":0,"menu_order":0,"comment_status":"closed","ping_status":"closed","template":"","meta":{"_et_pb_use_builder":"on","_et_pb_old_content":"","_et_gb_content_width":"","footnotes":""},"class_list":["post-29171","page","type-page","status-publish","hentry"],"yoast_head":"<!-- This site is optimized with the Yoast SEO plugin v27.4 - https:\/\/yoast.com\/product\/yoast-seo-wordpress\/ -->\n<title>Com s\u00f3n les visites de medicina integrativa | Medicus Gaia<\/title>\n<meta name=\"description\" content=\"Coneix com s\u00f3n les visites i el nostre enfocament m\u00e8dic personalitzat a la medicina integrativa i com treballem a Medicus Gaia Barcelona.\" \/>\n<meta name=\"robots\" content=\"index, follow, max-snippet:-1, max-image-preview:large, max-video-preview:-1\" \/>\n<link rel=\"canonical\" href=\"https:\/\/medicusgaia.com\/ca\/com-son-les-visites\/\" \/>\n<meta property=\"og:locale\" content=\"ca_ES\" \/>\n<meta property=\"og:type\" content=\"article\" \/>\n<meta property=\"og:title\" content=\"Com s\u00f3n les visites de medicina integrativa | Medicus Gaia\" \/>\n<meta property=\"og:description\" content=\"Coneix com s\u00f3n les visites i el nostre enfocament m\u00e8dic personalitzat a la medicina integrativa i com treballem a Medicus Gaia Barcelona.\" \/>\n<meta property=\"og:url\" content=\"https:\/\/medicusgaia.com\/ca\/com-son-les-visites\/\" \/>\n<meta property=\"og:site_name\" content=\"Medicus Gaia\" \/>\n<meta property=\"article:publisher\" content=\"https:\/\/www.facebook.com\/profile.php?id=100083402287688\" \/>\n<meta property=\"article:modified_time\" content=\"2026-04-14T08:40:42+00:00\" \/>\n<meta name=\"twitter:card\" content=\"summary_large_image\" \/>\n<meta name=\"twitter:label1\" content=\"Temps estimat de lectura\" \/>\n\t<meta name=\"twitter:data1\" content=\"8 minuts\" \/>\n<script type=\"application\/ld+json\" class=\"yoast-schema-graph\">{\"@context\":\"https:\\\/\\\/schema.org\",\"@graph\":[{\"@type\":\"WebPage\",\"@id\":\"https:\\\/\\\/medicusgaia.com\\\/ca\\\/com-son-les-visites\\\/\",\"url\":\"https:\\\/\\\/medicusgaia.com\\\/ca\\\/com-son-les-visites\\\/\",\"name\":\"Com s\u00f3n les visites de medicina integrativa | Medicus Gaia\",\"isPartOf\":{\"@id\":\"https:\\\/\\\/medicusgaia.com\\\/ca\\\/#website\"},\"datePublished\":\"2026-03-06T10:07:18+00:00\",\"dateModified\":\"2026-04-14T08:40:42+00:00\",\"description\":\"Coneix com s\u00f3n les visites i el nostre enfocament m\u00e8dic personalitzat a la medicina integrativa i com treballem a Medicus Gaia Barcelona.\",\"inLanguage\":\"ca\",\"potentialAction\":[{\"@type\":\"ReadAction\",\"target\":[\"https:\\\/\\\/medicusgaia.com\\\/ca\\\/com-son-les-visites\\\/\"]}]},{\"@type\":\"WebSite\",\"@id\":\"https:\\\/\\\/medicusgaia.com\\\/ca\\\/#website\",\"url\":\"https:\\\/\\\/medicusgaia.com\\\/ca\\\/\",\"name\":\"Medicus Gaia\",\"description\":\"Institut de Salut i Medicina Integrativa\",\"publisher\":{\"@id\":\"https:\\\/\\\/medicusgaia.com\\\/ca\\\/#organization\"},\"potentialAction\":[{\"@type\":\"SearchAction\",\"target\":{\"@type\":\"EntryPoint\",\"urlTemplate\":\"https:\\\/\\\/medicusgaia.com\\\/ca\\\/?s={search_term_string}\"},\"query-input\":{\"@type\":\"PropertyValueSpecification\",\"valueRequired\":true,\"valueName\":\"search_term_string\"}}],\"inLanguage\":\"ca\"},{\"@type\":\"Organization\",\"@id\":\"https:\\\/\\\/medicusgaia.com\\\/ca\\\/#organization\",\"name\":\"Medicus Gaia\",\"url\":\"https:\\\/\\\/medicusgaia.com\\\/ca\\\/\",\"logo\":{\"@type\":\"ImageObject\",\"inLanguage\":\"ca\",\"@id\":\"https:\\\/\\\/medicusgaia.com\\\/ca\\\/#\\\/schema\\\/logo\\\/image\\\/\",\"url\":\"https:\\\/\\\/medicusgaia.com\\\/wp-content\\\/uploads\\\/2024\\\/05\\\/medicus-gaia-institut-de-salut-i-medicina-integrativa-crisitina-pellicer-1.png\",\"contentUrl\":\"https:\\\/\\\/medicusgaia.com\\\/wp-content\\\/uploads\\\/2024\\\/05\\\/medicus-gaia-institut-de-salut-i-medicina-integrativa-crisitina-pellicer-1.png\",\"width\":900,\"height\":346,\"caption\":\"Medicus Gaia\"},\"image\":{\"@id\":\"https:\\\/\\\/medicusgaia.com\\\/ca\\\/#\\\/schema\\\/logo\\\/image\\\/\"},\"sameAs\":[\"https:\\\/\\\/www.facebook.com\\\/profile.php?id=100083402287688\",\"https:\\\/\\\/www.instagram.com\\\/ismi_medicusgaia\\\/\",\"https:\\\/\\\/www.linkedin.com\\\/company\\\/institut-de-salut-i-medicina-integrativa-medicus-gaia\\\/\"]}]}<\/script>\n<!-- \/ Yoast SEO plugin. -->","yoast_head_json":{"title":"Com s\u00f3n les visites de medicina integrativa | Medicus Gaia","description":"Coneix com s\u00f3n les visites i el nostre enfocament m\u00e8dic personalitzat a la medicina integrativa i com treballem a Medicus Gaia Barcelona.","robots":{"index":"index","follow":"follow","max-snippet":"max-snippet:-1","max-image-preview":"max-image-preview:large","max-video-preview":"max-video-preview:-1"},"canonical":"https:\/\/medicusgaia.com\/ca\/com-son-les-visites\/","og_locale":"ca_ES","og_type":"article","og_title":"Com s\u00f3n les visites de medicina integrativa | Medicus Gaia","og_description":"Coneix com s\u00f3n les visites i el nostre enfocament m\u00e8dic personalitzat a la medicina integrativa i com treballem a Medicus Gaia Barcelona.","og_url":"https:\/\/medicusgaia.com\/ca\/com-son-les-visites\/","og_site_name":"Medicus Gaia","article_publisher":"https:\/\/www.facebook.com\/profile.php?id=100083402287688","article_modified_time":"2026-04-14T08:40:42+00:00","twitter_card":"summary_large_image","twitter_misc":{"Temps estimat de lectura":"8 minuts"},"schema":{"@context":"https:\/\/schema.org","@graph":[{"@type":"WebPage","@id":"https:\/\/medicusgaia.com\/ca\/com-son-les-visites\/","url":"https:\/\/medicusgaia.com\/ca\/com-son-les-visites\/","name":"Com s\u00f3n les visites de medicina integrativa | Medicus Gaia","isPartOf":{"@id":"https:\/\/medicusgaia.com\/ca\/#website"},"datePublished":"2026-03-06T10:07:18+00:00","dateModified":"2026-04-14T08:40:42+00:00","description":"Coneix com s\u00f3n les visites i el nostre enfocament m\u00e8dic personalitzat a la medicina integrativa i com treballem a Medicus Gaia Barcelona.","inLanguage":"ca","potentialAction":[{"@type":"ReadAction","target":["https:\/\/medicusgaia.com\/ca\/com-son-les-visites\/"]}]},{"@type":"WebSite","@id":"https:\/\/medicusgaia.com\/ca\/#website","url":"https:\/\/medicusgaia.com\/ca\/","name":"Medicus Gaia","description":"Institut de Salut i Medicina Integrativa","publisher":{"@id":"https:\/\/medicusgaia.com\/ca\/#organization"},"potentialAction":[{"@type":"SearchAction","target":{"@type":"EntryPoint","urlTemplate":"https:\/\/medicusgaia.com\/ca\/?s={search_term_string}"},"query-input":{"@type":"PropertyValueSpecification","valueRequired":true,"valueName":"search_term_string"}}],"inLanguage":"ca"},{"@type":"Organization","@id":"https:\/\/medicusgaia.com\/ca\/#organization","name":"Medicus Gaia","url":"https:\/\/medicusgaia.com\/ca\/","logo":{"@type":"ImageObject","inLanguage":"ca","@id":"https:\/\/medicusgaia.com\/ca\/#\/schema\/logo\/image\/","url":"https:\/\/medicusgaia.com\/wp-content\/uploads\/2024\/05\/medicus-gaia-institut-de-salut-i-medicina-integrativa-crisitina-pellicer-1.png","contentUrl":"https:\/\/medicusgaia.com\/wp-content\/uploads\/2024\/05\/medicus-gaia-institut-de-salut-i-medicina-integrativa-crisitina-pellicer-1.png","width":900,"height":346,"caption":"Medicus Gaia"},"image":{"@id":"https:\/\/medicusgaia.com\/ca\/#\/schema\/logo\/image\/"},"sameAs":["https:\/\/www.facebook.com\/profile.php?id=100083402287688","https:\/\/www.instagram.com\/ismi_medicusgaia\/","https:\/\/www.linkedin.com\/company\/institut-de-salut-i-medicina-integrativa-medicus-gaia\/"]}]}},"_links":{"self":[{"href":"https:\/\/medicusgaia.com\/ca\/wp-json\/wp\/v2\/pages\/29171","targetHints":{"allow":["GET"]}}],"collection":[{"href":"https:\/\/medicusgaia.com\/ca\/wp-json\/wp\/v2\/pages"}],"about":[{"href":"https:\/\/medicusgaia.com\/ca\/wp-json\/wp\/v2\/types\/page"}],"author":[{"embeddable":true,"href":"https:\/\/medicusgaia.com\/ca\/wp-json\/wp\/v2\/users\/5"}],"replies":[{"embeddable":true,"href":"https:\/\/medicusgaia.com\/ca\/wp-json\/wp\/v2\/comments?post=29171"}],"version-history":[{"count":14,"href":"https:\/\/medicusgaia.com\/ca\/wp-json\/wp\/v2\/pages\/29171\/revisions"}],"predecessor-version":[{"id":29319,"href":"https:\/\/medicusgaia.com\/ca\/wp-json\/wp\/v2\/pages\/29171\/revisions\/29319"}],"wp:attachment":[{"href":"https:\/\/medicusgaia.com\/ca\/wp-json\/wp\/v2\/media?parent=29171"}],"curies":[{"name":"wp","href":"https:\/\/api.w.org\/{rel}","templated":true}]}}