{"id":29034,"date":"2026-03-06T11:07:59","date_gmt":"2026-03-06T10:07:59","guid":{"rendered":"https:\/\/medicusgaia.com\/?page_id=29034"},"modified":"2026-03-06T11:07:59","modified_gmt":"2026-03-06T10:07:59","slug":"problemes-intestinals","status":"publish","type":"page","link":"https:\/\/medicusgaia.com\/ca\/problemes-intestinals\/","title":{"rendered":"Problemes intestinals"},"content":{"rendered":"<p>[et_pb_section fb_built=&#8221;1&#8243; disabled_on=&#8221;off|off|off&#8221; admin_label=&#8221;Header&#8221; _builder_version=&#8221;4.27.4&#8243; background_image=&#8221;https:\/\/medicusgaia.com\/wp-content\/uploads\/2026\/02\/Prob-intestinales.png&#8221; max_width_last_edited=&#8221;off|desktop&#8221; module_alignment=&#8221;center&#8221; custom_padding=&#8221;6vw||0||false|false&#8221; hover_enabled=&#8221;0&#8243; locked=&#8221;off&#8221; global_colors_info=&#8221;{}&#8221; title_text=&#8221;Problemas intestinales&#8221; sticky_enabled=&#8221;0&#8243;][et_pb_row _builder_version=&#8221;4.16&#8243; global_colors_info=&#8221;{}&#8221;][et_pb_column type=&#8221;4_4&#8243; _builder_version=&#8221;4.16&#8243; custom_padding=&#8221;|||&#8221; global_colors_info=&#8221;{}&#8221; custom_padding__hover=&#8221;|||&#8221;][dsm_typing_effect typing_effect=&#8221;Problemes intestinals&#8221; typing_loop=&#8221;off&#8221; typing_speed=&#8221;30ms&#8221; typing_cursor_color=&#8221;#CFD510&#8243; _builder_version=&#8221;4.27.4&#8243; _module_preset=&#8221;default&#8221; header_font=&#8221;|600|||||||&#8221; header_text_color=&#8221;#00756A&#8221; header_font_size=&#8221;48px&#8221; header_font_size_tablet=&#8221;72px&#8221; header_font_size_phone=&#8221;45px&#8221; header_font_size_last_edited=&#8221;on|phone&#8221; global_colors_info=&#8221;{}&#8221;][\/dsm_typing_effect][\/et_pb_column][\/et_pb_row][\/et_pb_section][et_pb_section fb_built=&#8221;1&#8243; custom_padding_last_edited=&#8221;on|phone&#8221; _builder_version=&#8221;4.19.5&#8243; _module_preset=&#8221;default&#8221; background_color=&#8221;#f7faf9&#8243; min_height=&#8221;1565.2px&#8221; custom_margin=&#8221;||||false|false&#8221; custom_margin_tablet=&#8221;||||false|false&#8221; custom_margin_phone=&#8221;0px|0px|0px|0px|false|false&#8221; custom_margin_last_edited=&#8221;on|phone&#8221; custom_padding=&#8221;10px|0px|1px|0px|false|false&#8221; custom_padding_tablet=&#8221;10px|0px|50px|0px|false|false&#8221; custom_padding_phone=&#8221;||50px||false|false&#8221; global_colors_info=&#8221;{}&#8221;][et_pb_row custom_padding_last_edited=&#8221;on|phone&#8221; disabled_on=&#8221;on|on|off&#8221; _builder_version=&#8221;4.19.5&#8243; _module_preset=&#8221;default&#8221; background_color=&#8221;#f7faf9&#8243; custom_margin=&#8221;0px||||false|false&#8221; custom_padding=&#8221;50px|50px|50px|50px|false|false&#8221; custom_padding_tablet=&#8221;50px|50px|50px|50px|false|false&#8221; custom_padding_phone=&#8221;10px|10px|10px|10px|false|false&#8221; global_colors_info=&#8221;{}&#8221;][et_pb_column type=&#8221;4_4&#8243; _builder_version=&#8221;4.19.5&#8243; _module_preset=&#8221;default&#8221; global_colors_info=&#8221;{}&#8221;][et_pb_text _builder_version=&#8221;4.27.4&#8243; _module_preset=&#8221;default&#8221; global_colors_info=&#8221;{}&#8221;]<\/p>\n<p><span style=\"font-weight: 400;\">Sents que el teu intest\u00ed \u00e9s imprevisible i que aix\u00f2 condiciona el teu dia a dia?<\/span><\/p>\n<p><span style=\"font-weight: 400;\">Per\u00edodes de restrenyiment seguits d&#8217;episodis de diarrea, dolor abdominal, distensi\u00f3, urg\u00e8ncia per anar al bany o inseguretat constant poden afectar molt la qualitat de vida.<\/span><\/p>\n<p><span style=\"font-weight: 400;\">Quan hi ha mol\u00e8sties digestives persistents (com restrenyiment cr\u00f2nic, diarrea recurrent, s\u00edndrome d&#8217;intest\u00ed irritable o altres trastorns funcionals digestius) \u00e9s important valorar l&#8217;origen i abordar-lo de manera adequada.<\/span><\/p>\n<p>Sabem que el sistema digestiu i el sistema nervi\u00f3s estan estretament connectats<span style=\"font-weight: 400;\">. Alteracions en la regulaci\u00f3 nerviosa, especialment en situacions d&#8217;estr\u00e8s mantingut, poden influir en la motilitat intestinal, la sensibilitat visceral i els processos inflamatoris.<\/span><\/p>\n<p>[\/et_pb_text][\/et_pb_column][\/et_pb_row][et_pb_row column_structure=&#8221;3_5,2_5&#8243; _builder_version=&#8221;4.27.4&#8243; _module_preset=&#8221;default&#8221; custom_margin=&#8221;|auto|-1px|auto||&#8221; custom_padding=&#8221;||2px|||&#8221; global_colors_info=&#8221;{}&#8221;][et_pb_column type=&#8221;3_5&#8243; _builder_version=&#8221;4.19.5&#8243; _module_preset=&#8221;default&#8221; global_colors_info=&#8221;{}&#8221;][et_pb_text disabled_on=&#8221;on|on|off&#8221; _builder_version=&#8221;4.27.4&#8243; _module_preset=&#8221;default&#8221; header_4_line_height=&#8221;1.6em&#8221; global_colors_info=&#8221;{}&#8221;]<\/p>\n<h3><b>Enfocament integratiu digestiu<\/b><\/h3>\n<p><span style=\"font-weight: 400;\">A l&#8217;Institut de Salut i Medicina Integrativa Medicus Gaia abordem els desequilibris digestius des d&#8217;una perspectiva integrativa, combinant diferents intervencions m\u00e8diques complement\u00e0ries segons cada cas.<\/span><\/p>\n<p><span style=\"font-weight: 400;\">Una de les combinacions utilitzades \u00e9s:<\/span><\/p>\n<p><b>Neuromodulaci\u00f3 No Invasiva NESA\u00ae + Ozonoter\u00e0pia m\u00e8dica<\/b><\/p>\n<p><span style=\"font-weight: 400;\">L&#8217;objectiu \u00e9s donar suport a la regulaci\u00f3 neurovegetativa, modular la inflamaci\u00f3 i afavorir la recuperaci\u00f3 funcional del sistema digestiu.<\/span><\/p>\n<h4><b>Com actuen aquests abordatges?<\/b><\/h4>\n<p><b>Neuromodulaci\u00f3 No Invasiva NESA\u00ae<\/b><\/p>\n<p><a href=\"https:\/\/medicusgaia.com\/ca\/tractaments\/neuromodulacio\/\">La Neuromodulaci\u00f3 No Invasiva<\/a> \u00e9s un tractament no invasiu que treballa sobre el sistema nervi\u00f3s aut\u00f2nom, implicat en la motilitat intestinal, la secreci\u00f3 digestiva i la sensibilitat visceral.<\/p>\n<p><span style=\"font-weight: 400;\">Contribueix a reduir la hiperactivaci\u00f3 associada a l&#8217;estr\u00e8s i millorar la coordinaci\u00f3 de la funci\u00f3 digestiva.<\/span><\/p>\n<p><span style=\"font-weight: 400;\"><\/span><\/p>\n<p>[\/et_pb_text][\/et_pb_column][et_pb_column type=&#8221;2_5&#8243; _builder_version=&#8221;4.19.5&#8243; _module_preset=&#8221;default&#8221; global_colors_info=&#8221;{}&#8221;][et_pb_image src=&#8221;https:\/\/medicusgaia.com\/wp-content\/uploads\/2026\/02\/Prob-intestinals-2.png&#8221; title_text=&#8221;Problemes intestinals&#8221; _builder_version=&#8221;4.27.4&#8243; _module_preset=&#8221;default&#8221; hover_enabled=&#8221;0&#8243; global_colors_info=&#8221;{}&#8221; sticky_enabled=&#8221;0&#8243;][\/et_pb_image][\/et_pb_column][\/et_pb_row][et_pb_row _builder_version=&#8221;4.27.4&#8243; _module_preset=&#8221;default&#8221; custom_padding=&#8221;0px||75px|||&#8221; global_colors_info=&#8221;{}&#8221;][et_pb_column type=&#8221;4_4&#8243; _builder_version=&#8221;4.27.4&#8243; _module_preset=&#8221;default&#8221; global_colors_info=&#8221;{}&#8221;][et_pb_text _builder_version=&#8221;4.27.4&#8243; _module_preset=&#8221;default&#8221; global_colors_info=&#8221;{}&#8221;]<\/p>\n<h4><b>Ozonoter\u00e0pia m\u00e8dica<\/b><\/h4>\n<p>L&#8217;<a href=\"https:\/\/medicusgaia.com\/ca\/tractaments\/ozonoterapia\/\">Ozonoter\u00e0pia m\u00e8dica<\/a> s&#8217;empra en medicina integrativa pel possible paper en la modulaci\u00f3 de la inflamaci\u00f3, el suport a la resposta immunit\u00e0ria i la millora de l&#8217;oxigenaci\u00f3 i el metabolisme tissula, entre molts altres beneficis.<\/p>\n<p><span style=\"font-weight: 400;\">A nivell digestiu, s&#8217;utilitza com a suport en processos on poden coexistir inflamaci\u00f3 de baix grau, disbiosi o estr\u00e8s oxidatiu.<\/span><\/p>\n<p>[\/et_pb_text][\/et_pb_column][\/et_pb_row][et_pb_row column_structure=&#8221;1_3,2_3&#8243; _builder_version=&#8221;4.27.4&#8243; _module_preset=&#8221;default&#8221; min_height=&#8221;625.2px&#8221; custom_padding=&#8221;0px||1px|||&#8221; global_colors_info=&#8221;{}&#8221;][et_pb_column type=&#8221;1_3&#8243; _builder_version=&#8221;4.27.4&#8243; _module_preset=&#8221;default&#8221; global_colors_info=&#8221;{}&#8221;][et_pb_image src=&#8221;https:\/\/medicusgaia.com\/wp-content\/uploads\/2026\/02\/Prob-intestinals-3.png&#8221; title_text=&#8221;Problemes intestinals&#8221; _builder_version=&#8221;4.27.4&#8243; _module_preset=&#8221;default&#8221; hover_enabled=&#8221;0&#8243; global_colors_info=&#8221;{}&#8221; sticky_enabled=&#8221;0&#8243;][\/et_pb_image][\/et_pb_column][et_pb_column type=&#8221;2_3&#8243; _builder_version=&#8221;4.27.4&#8243; _module_preset=&#8221;default&#8221; global_colors_info=&#8221;{}&#8221;][et_pb_text _builder_version=&#8221;4.27.4&#8243; _module_preset=&#8221;default&#8221; custom_margin=&#8221;||28px|||&#8221; global_colors_info=&#8221;{}&#8221;]<\/p>\n<h3><b>Beneficis que aporta<\/b><\/h3>\n<p><span style=\"font-weight: 400;\">La resposta varia segons la persona i la seva situaci\u00f3 cl\u00ednica, per\u00f2 de manera general contribueix a:<\/span><\/p>\n<ul>\n<li style=\"font-weight: 400;\" aria-level=\"1\"><span style=\"font-weight: 400;\">Disminuci\u00f3 de la inflamaci\u00f3 intestinal.<\/span><\/li>\n<li style=\"font-weight: 400;\" aria-level=\"1\"><span style=\"font-weight: 400;\">Reducci\u00f3 del dolor i la distensi\u00f3 abdominal.<\/span><\/li>\n<li style=\"font-weight: 400;\" aria-level=\"1\"><span style=\"font-weight: 400;\">Millor regulaci\u00f3 del tr\u00e0nsit intestinal (tant en diarrea com en restrenyiment).<\/span><\/li>\n<li style=\"font-weight: 400;\" aria-level=\"1\"><span style=\"font-weight: 400;\">Millora del benestar general i del descans.<\/span><\/li>\n<li style=\"font-weight: 400;\" aria-level=\"1\"><span style=\"font-weight: 400;\">Menor sensibilitat digestiva associada a l&#8217;estr\u00e8s.<\/span><\/li>\n<\/ul>\n<p>Com en qualsevol intervenci\u00f3 sanit\u00e0ria, cal una valoraci\u00f3 individualitzada per professionals de la salut per determinar la indicaci\u00f3, descartar patologia org\u00e0nica i definir el pla m\u00e9s adequat.<\/p>\n<p>[\/et_pb_text][et_pb_button button_url=&#8221;https:\/\/medicusgaia.com\/ca\/contacte\/&#8221; button_text=&#8221;Sol\u00b7licitar m\u00e9s informaci\u00f3&#8221; button_alignment=&#8221;left&#8221; disabled_on=&#8221;off|off|off&#8221; _builder_version=&#8221;4.27.4&#8243; _module_preset=&#8221;default&#8221; custom_button=&#8221;on&#8221; button_text_color=&#8221;#FFFFFF&#8221; button_bg_color=&#8221;#2f8e85&#8243; button_border_width=&#8221;0px&#8221; button_use_icon=&#8221;off&#8221; background_layout=&#8221;dark&#8221; custom_margin=&#8221;21px||21px|||&#8221; global_colors_info=&#8221;{}&#8221;][\/et_pb_button][\/et_pb_column][\/et_pb_row][et_pb_row _builder_version=&#8221;4.18.0&#8243; _module_preset=&#8221;default&#8221; global_colors_info=&#8221;{}&#8221;][et_pb_column type=&#8221;4_4&#8243; _builder_version=&#8221;4.18.0&#8243; _module_preset=&#8221;default&#8221; global_colors_info=&#8221;{}&#8221;][et_pb_text _builder_version=&#8221;4.27.0&#8243; _module_preset=&#8221;default&#8221; header_4_line_height=&#8221;1.6em&#8221; global_colors_info=&#8221;{}&#8221;]<\/p>\n<h4 style=\"text-align: center;\">Horaris i Atenci\u00f3<\/h4>\n<p style=\"text-align: center;\">El nostre comprom\u00eds \u00e9s oferir un servei de qualitat amb un tracte hum\u00e0 i proper. Per aix\u00f2, a l&#8217;<strong>Institut de Salut i Medicina Integrativa Medicus Gaia<\/strong>, ens adaptem a les teves necessitats. La nostra consulta est\u00e0 oberta des de les 8 del mat\u00ed fins a les 8 del vespre de dilluns a dijous i els divendres fins a les 17h.<\/p>\n<p>[\/et_pb_text][et_pb_code disabled_on=&#8221;on|on|off&#8221; _builder_version=&#8221;4.27.0&#8243; _module_preset=&#8221;default&#8221; global_colors_info=&#8221;{}&#8221;]<pee style=\"text-align: center;\"><strong><img decoding=\"async\" width=\"36px\" height=\"36px\" style=\"margin-right:16px;vertical-align:middle;\" src=\"\/wp-content\/uploads\/calendario.svg\" alt=\"Icona Calendari\"><span style=\"color: #43988f;\">Dilluns a dijous: 8:00 a 20:00 h. | Divendres: 8:00 a 17:00 h.<\/span><\/strong><\/pee>[\/et_pb_code][et_pb_code disabled_on=&#8221;off|off|on&#8221; _builder_version=&#8221;4.19.5&#8243; _module_preset=&#8221;default&#8221; global_colors_info=&#8221;{}&#8221;]<\/p>\n<div style=\"text-align: center;display:flex;alig-items:center;\"><pee><img decoding=\"async\" width=\"36px\" height=\"36px\" style=\"margin-right:16px;vertical-align:middle;\" src=\"\/wp-content\/uploads\/calendario.svg\"><\/pee><pee style=\"color: #43988f;\"><strong>Dilluns a dijous: 8:00 a 20:00 h. | Divendres: 8:00 a 17:00 h.<\/strong><\/pee><\/div>\n<p>[\/et_pb_code][\/et_pb_column][\/et_pb_row][\/et_pb_section][et_pb_section fb_built=&#8221;1&#8243; fullwidth=&#8221;on&#8221; _builder_version=&#8221;4.18.0&#8243; _module_preset=&#8221;default&#8221; global_module=&#8221;24625&#8243; saved_tabs=&#8221;all&#8221; global_colors_info=&#8221;{}&#8221;][et_pb_fullwidth_slider show_pagination=&#8221;off&#8221; use_bg_overlay=&#8221;off&#8221; use_text_overlay=&#8221;off&#8221; _builder_version=&#8221;4.27.4&#8243; _module_preset=&#8221;default&#8221; background_enable_color=&#8221;off&#8221; background_image=&#8221;https:\/\/medicusgaia.com\/wp-content\/uploads\/2026\/02\/Reserva-tu-cita-1.png&#8221; background_position=&#8221;center_right&#8221; custom_padding=&#8221;11vw||11vw||true|false&#8221; header_font_size_tablet=&#8221;47px&#8221; header_font_size_phone=&#8221;40px&#8221; header_font_size_last_edited=&#8221;on|phone&#8221; text_shadow_style=&#8221;preset3&#8243; text_shadow_color=&#8221;RGBA(255,255,255,0)&#8221; global_colors_info=&#8221;{}&#8221;][et_pb_slide heading=&#8221;Reserva la teva cita&#8221; button_text=&#8221;escriu-nos&#8221; button_link=&#8221;&lt;!&#8211;&#91;CDATA&#91;mailto:info@medicusgaia.com&#93;&#93;&#8211;&gt;&#8221; url_new_window=&#8221;on&#8221; _builder_version=&#8221;4.27.4&#8243; _module_preset=&#8221;default&#8221; custom_button=&#8221;on&#8221; button_text_color=&#8221;#FFFFFF&#8221; button_bg_color=&#8221;#B365A1&#8243; button_border_width=&#8221;0px&#8221; button_letter_spacing=&#8221;2px&#8221; button_font=&#8221;|700|||||||&#8221; button_icon_color=&#8221;#FFFFFF&#8221; button_alignment=&#8221;center&#8221; button_text_2=&#8221;ll\u00e1manos&#8221; button_link_2=&#8221;tel:+34932504555&#8243; global_colors_info=&#8221;{}&#8221; sticky_transition=&#8221;on&#8221;][\/et_pb_slide][\/et_pb_fullwidth_slider][\/et_pb_section]<\/p>\n","protected":false},"excerpt":{"rendered":"<p><div class=\"et_pb_module dsm_typing_effect dsm_typing_effect_0 et_pb_bg_layout_light \">\n\t\t\t\t\n\t\t\t\t\n\t\t\t\t\n\t\t\t\t\n\t\t\t\t\n\t\t\t\t\n\t\t\t\t<div class=\"et_pb_module_inner\">\n\t\t\t\t\t<h1 class=\"dsm-typing-effect et_pb_module_header\"><span class=\"dsm-typing-wrapper\"><span class=\"dsm-typing-strings\">Problemes intestinals<\/span><span class=\"dsm-typing\" data-dsm-typing-cursor=\"|\" data-dsm-typing-strings=\"Problemes intestinals\" data-dsm-typing-speed=30ms data-dsm-typing-backspeed=50ms data-dsm-typing-backdelay=700ms data-dsm-typing-loop=false data-dsm-typing-remove-cursor=off data-dsm-typing-fadeout=false data-dsm-typing-shuffle=false data-dsm-typing-delay=0ms data-dsm-typing-viewport=80% data-dsm-typing-repeat=on><\/span><\/span><\/h1>\n\t\t\t\t<\/div>\n\t\t\t<\/div>Sents que el teu intest\u00ed \u00e9s imprevisible i que aix\u00f2 condiciona el teu dia a dia? Per\u00edodes de restrenyiment seguits d&#8217;episodis de diarrea, dolor abdominal, distensi\u00f3, urg\u00e8ncia per anar al bany o inseguretat constant poden afectar molt la qualitat de vida. [&hellip;]<\/p>\n","protected":false},"author":5,"featured_media":0,"parent":0,"menu_order":0,"comment_status":"closed","ping_status":"closed","template":"","meta":{"_et_pb_use_builder":"on","_et_pb_old_content":"","_et_gb_content_width":"","footnotes":""},"class_list":["post-29034","page","type-page","status-publish","hentry"],"yoast_head":"<!-- This site is optimized with the Yoast SEO plugin v27.4 - https:\/\/yoast.com\/product\/yoast-seo-wordpress\/ -->\n<title>Problemes intestinals | Tractament integratiu a Medicus Gaia<\/title>\n<meta name=\"description\" content=\"Tractem problemes intestinals a Medicus Gaia amb enfocament integratiu combinant neuromodulaci\u00f3 NESA\u00ae i ozonoter\u00e0pia.\" \/>\n<meta name=\"robots\" content=\"index, follow, max-snippet:-1, max-image-preview:large, max-video-preview:-1\" \/>\n<link rel=\"canonical\" href=\"https:\/\/medicusgaia.com\/ca\/problemes-intestinals\/\" \/>\n<meta property=\"og:locale\" content=\"ca_ES\" \/>\n<meta property=\"og:type\" content=\"article\" \/>\n<meta property=\"og:title\" content=\"Problemes intestinals | Tractament integratiu a Medicus Gaia\" \/>\n<meta property=\"og:description\" content=\"Tractem problemes intestinals a Medicus Gaia amb enfocament integratiu combinant neuromodulaci\u00f3 NESA\u00ae i ozonoter\u00e0pia.\" \/>\n<meta property=\"og:url\" content=\"https:\/\/medicusgaia.com\/ca\/problemes-intestinals\/\" \/>\n<meta property=\"og:site_name\" content=\"Medicus Gaia\" \/>\n<meta property=\"article:publisher\" content=\"https:\/\/www.facebook.com\/profile.php?id=100083402287688\" \/>\n<meta name=\"twitter:card\" content=\"summary_large_image\" \/>\n<meta name=\"twitter:label1\" content=\"Temps estimat de lectura\" \/>\n\t<meta name=\"twitter:data1\" content=\"7 minuts\" \/>\n<script type=\"application\/ld+json\" class=\"yoast-schema-graph\">{\"@context\":\"https:\\\/\\\/schema.org\",\"@graph\":[{\"@type\":\"WebPage\",\"@id\":\"https:\\\/\\\/medicusgaia.com\\\/ca\\\/problemes-intestinals\\\/\",\"url\":\"https:\\\/\\\/medicusgaia.com\\\/ca\\\/problemes-intestinals\\\/\",\"name\":\"Problemes intestinals | Tractament integratiu a Medicus Gaia\",\"isPartOf\":{\"@id\":\"https:\\\/\\\/medicusgaia.com\\\/ca\\\/#website\"},\"datePublished\":\"2026-03-06T10:07:59+00:00\",\"description\":\"Tractem problemes intestinals a Medicus Gaia amb enfocament integratiu combinant neuromodulaci\u00f3 NESA\u00ae i ozonoter\u00e0pia.\",\"inLanguage\":\"ca\",\"potentialAction\":[{\"@type\":\"ReadAction\",\"target\":[\"https:\\\/\\\/medicusgaia.com\\\/ca\\\/problemes-intestinals\\\/\"]}]},{\"@type\":\"WebSite\",\"@id\":\"https:\\\/\\\/medicusgaia.com\\\/ca\\\/#website\",\"url\":\"https:\\\/\\\/medicusgaia.com\\\/ca\\\/\",\"name\":\"Medicus Gaia\",\"description\":\"Institut de Salut i Medicina Integrativa\",\"publisher\":{\"@id\":\"https:\\\/\\\/medicusgaia.com\\\/ca\\\/#organization\"},\"potentialAction\":[{\"@type\":\"SearchAction\",\"target\":{\"@type\":\"EntryPoint\",\"urlTemplate\":\"https:\\\/\\\/medicusgaia.com\\\/ca\\\/?s={search_term_string}\"},\"query-input\":{\"@type\":\"PropertyValueSpecification\",\"valueRequired\":true,\"valueName\":\"search_term_string\"}}],\"inLanguage\":\"ca\"},{\"@type\":\"Organization\",\"@id\":\"https:\\\/\\\/medicusgaia.com\\\/ca\\\/#organization\",\"name\":\"Medicus Gaia\",\"url\":\"https:\\\/\\\/medicusgaia.com\\\/ca\\\/\",\"logo\":{\"@type\":\"ImageObject\",\"inLanguage\":\"ca\",\"@id\":\"https:\\\/\\\/medicusgaia.com\\\/ca\\\/#\\\/schema\\\/logo\\\/image\\\/\",\"url\":\"https:\\\/\\\/medicusgaia.com\\\/wp-content\\\/uploads\\\/2024\\\/05\\\/medicus-gaia-institut-de-salut-i-medicina-integrativa-crisitina-pellicer-1.png\",\"contentUrl\":\"https:\\\/\\\/medicusgaia.com\\\/wp-content\\\/uploads\\\/2024\\\/05\\\/medicus-gaia-institut-de-salut-i-medicina-integrativa-crisitina-pellicer-1.png\",\"width\":900,\"height\":346,\"caption\":\"Medicus Gaia\"},\"image\":{\"@id\":\"https:\\\/\\\/medicusgaia.com\\\/ca\\\/#\\\/schema\\\/logo\\\/image\\\/\"},\"sameAs\":[\"https:\\\/\\\/www.facebook.com\\\/profile.php?id=100083402287688\",\"https:\\\/\\\/www.instagram.com\\\/ismi_medicusgaia\\\/\",\"https:\\\/\\\/www.linkedin.com\\\/company\\\/institut-de-salut-i-medicina-integrativa-medicus-gaia\\\/\"]}]}<\/script>\n<!-- \/ Yoast SEO plugin. -->","yoast_head_json":{"title":"Problemes intestinals | Tractament integratiu a Medicus Gaia","description":"Tractem problemes intestinals a Medicus Gaia amb enfocament integratiu combinant neuromodulaci\u00f3 NESA\u00ae i ozonoter\u00e0pia.","robots":{"index":"index","follow":"follow","max-snippet":"max-snippet:-1","max-image-preview":"max-image-preview:large","max-video-preview":"max-video-preview:-1"},"canonical":"https:\/\/medicusgaia.com\/ca\/problemes-intestinals\/","og_locale":"ca_ES","og_type":"article","og_title":"Problemes intestinals | Tractament integratiu a Medicus Gaia","og_description":"Tractem problemes intestinals a Medicus Gaia amb enfocament integratiu combinant neuromodulaci\u00f3 NESA\u00ae i ozonoter\u00e0pia.","og_url":"https:\/\/medicusgaia.com\/ca\/problemes-intestinals\/","og_site_name":"Medicus Gaia","article_publisher":"https:\/\/www.facebook.com\/profile.php?id=100083402287688","twitter_card":"summary_large_image","twitter_misc":{"Temps estimat de lectura":"7 minuts"},"schema":{"@context":"https:\/\/schema.org","@graph":[{"@type":"WebPage","@id":"https:\/\/medicusgaia.com\/ca\/problemes-intestinals\/","url":"https:\/\/medicusgaia.com\/ca\/problemes-intestinals\/","name":"Problemes intestinals | Tractament integratiu a Medicus Gaia","isPartOf":{"@id":"https:\/\/medicusgaia.com\/ca\/#website"},"datePublished":"2026-03-06T10:07:59+00:00","description":"Tractem problemes intestinals a Medicus Gaia amb enfocament integratiu combinant neuromodulaci\u00f3 NESA\u00ae i ozonoter\u00e0pia.","inLanguage":"ca","potentialAction":[{"@type":"ReadAction","target":["https:\/\/medicusgaia.com\/ca\/problemes-intestinals\/"]}]},{"@type":"WebSite","@id":"https:\/\/medicusgaia.com\/ca\/#website","url":"https:\/\/medicusgaia.com\/ca\/","name":"Medicus Gaia","description":"Institut de Salut i Medicina Integrativa","publisher":{"@id":"https:\/\/medicusgaia.com\/ca\/#organization"},"potentialAction":[{"@type":"SearchAction","target":{"@type":"EntryPoint","urlTemplate":"https:\/\/medicusgaia.com\/ca\/?s={search_term_string}"},"query-input":{"@type":"PropertyValueSpecification","valueRequired":true,"valueName":"search_term_string"}}],"inLanguage":"ca"},{"@type":"Organization","@id":"https:\/\/medicusgaia.com\/ca\/#organization","name":"Medicus Gaia","url":"https:\/\/medicusgaia.com\/ca\/","logo":{"@type":"ImageObject","inLanguage":"ca","@id":"https:\/\/medicusgaia.com\/ca\/#\/schema\/logo\/image\/","url":"https:\/\/medicusgaia.com\/wp-content\/uploads\/2024\/05\/medicus-gaia-institut-de-salut-i-medicina-integrativa-crisitina-pellicer-1.png","contentUrl":"https:\/\/medicusgaia.com\/wp-content\/uploads\/2024\/05\/medicus-gaia-institut-de-salut-i-medicina-integrativa-crisitina-pellicer-1.png","width":900,"height":346,"caption":"Medicus Gaia"},"image":{"@id":"https:\/\/medicusgaia.com\/ca\/#\/schema\/logo\/image\/"},"sameAs":["https:\/\/www.facebook.com\/profile.php?id=100083402287688","https:\/\/www.instagram.com\/ismi_medicusgaia\/","https:\/\/www.linkedin.com\/company\/institut-de-salut-i-medicina-integrativa-medicus-gaia\/"]}]}},"_links":{"self":[{"href":"https:\/\/medicusgaia.com\/ca\/wp-json\/wp\/v2\/pages\/29034","targetHints":{"allow":["GET"]}}],"collection":[{"href":"https:\/\/medicusgaia.com\/ca\/wp-json\/wp\/v2\/pages"}],"about":[{"href":"https:\/\/medicusgaia.com\/ca\/wp-json\/wp\/v2\/types\/page"}],"author":[{"embeddable":true,"href":"https:\/\/medicusgaia.com\/ca\/wp-json\/wp\/v2\/users\/5"}],"replies":[{"embeddable":true,"href":"https:\/\/medicusgaia.com\/ca\/wp-json\/wp\/v2\/comments?post=29034"}],"version-history":[{"count":5,"href":"https:\/\/medicusgaia.com\/ca\/wp-json\/wp\/v2\/pages\/29034\/revisions"}],"predecessor-version":[{"id":29097,"href":"https:\/\/medicusgaia.com\/ca\/wp-json\/wp\/v2\/pages\/29034\/revisions\/29097"}],"wp:attachment":[{"href":"https:\/\/medicusgaia.com\/ca\/wp-json\/wp\/v2\/media?parent=29034"}],"curies":[{"name":"wp","href":"https:\/\/api.w.org\/{rel}","templated":true}]}}