{"id":29018,"date":"2026-03-06T11:08:10","date_gmt":"2026-03-06T10:08:10","guid":{"rendered":"https:\/\/medicusgaia.com\/?page_id=29018"},"modified":"2026-03-06T11:08:10","modified_gmt":"2026-03-06T10:08:10","slug":"dolor-cronic","status":"publish","type":"page","link":"https:\/\/medicusgaia.com\/ca\/dolor-cronic\/","title":{"rendered":"Dolor cr\u00f2nic"},"content":{"rendered":"<p>[et_pb_section fb_built=&#8221;1&#8243; disabled_on=&#8221;off|off|off&#8221; admin_label=&#8221;Header&#8221; _builder_version=&#8221;4.27.4&#8243; background_image=&#8221;https:\/\/medicusgaia.com\/wp-content\/uploads\/2025\/07\/NESA.png&#8221; max_width_last_edited=&#8221;off|desktop&#8221; module_alignment=&#8221;center&#8221; custom_padding=&#8221;6vw||0||false|false&#8221; locked=&#8221;off&#8221; global_colors_info=&#8221;{}&#8221;][et_pb_row _builder_version=&#8221;4.16&#8243; global_colors_info=&#8221;{}&#8221;][et_pb_column type=&#8221;4_4&#8243; _builder_version=&#8221;4.16&#8243; custom_padding=&#8221;|||&#8221; global_colors_info=&#8221;{}&#8221; custom_padding__hover=&#8221;|||&#8221;][dsm_typing_effect typing_effect=&#8221;Dolor cr\u00f2nic&#8221; typing_loop=&#8221;off&#8221; typing_speed=&#8221;30ms&#8221; typing_cursor_color=&#8221;#CFD510&#8243; _builder_version=&#8221;4.27.4&#8243; _module_preset=&#8221;default&#8221; header_font=&#8221;|600|||||||&#8221; header_text_color=&#8221;#FFFFFF&#8221; header_font_size=&#8221;48px&#8221; header_font_size_tablet=&#8221;72px&#8221; header_font_size_phone=&#8221;45px&#8221; header_font_size_last_edited=&#8221;on|phone&#8221; global_colors_info=&#8221;{}&#8221;][\/dsm_typing_effect][\/et_pb_column][\/et_pb_row][\/et_pb_section][et_pb_section fb_built=&#8221;1&#8243; custom_padding_last_edited=&#8221;on|phone&#8221; _builder_version=&#8221;4.19.5&#8243; _module_preset=&#8221;default&#8221; background_color=&#8221;#f7faf9&#8243; min_height=&#8221;1565.2px&#8221; custom_margin=&#8221;||||false|false&#8221; custom_margin_tablet=&#8221;||||false|false&#8221; custom_margin_phone=&#8221;0px|0px|0px|0px|false|false&#8221; custom_margin_last_edited=&#8221;on|phone&#8221; custom_padding=&#8221;10px|0px|1px|0px|false|false&#8221; custom_padding_tablet=&#8221;10px|0px|50px|0px|false|false&#8221; custom_padding_phone=&#8221;||50px||false|false&#8221; global_colors_info=&#8221;{}&#8221;][et_pb_row custom_padding_last_edited=&#8221;on|phone&#8221; disabled_on=&#8221;on|on|off&#8221; _builder_version=&#8221;4.19.5&#8243; _module_preset=&#8221;default&#8221; background_color=&#8221;#f7faf9&#8243; custom_margin=&#8221;0px||||false|false&#8221; custom_padding=&#8221;50px|50px|50px|50px|false|false&#8221; custom_padding_tablet=&#8221;50px|50px|50px|50px|false|false&#8221; custom_padding_phone=&#8221;10px|10px|10px|10px|false|false&#8221; global_colors_info=&#8221;{}&#8221;][et_pb_column type=&#8221;4_4&#8243; _builder_version=&#8221;4.19.5&#8243; _module_preset=&#8221;default&#8221; global_colors_info=&#8221;{}&#8221;][et_pb_text _builder_version=&#8221;4.27.4&#8243; _module_preset=&#8221;default&#8221; global_colors_info=&#8221;{}&#8221;]<\/p>\n<p><span style=\"font-weight: 400;\">Quan el malestar deixa de ser puntual i passa a formar part del teu dia a dia, mereix atenci\u00f3.<\/span><\/p>\n<p>Si el dolor o el malestar estan condicionant la teva vida, \u00e9s important saber que hi ha abordatges que poden ajudar, en molts casos sense necessitat de cirurgia ni medicaci\u00f3 cont\u00ednua, i amb bon perfil de toler\u00e0ncia.<\/p>\n<p>Fibromi\u00e0lgia, neur\u00e0lgia del trigemin, migranya, s\u00edndrome de sensibilitat central\u2026<br \/>Dolor persistent que limita, esgota i sovint resulta incompr\u00e8s.<br \/>A aix\u00f2 s&#8217;hi poden sumar insomni, fatiga, ansietat o sensaci\u00f3 de desesperan\u00e7a.<\/p>\n<p><span style=\"font-weight: 400;\">La teva experi\u00e8ncia \u00e9s real. T\u00e9 bases fisiol\u00f2giques i es pot abordar de manera adequada. <\/span><\/p>\n<p>[\/et_pb_text][\/et_pb_column][\/et_pb_row][et_pb_row column_structure=&#8221;3_5,2_5&#8243; _builder_version=&#8221;4.27.4&#8243; _module_preset=&#8221;default&#8221; custom_margin=&#8221;|auto|68px|auto||&#8221; custom_padding=&#8221;||2px|||&#8221; global_colors_info=&#8221;{}&#8221;][et_pb_column type=&#8221;3_5&#8243; _builder_version=&#8221;4.19.5&#8243; _module_preset=&#8221;default&#8221; global_colors_info=&#8221;{}&#8221;][et_pb_text disabled_on=&#8221;on|on|off&#8221; _builder_version=&#8221;4.27.4&#8243; _module_preset=&#8221;default&#8221; header_4_line_height=&#8221;1.6em&#8221; global_colors_info=&#8221;{}&#8221;]<\/p>\n<h3><b>Un enfocament diferent<\/b><\/h3>\n<p>A Institut de Salut i Medicina Integrativa Medicus Gaia (Barcelona) apliquem <a href=\"https:\/\/medicusgaia.com\/ca\/tractaments\/neuromodulacio\/\">Neuromodulaci\u00f3 No Invasiva NESA\u00ae<\/a>, un tractament dirigit al sistema nervi\u00f3s aut\u00f2nom.<\/p>\n<p>La seva finalitat \u00e9s afavorir la regulaci\u00f3 del sistema nervi\u00f3s, donar suport a processos de recuperaci\u00f3 funcional i contribuir a disminuir la percepci\u00f3 de dolor actuant sobre els mecanismes de base que el sostenen.<\/p>\n<h3><b>M\u00e9s enll\u00e0 del s\u00edmptoma<\/b><\/h3>\n<p><span style=\"font-weight: 400;\">L&#8217;objectiu no \u00e9s nom\u00e9s reduir el dolor, sin\u00f3 comprendre com funciona el teu sistema nervi\u00f3s i acompanyar el seu reequilibri.<\/span><span style=\"font-weight: 400;\"><br \/><\/span><span style=\"font-weight: 400;\">Perqu\u00e8 conviure amb dolor constant afecta la qualitat de vida, i hi ha abordatges complementaris que poden aportar suport real.<\/span><\/p>\n<p>[\/et_pb_text][\/et_pb_column][et_pb_column type=&#8221;2_5&#8243; _builder_version=&#8221;4.19.5&#8243; _module_preset=&#8221;default&#8221; global_colors_info=&#8221;{}&#8221;][et_pb_image src=&#8221;https:\/\/medicusgaia.com\/wp-content\/uploads\/2025\/07\/NESA.png&#8221; title_text=&#8221;Neuromodulaci\u00f3 No Invasiva NESA\u00ae&#8221; _builder_version=&#8221;4.27.4&#8243; _module_preset=&#8221;default&#8221; global_colors_info=&#8221;{}&#8221;][\/et_pb_image][\/et_pb_column][\/et_pb_row][et_pb_row column_structure=&#8221;1_3,2_3&#8243; _builder_version=&#8221;4.27.4&#8243; _module_preset=&#8221;default&#8221; min_height=&#8221;625.2px&#8221; custom_padding=&#8221;0px||1px|||&#8221; global_colors_info=&#8221;{}&#8221;][et_pb_column type=&#8221;1_3&#8243; _builder_version=&#8221;4.27.4&#8243; _module_preset=&#8221;default&#8221; global_colors_info=&#8221;{}&#8221;][et_pb_image src=&#8221;https:\/\/medicusgaia.com\/wp-content\/uploads\/2026\/02\/Prob-intestinals-2.png&#8221; title_text=&#8221;NESA&#8221; _builder_version=&#8221;4.27.4&#8243; _module_preset=&#8221;default&#8221; hover_enabled=&#8221;0&#8243; global_colors_info=&#8221;{}&#8221; sticky_enabled=&#8221;0&#8243;][\/et_pb_image][et_pb_button button_url=&#8221;https:\/\/medicusgaia.com\/ca\/contacte\/&#8221; button_text=&#8221;Sol\u00b7licitar m\u00e9s informaci\u00f3&#8221; button_alignment=&#8221;center&#8221; disabled_on=&#8221;off|off|off&#8221; _builder_version=&#8221;4.27.4&#8243; _module_preset=&#8221;default&#8221; custom_button=&#8221;on&#8221; button_text_color=&#8221;#FFFFFF&#8221; button_bg_color=&#8221;#2f8e85&#8243; button_border_width=&#8221;0px&#8221; button_use_icon=&#8221;off&#8221; background_layout=&#8221;dark&#8221; custom_margin=&#8221;21px||21px|||&#8221; global_colors_info=&#8221;{}&#8221;][\/et_pb_button][\/et_pb_column][et_pb_column type=&#8221;2_3&#8243; _builder_version=&#8221;4.27.4&#8243; _module_preset=&#8221;default&#8221; global_colors_info=&#8221;{}&#8221;][et_pb_text _builder_version=&#8221;4.27.4&#8243; _module_preset=&#8221;default&#8221; custom_margin=&#8221;||28px|||&#8221; global_colors_info=&#8221;{}&#8221;]<\/p>\n<h4><b>Beneficis de la Neuromodulaci\u00f3 No Invasiva NESA\u00ae<\/b><\/h4>\n<p><span style=\"font-weight: 400;\">Els resultats varien segons la persona i la seva situaci\u00f3 cl\u00ednica, per\u00f2 de manera general contribueix a:<\/span><\/p>\n<ul>\n<li style=\"font-weight: 400;\" aria-level=\"1\"><span style=\"font-weight: 400;\">Disminuci\u00f3 del dolor cr\u00f2nic i neurop\u00e0tic.<\/span><\/li>\n<li style=\"font-weight: 400;\" aria-level=\"1\"><span style=\"font-weight: 400;\">Millora de la qualitat del son.<\/span><\/li>\n<li style=\"font-weight: 400;\" aria-level=\"1\"><span style=\"font-weight: 400;\">Reducci\u00f3 de l&#8217;activaci\u00f3 sostinguda associada a l&#8217;estr\u00e8s.<\/span><\/li>\n<li style=\"font-weight: 400;\" aria-level=\"1\"><span style=\"font-weight: 400;\">Intervenci\u00f3 sense \u00fas de f\u00e0rmacs i amb bona toler\u00e0ncia.<\/span><\/li>\n<li style=\"font-weight: 400;\" aria-level=\"1\"><span style=\"font-weight: 400;\">Sensaci\u00f3 de benestar m\u00e9s estable en el temps.<\/span><\/li>\n<li style=\"font-weight: 400;\" aria-level=\"1\"><span style=\"font-weight: 400;\">Suport en persones amb quadres complexos o de dif\u00edcil filiaci\u00f3 diagn\u00f2stica.<\/span><\/li>\n<li style=\"font-weight: 400;\" aria-level=\"1\"><span style=\"font-weight: 400;\">Regulaci\u00f3 i reequilibri del sistema nervi\u00f3s aut\u00f2nom.<\/span><\/li>\n<\/ul>\n<p><span style=\"font-weight: 400;\">Com en qualsevol intervenci\u00f3 sanit\u00e0ria, la indicaci\u00f3 s&#8217;ha de valorar de manera individual per professionals de la salut, tenint en compte antecedents, diagn\u00f2stic i objectius terap\u00e8utics.<\/span><\/p>\n<p>[\/et_pb_text][\/et_pb_column][\/et_pb_row][et_pb_row _builder_version=&#8221;4.18.0&#8243; _module_preset=&#8221;default&#8221; global_colors_info=&#8221;{}&#8221;][et_pb_column type=&#8221;4_4&#8243; _builder_version=&#8221;4.18.0&#8243; _module_preset=&#8221;default&#8221; global_colors_info=&#8221;{}&#8221;][et_pb_text _builder_version=&#8221;4.27.0&#8243; _module_preset=&#8221;default&#8221; header_4_line_height=&#8221;1.6em&#8221; global_colors_info=&#8221;{}&#8221;]<\/p>\n<h4 style=\"text-align: center;\">Horaris i Atenci\u00f3<\/h4>\n<p style=\"text-align: center;\">El nostre comprom\u00eds \u00e9s oferir un servei de qualitat amb un tracte hum\u00e0 i proper. Per aix\u00f2, a l&#8217;<strong>Institut de Salut i Medicina Integrativa Medicus Gaia<\/strong>, ens adaptem a les teves necessitats. La nostra consulta est\u00e0 oberta des de les 8 del mat\u00ed fins a les 8 del vespre de dilluns a dijous i els divendres fins a les 17h.<\/p>\n<p>[\/et_pb_text][et_pb_code disabled_on=&#8221;on|on|off&#8221; _builder_version=&#8221;4.27.0&#8243; _module_preset=&#8221;default&#8221; global_colors_info=&#8221;{}&#8221;]<pee style=\"text-align: center;\"><strong><img decoding=\"async\" width=\"36px\" height=\"36px\" style=\"margin-right:16px;vertical-align:middle;\" src=\"\/wp-content\/uploads\/calendario.svg\" alt=\"Icona Calendari\"><span style=\"color: #43988f;\">Dilluns a dijous: 8:00 a 20:00 h. | Divendres: 8:00 a 17:00 h.<\/span><\/strong><\/pee>[\/et_pb_code][et_pb_code disabled_on=&#8221;off|off|on&#8221; _builder_version=&#8221;4.19.5&#8243; _module_preset=&#8221;default&#8221; global_colors_info=&#8221;{}&#8221;]<\/p>\n<div style=\"text-align: center;display:flex;alig-items:center;\"><pee><img decoding=\"async\" width=\"36px\" height=\"36px\" style=\"margin-right:16px;vertical-align:middle;\" src=\"\/wp-content\/uploads\/calendario.svg\"><\/pee><pee style=\"color: #43988f;\"><strong>Dilluns a dijous: 8:00 a 20:00 h. | Divendres: 8:00 a 17:00 h.<\/strong><\/pee><\/div>\n<p>[\/et_pb_code][\/et_pb_column][\/et_pb_row][\/et_pb_section][et_pb_section fb_built=&#8221;1&#8243; fullwidth=&#8221;on&#8221; _builder_version=&#8221;4.18.0&#8243; _module_preset=&#8221;default&#8221; global_module=&#8221;24625&#8243; saved_tabs=&#8221;all&#8221; global_colors_info=&#8221;{}&#8221;][et_pb_fullwidth_slider show_pagination=&#8221;off&#8221; use_bg_overlay=&#8221;off&#8221; use_text_overlay=&#8221;off&#8221; _builder_version=&#8221;4.27.4&#8243; _module_preset=&#8221;default&#8221; background_enable_color=&#8221;off&#8221; background_image=&#8221;https:\/\/medicusgaia.com\/wp-content\/uploads\/2026\/02\/Reserva-tu-cita-1.png&#8221; background_position=&#8221;center_right&#8221; custom_padding=&#8221;11vw||11vw||true|false&#8221; header_font_size_tablet=&#8221;47px&#8221; header_font_size_phone=&#8221;40px&#8221; header_font_size_last_edited=&#8221;on|phone&#8221; text_shadow_style=&#8221;preset3&#8243; text_shadow_color=&#8221;RGBA(255,255,255,0)&#8221; global_colors_info=&#8221;{}&#8221;][et_pb_slide heading=&#8221;Reserva la teva cita&#8221; button_text=&#8221;escriu-nos&#8221; button_link=&#8221;mailto:info@medicusgaia.com&#8221; url_new_window=&#8221;on&#8221; _builder_version=&#8221;4.27.4&#8243; _module_preset=&#8221;default&#8221; custom_button=&#8221;on&#8221; button_text_color=&#8221;#FFFFFF&#8221; button_bg_color=&#8221;#B365A1&#8243; button_border_width=&#8221;0px&#8221; button_letter_spacing=&#8221;2px&#8221; button_font=&#8221;|700|||||||&#8221; button_icon_color=&#8221;#FFFFFF&#8221; button_alignment=&#8221;center&#8221; button_text_2=&#8221;ll\u00e1manos&#8221; button_link_2=&#8221;tel:+34932504555&#8243; global_colors_info=&#8221;{}&#8221; sticky_transition=&#8221;on&#8221;][\/et_pb_slide][\/et_pb_fullwidth_slider][\/et_pb_section]<\/p>\n","protected":false},"excerpt":{"rendered":"<p><div class=\"et_pb_module dsm_typing_effect dsm_typing_effect_0 et_pb_bg_layout_light \">\n\t\t\t\t\n\t\t\t\t\n\t\t\t\t\n\t\t\t\t\n\t\t\t\t\n\t\t\t\t\n\t\t\t\t<div class=\"et_pb_module_inner\">\n\t\t\t\t\t<h1 class=\"dsm-typing-effect et_pb_module_header\"><span class=\"dsm-typing-wrapper\"><span class=\"dsm-typing-strings\">Dolor cr\u00f2nic<\/span><span class=\"dsm-typing\" data-dsm-typing-cursor=\"|\" data-dsm-typing-strings=\"Dolor cr\u00f2nic\" data-dsm-typing-speed=30ms data-dsm-typing-backspeed=50ms data-dsm-typing-backdelay=700ms data-dsm-typing-loop=false data-dsm-typing-remove-cursor=off data-dsm-typing-fadeout=false data-dsm-typing-shuffle=false data-dsm-typing-delay=0ms data-dsm-typing-viewport=80% data-dsm-typing-repeat=on><\/span><\/span><\/h1>\n\t\t\t\t<\/div>\n\t\t\t<\/div>Quan el malestar deixa de ser puntual i passa a formar part del teu dia a dia, mereix atenci\u00f3. Si el dolor o el malestar estan condicionant la teva vida, \u00e9s important saber que hi ha abordatges que poden ajudar, en [&hellip;]<\/p>\n","protected":false},"author":5,"featured_media":0,"parent":0,"menu_order":0,"comment_status":"closed","ping_status":"closed","template":"","meta":{"_et_pb_use_builder":"on","_et_pb_old_content":"","_et_gb_content_width":"","footnotes":""},"class_list":["post-29018","page","type-page","status-publish","hentry"],"yoast_head":"<!-- This site is optimized with the Yoast SEO plugin v27.4 - https:\/\/yoast.com\/product\/yoast-seo-wordpress\/ -->\n<title>Dolor cr\u00f2nic | Neuromodulaci\u00f3 NESA\u00ae a Medicus Gaia<\/title>\n<meta name=\"description\" content=\"Tractament del dolor cr\u00f2nic a Medicus Gaia amb neuromodulaci\u00f3 no invasiva NESA\u00ae per regular el sistema nervi\u00f3s i millorar qualitat de vida\" \/>\n<meta name=\"robots\" content=\"index, follow, max-snippet:-1, max-image-preview:large, max-video-preview:-1\" \/>\n<link rel=\"canonical\" href=\"https:\/\/medicusgaia.com\/ca\/dolor-cronic\/\" \/>\n<meta property=\"og:locale\" content=\"ca_ES\" \/>\n<meta property=\"og:type\" content=\"article\" \/>\n<meta property=\"og:title\" content=\"Dolor cr\u00f2nic | Neuromodulaci\u00f3 NESA\u00ae a Medicus Gaia\" \/>\n<meta property=\"og:description\" content=\"Tractament del dolor cr\u00f2nic a Medicus Gaia amb neuromodulaci\u00f3 no invasiva NESA\u00ae per regular el sistema nervi\u00f3s i millorar qualitat de vida\" \/>\n<meta property=\"og:url\" content=\"https:\/\/medicusgaia.com\/ca\/dolor-cronic\/\" \/>\n<meta property=\"og:site_name\" content=\"Medicus Gaia\" \/>\n<meta property=\"article:publisher\" content=\"https:\/\/www.facebook.com\/profile.php?id=100083402287688\" \/>\n<meta name=\"twitter:card\" content=\"summary_large_image\" \/>\n<meta name=\"twitter:label1\" content=\"Temps estimat de lectura\" \/>\n\t<meta name=\"twitter:data1\" content=\"6 minuts\" \/>\n<script type=\"application\/ld+json\" class=\"yoast-schema-graph\">{\"@context\":\"https:\\\/\\\/schema.org\",\"@graph\":[{\"@type\":\"WebPage\",\"@id\":\"https:\\\/\\\/medicusgaia.com\\\/ca\\\/dolor-cronic\\\/\",\"url\":\"https:\\\/\\\/medicusgaia.com\\\/ca\\\/dolor-cronic\\\/\",\"name\":\"Dolor cr\u00f2nic | Neuromodulaci\u00f3 NESA\u00ae a Medicus Gaia\",\"isPartOf\":{\"@id\":\"https:\\\/\\\/medicusgaia.com\\\/ca\\\/#website\"},\"datePublished\":\"2026-03-06T10:08:10+00:00\",\"description\":\"Tractament del dolor cr\u00f2nic a Medicus Gaia amb neuromodulaci\u00f3 no invasiva NESA\u00ae per regular el sistema nervi\u00f3s i millorar qualitat de vida\",\"inLanguage\":\"ca\",\"potentialAction\":[{\"@type\":\"ReadAction\",\"target\":[\"https:\\\/\\\/medicusgaia.com\\\/ca\\\/dolor-cronic\\\/\"]}]},{\"@type\":\"WebSite\",\"@id\":\"https:\\\/\\\/medicusgaia.com\\\/ca\\\/#website\",\"url\":\"https:\\\/\\\/medicusgaia.com\\\/ca\\\/\",\"name\":\"Medicus Gaia\",\"description\":\"Institut de Salut i Medicina Integrativa\",\"publisher\":{\"@id\":\"https:\\\/\\\/medicusgaia.com\\\/ca\\\/#organization\"},\"potentialAction\":[{\"@type\":\"SearchAction\",\"target\":{\"@type\":\"EntryPoint\",\"urlTemplate\":\"https:\\\/\\\/medicusgaia.com\\\/ca\\\/?s={search_term_string}\"},\"query-input\":{\"@type\":\"PropertyValueSpecification\",\"valueRequired\":true,\"valueName\":\"search_term_string\"}}],\"inLanguage\":\"ca\"},{\"@type\":\"Organization\",\"@id\":\"https:\\\/\\\/medicusgaia.com\\\/ca\\\/#organization\",\"name\":\"Medicus Gaia\",\"url\":\"https:\\\/\\\/medicusgaia.com\\\/ca\\\/\",\"logo\":{\"@type\":\"ImageObject\",\"inLanguage\":\"ca\",\"@id\":\"https:\\\/\\\/medicusgaia.com\\\/ca\\\/#\\\/schema\\\/logo\\\/image\\\/\",\"url\":\"https:\\\/\\\/medicusgaia.com\\\/wp-content\\\/uploads\\\/2024\\\/05\\\/medicus-gaia-institut-de-salut-i-medicina-integrativa-crisitina-pellicer-1.png\",\"contentUrl\":\"https:\\\/\\\/medicusgaia.com\\\/wp-content\\\/uploads\\\/2024\\\/05\\\/medicus-gaia-institut-de-salut-i-medicina-integrativa-crisitina-pellicer-1.png\",\"width\":900,\"height\":346,\"caption\":\"Medicus Gaia\"},\"image\":{\"@id\":\"https:\\\/\\\/medicusgaia.com\\\/ca\\\/#\\\/schema\\\/logo\\\/image\\\/\"},\"sameAs\":[\"https:\\\/\\\/www.facebook.com\\\/profile.php?id=100083402287688\",\"https:\\\/\\\/www.instagram.com\\\/ismi_medicusgaia\\\/\",\"https:\\\/\\\/www.linkedin.com\\\/company\\\/institut-de-salut-i-medicina-integrativa-medicus-gaia\\\/\"]}]}<\/script>\n<!-- \/ Yoast SEO plugin. -->","yoast_head_json":{"title":"Dolor cr\u00f2nic | Neuromodulaci\u00f3 NESA\u00ae a Medicus Gaia","description":"Tractament del dolor cr\u00f2nic a Medicus Gaia amb neuromodulaci\u00f3 no invasiva NESA\u00ae per regular el sistema nervi\u00f3s i millorar qualitat de vida","robots":{"index":"index","follow":"follow","max-snippet":"max-snippet:-1","max-image-preview":"max-image-preview:large","max-video-preview":"max-video-preview:-1"},"canonical":"https:\/\/medicusgaia.com\/ca\/dolor-cronic\/","og_locale":"ca_ES","og_type":"article","og_title":"Dolor cr\u00f2nic | Neuromodulaci\u00f3 NESA\u00ae a Medicus Gaia","og_description":"Tractament del dolor cr\u00f2nic a Medicus Gaia amb neuromodulaci\u00f3 no invasiva NESA\u00ae per regular el sistema nervi\u00f3s i millorar qualitat de vida","og_url":"https:\/\/medicusgaia.com\/ca\/dolor-cronic\/","og_site_name":"Medicus Gaia","article_publisher":"https:\/\/www.facebook.com\/profile.php?id=100083402287688","twitter_card":"summary_large_image","twitter_misc":{"Temps estimat de lectura":"6 minuts"},"schema":{"@context":"https:\/\/schema.org","@graph":[{"@type":"WebPage","@id":"https:\/\/medicusgaia.com\/ca\/dolor-cronic\/","url":"https:\/\/medicusgaia.com\/ca\/dolor-cronic\/","name":"Dolor cr\u00f2nic | Neuromodulaci\u00f3 NESA\u00ae a Medicus Gaia","isPartOf":{"@id":"https:\/\/medicusgaia.com\/ca\/#website"},"datePublished":"2026-03-06T10:08:10+00:00","description":"Tractament del dolor cr\u00f2nic a Medicus Gaia amb neuromodulaci\u00f3 no invasiva NESA\u00ae per regular el sistema nervi\u00f3s i millorar qualitat de vida","inLanguage":"ca","potentialAction":[{"@type":"ReadAction","target":["https:\/\/medicusgaia.com\/ca\/dolor-cronic\/"]}]},{"@type":"WebSite","@id":"https:\/\/medicusgaia.com\/ca\/#website","url":"https:\/\/medicusgaia.com\/ca\/","name":"Medicus Gaia","description":"Institut de Salut i Medicina Integrativa","publisher":{"@id":"https:\/\/medicusgaia.com\/ca\/#organization"},"potentialAction":[{"@type":"SearchAction","target":{"@type":"EntryPoint","urlTemplate":"https:\/\/medicusgaia.com\/ca\/?s={search_term_string}"},"query-input":{"@type":"PropertyValueSpecification","valueRequired":true,"valueName":"search_term_string"}}],"inLanguage":"ca"},{"@type":"Organization","@id":"https:\/\/medicusgaia.com\/ca\/#organization","name":"Medicus Gaia","url":"https:\/\/medicusgaia.com\/ca\/","logo":{"@type":"ImageObject","inLanguage":"ca","@id":"https:\/\/medicusgaia.com\/ca\/#\/schema\/logo\/image\/","url":"https:\/\/medicusgaia.com\/wp-content\/uploads\/2024\/05\/medicus-gaia-institut-de-salut-i-medicina-integrativa-crisitina-pellicer-1.png","contentUrl":"https:\/\/medicusgaia.com\/wp-content\/uploads\/2024\/05\/medicus-gaia-institut-de-salut-i-medicina-integrativa-crisitina-pellicer-1.png","width":900,"height":346,"caption":"Medicus Gaia"},"image":{"@id":"https:\/\/medicusgaia.com\/ca\/#\/schema\/logo\/image\/"},"sameAs":["https:\/\/www.facebook.com\/profile.php?id=100083402287688","https:\/\/www.instagram.com\/ismi_medicusgaia\/","https:\/\/www.linkedin.com\/company\/institut-de-salut-i-medicina-integrativa-medicus-gaia\/"]}]}},"_links":{"self":[{"href":"https:\/\/medicusgaia.com\/ca\/wp-json\/wp\/v2\/pages\/29018","targetHints":{"allow":["GET"]}}],"collection":[{"href":"https:\/\/medicusgaia.com\/ca\/wp-json\/wp\/v2\/pages"}],"about":[{"href":"https:\/\/medicusgaia.com\/ca\/wp-json\/wp\/v2\/types\/page"}],"author":[{"embeddable":true,"href":"https:\/\/medicusgaia.com\/ca\/wp-json\/wp\/v2\/users\/5"}],"replies":[{"embeddable":true,"href":"https:\/\/medicusgaia.com\/ca\/wp-json\/wp\/v2\/comments?post=29018"}],"version-history":[{"count":5,"href":"https:\/\/medicusgaia.com\/ca\/wp-json\/wp\/v2\/pages\/29018\/revisions"}],"predecessor-version":[{"id":29089,"href":"https:\/\/medicusgaia.com\/ca\/wp-json\/wp\/v2\/pages\/29018\/revisions\/29089"}],"wp:attachment":[{"href":"https:\/\/medicusgaia.com\/ca\/wp-json\/wp\/v2\/media?parent=29018"}],"curies":[{"name":"wp","href":"https:\/\/api.w.org\/{rel}","templated":true}]}}