{"id":28805,"date":"2025-12-16T18:22:37","date_gmt":"2025-12-16T17:22:37","guid":{"rendered":"https:\/\/medicusgaia.com\/?page_id=28805"},"modified":"2025-12-16T19:24:23","modified_gmt":"2025-12-16T18:24:23","slug":"altres-marques","status":"publish","type":"page","link":"https:\/\/medicusgaia.com\/ca\/altres-marques\/","title":{"rendered":"Altres marques"},"content":{"rendered":"<p>[et_pb_section fb_built=&#8221;1&#8243; disabled_on=&#8221;off|off|off&#8221; admin_label=&#8221;Header&#8221; _builder_version=&#8221;4.27.4&#8243; background_enable_color=&#8221;off&#8221; use_background_color_gradient=&#8221;on&#8221; background_color_gradient_type=&#8221;circular&#8221; background_color_gradient_direction_radial=&#8221;top left&#8221; background_color_gradient_stops=&#8221;rgba(255,255,255,0.92) 40%|rgba(255,255,255,0) 100%&#8221; background_color_gradient_overlays_image=&#8221;on&#8221; background_color_gradient_start=&#8221;#f8f8f8&#8243; background_color_gradient_start_position=&#8221;40%&#8221; background_color_gradient_end=&#8221;rgba(255,255,255,0)&#8221; background_image=&#8221;https:\/\/medicusgaia.com\/wp-content\/uploads\/2025\/12\/Capcalera-Otras-marcas.png&#8221; background_position=&#8221;center_left&#8221; width=&#8221;100%&#8221; max_width=&#8221;100%&#8221; max_width_last_edited=&#8221;off|desktop&#8221; module_alignment=&#8221;center&#8221; custom_padding=&#8221;13vw||0||false|false&#8221; locked=&#8221;off&#8221; global_colors_info=&#8221;{}&#8221;][et_pb_row _builder_version=&#8221;4.25.0&#8243; global_colors_info=&#8221;{}&#8221;][et_pb_column type=&#8221;4_4&#8243; _builder_version=&#8221;4.16&#8243; custom_padding=&#8221;|||&#8221; global_colors_info=&#8221;{}&#8221; custom_padding__hover=&#8221;|||&#8221;][dsm_typing_effect typing_effect=&#8221;Altres marques&#8221; typing_loop=&#8221;off&#8221; typing_speed=&#8221;30ms&#8221; typing_cursor_color=&#8221;#CFD510&#8243; _builder_version=&#8221;4.27.4&#8243; _module_preset=&#8221;default&#8221; header_font=&#8221;|600|||||||&#8221; header_text_color=&#8221;#00756A&#8221; header_font_size=&#8221;72px&#8221; header_font_size_tablet=&#8221;72px&#8221; header_font_size_phone=&#8221;45px&#8221; header_font_size_last_edited=&#8221;on|phone&#8221; global_colors_info=&#8221;{}&#8221;][\/dsm_typing_effect][et_pb_text _builder_version=&#8221;4.27.4&#8243; _module_preset=&#8221;default&#8221; header_2_font=&#8221;||||||||&#8221; header_2_text_color=&#8221;#00756A&#8221; header_2_font_size=&#8221;19px&#8221; global_colors_info=&#8221;{}&#8221;]<\/p>\n<h2>Institut de Salut i Medicina Integrativa Medicus Gaia<\/h2>\n<p>[\/et_pb_text][\/et_pb_column][\/et_pb_row][\/et_pb_section][et_pb_section fb_built=&#8221;1&#8243; custom_padding_last_edited=&#8221;on|phone&#8221; _builder_version=&#8221;4.19.5&#8243; _module_preset=&#8221;default&#8221; custom_margin=&#8221;0px|0px|0px|0px|false|false&#8221; custom_padding_tablet=&#8221;&#8221; custom_padding_phone=&#8221;20px|0px|20px|0px|false|false&#8221; global_colors_info=&#8221;{}&#8221;][et_pb_row _builder_version=&#8221;4.27.4&#8243; _module_preset=&#8221;default&#8221; global_colors_info=&#8221;{}&#8221;][et_pb_column type=&#8221;4_4&#8243; _builder_version=&#8221;4.27.4&#8243; _module_preset=&#8221;default&#8221; global_colors_info=&#8221;{}&#8221;][et_pb_text _builder_version=&#8221;4.27.4&#8243; _module_preset=&#8221;default&#8221; global_colors_info=&#8221;{}&#8221;]<\/p>\n<p>A l\u2019Institut de Salut i Medicina Integrativa Medicus Gaia <b>col\u00b7laborem amb diferents marques i<\/b> <strong>laboratoris <\/strong>amb els quals compartim valors, manera de treballar i criteris de qualitat, tots ells alineats amb la nostra manera d\u2019entendre la salut i l\u2019acompanyament terap\u00e8utic.<\/p>\n<p>Aquestes marques han estat seleccionades perqu\u00e8 comparteixen una visi\u00f3 respectuosa amb el funcionament de l\u2019organisme i ofereixen productes que utilitzem com a suport dins de determinats abordatges cl\u00ednics. Per facilitar-ne l\u2019acc\u00e9s, els nostres pacients poden adquirir-los directament a trav\u00e9s de les webs oficials de cada laboratori, sovint amb condicions especials o descomptes associats a la nostra cl\u00ednica. <\/p>\n<p>Recorda que, un cop hagis seleccionat els productes que vols i vagis a efectuar la compra, \u00e9s important introduir el<span> <\/span><b>codi de descompte de la cl\u00ednica<\/b><span> <\/span>per poder beneficiar-te del descompte corresponent.<\/p>\n<p>[\/et_pb_text][\/et_pb_column][\/et_pb_row][et_pb_row column_structure=&#8221;1_2,1_2&#8243; _builder_version=&#8221;4.27.4&#8243; _module_preset=&#8221;default&#8221; global_colors_info=&#8221;{}&#8221;][et_pb_column type=&#8221;1_2&#8243; _builder_version=&#8221;4.27.4&#8243; _module_preset=&#8221;default&#8221; global_colors_info=&#8221;{}&#8221;][et_pb_text _builder_version=&#8221;4.27.4&#8243; _module_preset=&#8221;default&#8221; hover_enabled=&#8221;0&#8243; global_colors_info=&#8221;{}&#8221; sticky_enabled=&#8221;0&#8243;]<\/p>\n<h6><strong>NPRO Salut Intestinal<\/strong><\/h6>\n<p><span>Web: <\/span><a href=\"http:\/\/www.npro.es\/\" target=\"_blank\" data-saferedirecturl=\"https:\/\/www.google.com\/url?q=http:\/\/www.npro.es\/&amp;source=gmail&amp;ust=1765988392770000&amp;usg=AOvVaw0APKMszxsHa3rIePGD9JPc\" rel=\"noopener\">www.npro.es<\/a><br \/><span>Com comprar: registra\u2019t com a client i afegeix els productes a la teva cistella. Abans de fer el pagament introdueix el codi de descompte. <\/span><br \/><span>Codi de descompte: <b>medicus<\/b><\/span><span>(en min\u00fasculas)<\/span><br \/><span>Descompte:<\/span> <strong>15%<\/strong><\/p>\n<p><strong><\/strong><\/p>\n<h6><strong>LifeWave<\/strong><br \/><span><\/span><\/h6>\n<p><span>Si est\u00e0s interessat en algun producte, cal que ens avisis pr\u00e8viament per poder-te enviar l&#8217;enlla\u00e7 de compra directa i obtindr\u00e0s un descompte.<\/span><\/p>\n<p><span><\/span><\/p>\n<h6><strong>Bionobo<\/strong><\/h6>\n<p>Web:<span> <\/span><a href=\"https:\/\/bionobo.com\/\" target=\"_blank\" data-saferedirecturl=\"https:\/\/www.google.com\/url?q=https:\/\/bionobo.com\/&amp;source=gmail&amp;ust=1765988392770000&amp;usg=AOvVaw3kH53Ea1JiX5ypJjWAmVEA\" rel=\"noopener\">https:\/\/bionobo.com<\/a><\/p>\n<p><span>Primera compra: introdueix el codi <\/span><strong>Gaia15<\/strong><br \/><span>Descompte primera compra: <\/span><strong>15%<\/strong><\/p>\n<p>Compres posteriors: accedeix a trav\u00e9s d\u2019aquest enlla\u00e7<br \/><a href=\"https:\/\/bionobo.com\/?ref=uhuuyhip\" target=\"_blank\" data-saferedirecturl=\"https:\/\/www.google.com\/url?q=https:\/\/bionobo.com\/?ref%3Duhuuyhip&amp;source=gmail&amp;ust=1765988392770000&amp;usg=AOvVaw0bDZFMEwRSBUXN_qCYO2QY\" rel=\"noopener\">https:\/\/bionobo.com\/?ref=<wbr><\/wbr>uhuuyhip<\/a><br \/><span>Descompte compres posteriors: <\/span><strong>10%<\/strong><\/p>\n<p>Nosaltres recomanem: <b>Reset, Alcalina, Shilajit Dorado i enzims.<\/b><\/p>\n<p><strong><\/strong><\/p>\n<p>[\/et_pb_text][\/et_pb_column][et_pb_column type=&#8221;1_2&#8243; _builder_version=&#8221;4.27.4&#8243; _module_preset=&#8221;default&#8221; global_colors_info=&#8221;{}&#8221;][et_pb_text _builder_version=&#8221;4.27.4&#8243; _module_preset=&#8221;default&#8221; hover_enabled=&#8221;0&#8243; global_colors_info=&#8221;{}&#8221; sticky_enabled=&#8221;0&#8243;]<\/p>\n<h6><strong>Immunotec<\/strong><\/h6>\n<p>D&#8217;aquest laboratori recomanem Immunocal.<br \/>Compra com a client:<br \/><a href=\"https:\/\/www.immunotec.com\/es-ES\/MedicusGaia\" target=\"_blank\" data-saferedirecturl=\"https:\/\/www.google.com\/url?q=https:\/\/www.immunotec.com\/es-ES\/MedicusGaia&amp;source=gmail&amp;ust=1765988392770000&amp;usg=AOvVaw0Dk2hs0UIlPVZuJI2m8-5M\" rel=\"noopener\">https:\/\/www.immunotec.com\/es-<wbr><\/wbr>ES\/MedicusGaia<\/a><br \/>Compra com a consultor (opci\u00f3 recomanada si es prendr\u00e0 m\u00e9s de 3 mesos):<br \/><a href=\"https:\/\/www.immunotec.com\/es-ES\/MedicusGaia\/enrollment\/packs\" target=\"_blank\" data-saferedirecturl=\"https:\/\/www.google.com\/url?q=https:\/\/www.immunotec.com\/es-ES\/MedicusGaia\/enrollment\/packs&amp;source=gmail&amp;ust=1765988392770000&amp;usg=AOvVaw1aaH7sZpuTIRIqoa0fEIPU\" rel=\"noopener\">https:\/\/www.immunotec.com\/es-<wbr><\/wbr>ES\/MedicusGaia\/enrollment\/<wbr><\/wbr>packs<\/a><\/p>\n<h6><strong><\/strong><\/h6>\n<h6><strong>Be Levels<\/strong><\/h6>\n<p>Web:<span> <\/span><a href=\"http:\/\/www.belevels.com\/\" target=\"_blank\" data-saferedirecturl=\"https:\/\/www.google.com\/url?q=http:\/\/www.belevels.com\/&amp;source=gmail&amp;ust=1765988392770000&amp;usg=AOvVaw15kPQXVTIlFm2gjA7YKYVU\" rel=\"noopener\">www.belevels.com<\/a><br \/><span>Codi de descompte: <\/span><strong>MEDICUSGAIA<\/strong><br \/>Descompte:<span> <\/span><strong>5%<\/strong><\/p>\n<p><strong><\/strong><\/p>\n<h6><strong>Bonusan<\/strong><\/h6>\n<p>Per poder comprar amb descompte, cal contactar pr\u00e8viament amb nosaltres per donar-te d&#8217;alta.<br \/>Descompte:<span> <\/span><strong>10%<\/strong><\/p>\n<p><strong><\/strong><\/p>\n<h6><strong>Margan Biotech<\/strong><\/h6>\n<p>Web:<span> <\/span><a href=\"https:\/\/marganbiotech.com\/\" target=\"_blank\" data-saferedirecturl=\"https:\/\/www.google.com\/url?q=https:\/\/marganbiotech.com\/&amp;source=gmail&amp;ust=1765988392770000&amp;usg=AOvVaw3qFGJTom5067M5xNbWl4zO\" rel=\"noopener\">https:\/\/marganbiotech.com<\/a><br \/>Codi de descompte:<span> <\/span><strong>MEDICUSGAIA20<\/strong><br \/>Descompte:<span> <\/span><strong>20%<\/strong><\/p>\n<p><strong><\/strong><\/p>\n<h6><strong>Nutrined<\/strong><\/h6>\n<p>Web:<span> <\/span><a href=\"https:\/\/www.nutrined.com\/nl\" target=\"_blank\" data-saferedirecturl=\"https:\/\/www.google.com\/url?q=https:\/\/www.nutrined.com\/nl&amp;source=gmail&amp;ust=1765988392770000&amp;usg=AOvVaw03zqJT2Xebh_QJ_WcYY5kt\" rel=\"noopener\">https:\/\/www.nutrined.com\/nl<\/a><br \/>Codi de descompte:<span> <\/span><strong>2966<\/strong><\/p>\n<p>[\/et_pb_text][\/et_pb_column][\/et_pb_row][\/et_pb_section][et_pb_section fb_built=&#8221;1&#8243; custom_padding_last_edited=&#8221;on|phone&#8221; _builder_version=&#8221;4.19.5&#8243; _module_preset=&#8221;default&#8221; background_color=&#8221;#f7faf9&#8243; custom_margin=&#8221;0px|0px|0px|0px|false|false&#8221; custom_padding_tablet=&#8221;&#8221; custom_padding_phone=&#8221;20px|0px|0px|0px|false|false&#8221; global_colors_info=&#8221;{}&#8221;][et_pb_row _builder_version=&#8221;4.18.0&#8243; _module_preset=&#8221;default&#8221; global_colors_info=&#8221;{}&#8221;][et_pb_column type=&#8221;4_4&#8243; _builder_version=&#8221;4.18.0&#8243; _module_preset=&#8221;default&#8221; global_colors_info=&#8221;{}&#8221;][et_pb_text _builder_version=&#8221;4.27.0&#8243; _module_preset=&#8221;default&#8221; header_4_line_height=&#8221;1.6em&#8221; global_colors_info=&#8221;{}&#8221;]<\/p>\n<h4 style=\"text-align: center;\">Horaris i Atenci\u00f3<\/h4>\n<p style=\"text-align: center;\">El nostre comprom\u00eds \u00e9s oferir un servei de qualitat amb un tracte hum\u00e0 i proper. Per aix\u00f2, a l&#8217;<strong>Institut de Salut i Medicina Integrativa Medicus Gaia<\/strong>, ens adaptem a les teves necessitats. La nostra consulta est\u00e0 oberta des de les 8 del mat\u00ed fins a les 8 del vespre de dilluns a dijous i els divendres fins a les 17h.<\/p>\n<p>[\/et_pb_text][et_pb_code disabled_on=&#8221;on|on|off&#8221; _builder_version=&#8221;4.27.0&#8243; _module_preset=&#8221;default&#8221; global_colors_info=&#8221;{}&#8221;]<pee style=\"text-align: center;\"><strong><img decoding=\"async\" width=\"36px\" height=\"36px\" style=\"margin-right:16px;vertical-align:middle;\" src=\"\/wp-content\/uploads\/calendario.svg\" alt=\"Icona Calendari\"><span style=\"color: #43988f;\">Dilluns a dijous: 8:00 a 20:00 h. | Divendres: 8:00 a 17:00 h.<\/span><\/strong><\/pee>[\/et_pb_code][et_pb_code disabled_on=&#8221;off|off|on&#8221; _builder_version=&#8221;4.19.5&#8243; _module_preset=&#8221;default&#8221; global_colors_info=&#8221;{}&#8221;]<\/p>\n<div style=\"text-align: center;display:flex;alig-items:center;\"><pee><img decoding=\"async\" width=\"36px\" height=\"36px\" style=\"margin-right:16px;vertical-align:middle;\" src=\"\/wp-content\/uploads\/calendario.svg\"><\/pee><pee style=\"color: #43988f;\"><strong>Dilluns a dijous: 8:00 a 20:00 h. | Divendres: 8:00 a 17:00 h.<\/strong><\/pee><\/div>\n<p>[\/et_pb_code][\/et_pb_column][\/et_pb_row][\/et_pb_section][et_pb_section fb_built=&#8221;1&#8243; fullwidth=&#8221;on&#8221; _builder_version=&#8221;4.18.0&#8243; _module_preset=&#8221;default&#8221; global_module=&#8221;24625&#8243; saved_tabs=&#8221;all&#8221; global_colors_info=&#8221;{}&#8221;][et_pb_fullwidth_slider show_pagination=&#8221;off&#8221; use_bg_overlay=&#8221;off&#8221; use_text_overlay=&#8221;off&#8221; _builder_version=&#8221;4.27.4&#8243; _module_preset=&#8221;default&#8221; background_enable_color=&#8221;off&#8221; background_image=&#8221;https:\/\/medicusgaia.com\/wp-content\/uploads\/2023\/11\/Desktop_banner_cita.webp&#8221; parallax=&#8221;on&#8221; parallax_method=&#8221;on&#8221; custom_padding=&#8221;11vw||11vw||true|false&#8221; header_font_size_tablet=&#8221;47px&#8221; header_font_size_phone=&#8221;40px&#8221; header_font_size_last_edited=&#8221;on|phone&#8221; text_shadow_style=&#8221;preset3&#8243; text_shadow_color=&#8221;RGBA(255,255,255,0)&#8221; global_colors_info=&#8221;{}&#8221;][et_pb_slide heading=&#8221;Reserva la teva cita&#8221; button_text=&#8221;escriu-nos&#8221; button_link=&#8221;mailto:info@medicusgaia.com&#8221; url_new_window=&#8221;on&#8221; _builder_version=&#8221;4.27.4&#8243; _module_preset=&#8221;default&#8221; custom_button=&#8221;on&#8221; button_text_color=&#8221;#FFFFFF&#8221; button_bg_color=&#8221;#B365A1&#8243; button_border_width=&#8221;0px&#8221; button_letter_spacing=&#8221;2px&#8221; button_font=&#8221;|700|||||||&#8221; button_icon_color=&#8221;#FFFFFF&#8221; button_alignment=&#8221;center&#8221; button_text_2=&#8221;ll\u00e1manos&#8221; button_link_2=&#8221;tel:+34932504555&#8243; global_colors_info=&#8221;{}&#8221; sticky_transition=&#8221;on&#8221;][\/et_pb_slide][\/et_pb_fullwidth_slider][\/et_pb_section]<\/p>\n","protected":false},"excerpt":{"rendered":"<p><div class=\"et_pb_module dsm_typing_effect dsm_typing_effect_0 et_pb_bg_layout_light \">\n\t\t\t\t\n\t\t\t\t\n\t\t\t\t\n\t\t\t\t\n\t\t\t\t\n\t\t\t\t\n\t\t\t\t<div class=\"et_pb_module_inner\">\n\t\t\t\t\t<h1 class=\"dsm-typing-effect et_pb_module_header\"><span class=\"dsm-typing-wrapper\"><span class=\"dsm-typing-strings\">Altres marques<\/span><span class=\"dsm-typing\" data-dsm-typing-cursor=\"|\" data-dsm-typing-strings=\"Altres marques\" data-dsm-typing-speed=30ms data-dsm-typing-backspeed=50ms data-dsm-typing-backdelay=700ms data-dsm-typing-loop=false data-dsm-typing-remove-cursor=off data-dsm-typing-fadeout=false data-dsm-typing-shuffle=false data-dsm-typing-delay=0ms data-dsm-typing-viewport=80% data-dsm-typing-repeat=on><\/span><\/span><\/h1>\n\t\t\t\t<\/div>\n\t\t\t<\/div>Institut de Salut i Medicina Integrativa Medicus GaiaA l\u2019Institut de Salut i Medicina Integrativa Medicus Gaia col\u00b7laborem amb diferents marques i laboratoris amb els quals compartim valors, manera de treballar i criteris de qualitat, tots ells alineats amb la nostra manera [&hellip;]<\/p>\n","protected":false},"author":5,"featured_media":0,"parent":0,"menu_order":0,"comment_status":"closed","ping_status":"closed","template":"","meta":{"_et_pb_use_builder":"on","_et_pb_old_content":"","_et_gb_content_width":"","footnotes":""},"class_list":["post-28805","page","type-page","status-publish","hentry"],"yoast_head":"<!-- This site is optimized with the Yoast SEO plugin v27.3 - https:\/\/yoast.com\/product\/yoast-seo-wordpress\/ -->\n<title>Altres marques de productes de salut integrativa | Medicus Gaia<\/title>\n<meta name=\"description\" content=\"Altres marques de productes amb qu\u00e8 treballa Medicus Gaia: qualitat, evid\u00e8ncia cient\u00edfica i suport terap\u00e8utic en salut integrativa.\" \/>\n<meta name=\"robots\" content=\"index, follow, max-snippet:-1, max-image-preview:large, max-video-preview:-1\" \/>\n<link rel=\"canonical\" href=\"https:\/\/medicusgaia.com\/ca\/altres-marques\/\" \/>\n<meta property=\"og:locale\" content=\"ca_ES\" \/>\n<meta property=\"og:type\" content=\"article\" \/>\n<meta property=\"og:title\" content=\"Altres marques de productes de salut integrativa | Medicus Gaia\" \/>\n<meta property=\"og:description\" content=\"Altres marques de productes amb qu\u00e8 treballa Medicus Gaia: qualitat, evid\u00e8ncia cient\u00edfica i suport terap\u00e8utic en salut integrativa.\" \/>\n<meta property=\"og:url\" content=\"https:\/\/medicusgaia.com\/ca\/altres-marques\/\" \/>\n<meta property=\"og:site_name\" content=\"Medicus Gaia\" \/>\n<meta property=\"article:publisher\" content=\"https:\/\/www.facebook.com\/profile.php?id=100083402287688\" \/>\n<meta property=\"article:modified_time\" content=\"2025-12-16T18:24:23+00:00\" \/>\n<meta name=\"twitter:card\" content=\"summary_large_image\" \/>\n<meta name=\"twitter:label1\" content=\"Temps estimat de lectura\" \/>\n\t<meta name=\"twitter:data1\" content=\"5 minuts\" \/>\n<script type=\"application\/ld+json\" class=\"yoast-schema-graph\">{\"@context\":\"https:\\\/\\\/schema.org\",\"@graph\":[{\"@type\":\"WebPage\",\"@id\":\"https:\\\/\\\/medicusgaia.com\\\/ca\\\/altres-marques\\\/\",\"url\":\"https:\\\/\\\/medicusgaia.com\\\/ca\\\/altres-marques\\\/\",\"name\":\"Altres marques de productes de salut integrativa | Medicus Gaia\",\"isPartOf\":{\"@id\":\"https:\\\/\\\/medicusgaia.com\\\/ca\\\/#website\"},\"datePublished\":\"2025-12-16T17:22:37+00:00\",\"dateModified\":\"2025-12-16T18:24:23+00:00\",\"description\":\"Altres marques de productes amb qu\u00e8 treballa Medicus Gaia: qualitat, evid\u00e8ncia cient\u00edfica i suport terap\u00e8utic en salut integrativa.\",\"inLanguage\":\"ca\",\"potentialAction\":[{\"@type\":\"ReadAction\",\"target\":[\"https:\\\/\\\/medicusgaia.com\\\/ca\\\/altres-marques\\\/\"]}]},{\"@type\":\"WebSite\",\"@id\":\"https:\\\/\\\/medicusgaia.com\\\/ca\\\/#website\",\"url\":\"https:\\\/\\\/medicusgaia.com\\\/ca\\\/\",\"name\":\"Medicus Gaia\",\"description\":\"Institut de Salut i Medicina Integrativa\",\"publisher\":{\"@id\":\"https:\\\/\\\/medicusgaia.com\\\/ca\\\/#organization\"},\"potentialAction\":[{\"@type\":\"SearchAction\",\"target\":{\"@type\":\"EntryPoint\",\"urlTemplate\":\"https:\\\/\\\/medicusgaia.com\\\/ca\\\/?s={search_term_string}\"},\"query-input\":{\"@type\":\"PropertyValueSpecification\",\"valueRequired\":true,\"valueName\":\"search_term_string\"}}],\"inLanguage\":\"ca\"},{\"@type\":\"Organization\",\"@id\":\"https:\\\/\\\/medicusgaia.com\\\/ca\\\/#organization\",\"name\":\"Medicus Gaia\",\"url\":\"https:\\\/\\\/medicusgaia.com\\\/ca\\\/\",\"logo\":{\"@type\":\"ImageObject\",\"inLanguage\":\"ca\",\"@id\":\"https:\\\/\\\/medicusgaia.com\\\/ca\\\/#\\\/schema\\\/logo\\\/image\\\/\",\"url\":\"https:\\\/\\\/medicusgaia.com\\\/wp-content\\\/uploads\\\/2024\\\/05\\\/medicus-gaia-institut-de-salut-i-medicina-integrativa-crisitina-pellicer-1.png\",\"contentUrl\":\"https:\\\/\\\/medicusgaia.com\\\/wp-content\\\/uploads\\\/2024\\\/05\\\/medicus-gaia-institut-de-salut-i-medicina-integrativa-crisitina-pellicer-1.png\",\"width\":900,\"height\":346,\"caption\":\"Medicus Gaia\"},\"image\":{\"@id\":\"https:\\\/\\\/medicusgaia.com\\\/ca\\\/#\\\/schema\\\/logo\\\/image\\\/\"},\"sameAs\":[\"https:\\\/\\\/www.facebook.com\\\/profile.php?id=100083402287688\",\"https:\\\/\\\/www.instagram.com\\\/ismi_medicusgaia\\\/\",\"https:\\\/\\\/www.linkedin.com\\\/company\\\/institut-de-salut-i-medicina-integrativa-medicus-gaia\\\/\"]}]}<\/script>\n<!-- \/ Yoast SEO plugin. -->","yoast_head_json":{"title":"Altres marques de productes de salut integrativa | Medicus Gaia","description":"Altres marques de productes amb qu\u00e8 treballa Medicus Gaia: qualitat, evid\u00e8ncia cient\u00edfica i suport terap\u00e8utic en salut integrativa.","robots":{"index":"index","follow":"follow","max-snippet":"max-snippet:-1","max-image-preview":"max-image-preview:large","max-video-preview":"max-video-preview:-1"},"canonical":"https:\/\/medicusgaia.com\/ca\/altres-marques\/","og_locale":"ca_ES","og_type":"article","og_title":"Altres marques de productes de salut integrativa | Medicus Gaia","og_description":"Altres marques de productes amb qu\u00e8 treballa Medicus Gaia: qualitat, evid\u00e8ncia cient\u00edfica i suport terap\u00e8utic en salut integrativa.","og_url":"https:\/\/medicusgaia.com\/ca\/altres-marques\/","og_site_name":"Medicus Gaia","article_publisher":"https:\/\/www.facebook.com\/profile.php?id=100083402287688","article_modified_time":"2025-12-16T18:24:23+00:00","twitter_card":"summary_large_image","twitter_misc":{"Temps estimat de lectura":"5 minuts"},"schema":{"@context":"https:\/\/schema.org","@graph":[{"@type":"WebPage","@id":"https:\/\/medicusgaia.com\/ca\/altres-marques\/","url":"https:\/\/medicusgaia.com\/ca\/altres-marques\/","name":"Altres marques de productes de salut integrativa | Medicus Gaia","isPartOf":{"@id":"https:\/\/medicusgaia.com\/ca\/#website"},"datePublished":"2025-12-16T17:22:37+00:00","dateModified":"2025-12-16T18:24:23+00:00","description":"Altres marques de productes amb qu\u00e8 treballa Medicus Gaia: qualitat, evid\u00e8ncia cient\u00edfica i suport terap\u00e8utic en salut integrativa.","inLanguage":"ca","potentialAction":[{"@type":"ReadAction","target":["https:\/\/medicusgaia.com\/ca\/altres-marques\/"]}]},{"@type":"WebSite","@id":"https:\/\/medicusgaia.com\/ca\/#website","url":"https:\/\/medicusgaia.com\/ca\/","name":"Medicus Gaia","description":"Institut de Salut i Medicina Integrativa","publisher":{"@id":"https:\/\/medicusgaia.com\/ca\/#organization"},"potentialAction":[{"@type":"SearchAction","target":{"@type":"EntryPoint","urlTemplate":"https:\/\/medicusgaia.com\/ca\/?s={search_term_string}"},"query-input":{"@type":"PropertyValueSpecification","valueRequired":true,"valueName":"search_term_string"}}],"inLanguage":"ca"},{"@type":"Organization","@id":"https:\/\/medicusgaia.com\/ca\/#organization","name":"Medicus Gaia","url":"https:\/\/medicusgaia.com\/ca\/","logo":{"@type":"ImageObject","inLanguage":"ca","@id":"https:\/\/medicusgaia.com\/ca\/#\/schema\/logo\/image\/","url":"https:\/\/medicusgaia.com\/wp-content\/uploads\/2024\/05\/medicus-gaia-institut-de-salut-i-medicina-integrativa-crisitina-pellicer-1.png","contentUrl":"https:\/\/medicusgaia.com\/wp-content\/uploads\/2024\/05\/medicus-gaia-institut-de-salut-i-medicina-integrativa-crisitina-pellicer-1.png","width":900,"height":346,"caption":"Medicus Gaia"},"image":{"@id":"https:\/\/medicusgaia.com\/ca\/#\/schema\/logo\/image\/"},"sameAs":["https:\/\/www.facebook.com\/profile.php?id=100083402287688","https:\/\/www.instagram.com\/ismi_medicusgaia\/","https:\/\/www.linkedin.com\/company\/institut-de-salut-i-medicina-integrativa-medicus-gaia\/"]}]}},"_links":{"self":[{"href":"https:\/\/medicusgaia.com\/ca\/wp-json\/wp\/v2\/pages\/28805","targetHints":{"allow":["GET"]}}],"collection":[{"href":"https:\/\/medicusgaia.com\/ca\/wp-json\/wp\/v2\/pages"}],"about":[{"href":"https:\/\/medicusgaia.com\/ca\/wp-json\/wp\/v2\/types\/page"}],"author":[{"embeddable":true,"href":"https:\/\/medicusgaia.com\/ca\/wp-json\/wp\/v2\/users\/5"}],"replies":[{"embeddable":true,"href":"https:\/\/medicusgaia.com\/ca\/wp-json\/wp\/v2\/comments?post=28805"}],"version-history":[{"count":7,"href":"https:\/\/medicusgaia.com\/ca\/wp-json\/wp\/v2\/pages\/28805\/revisions"}],"predecessor-version":[{"id":28823,"href":"https:\/\/medicusgaia.com\/ca\/wp-json\/wp\/v2\/pages\/28805\/revisions\/28823"}],"wp:attachment":[{"href":"https:\/\/medicusgaia.com\/ca\/wp-json\/wp\/v2\/media?parent=28805"}],"curies":[{"name":"wp","href":"https:\/\/api.w.org\/{rel}","templated":true}]}}