{"id":28637,"date":"2025-11-05T15:37:27","date_gmt":"2025-11-05T14:37:27","guid":{"rendered":"https:\/\/medicusgaia.com\/?page_id=28637"},"modified":"2025-11-05T15:48:32","modified_gmt":"2025-11-05T14:48:32","slug":"zinzino-i-medicus-gaia","status":"publish","type":"page","link":"https:\/\/medicusgaia.com\/ca\/zinzino-i-medicus-gaia\/","title":{"rendered":"Zinzino"},"content":{"rendered":"<p>[et_pb_section fb_built=&#8221;1&#8243; disabled_on=&#8221;off|off|off&#8221; admin_label=&#8221;Header&#8221; _builder_version=&#8221;4.27.4&#8243; background_enable_color=&#8221;off&#8221; use_background_color_gradient=&#8221;on&#8221; background_color_gradient_type=&#8221;circular&#8221; background_color_gradient_direction_radial=&#8221;top left&#8221; background_color_gradient_stops=&#8221;rgba(255,255,255,0.92) 40%|rgba(255,255,255,0) 100%&#8221; background_color_gradient_overlays_image=&#8221;on&#8221; background_color_gradient_start=&#8221;#f8f8f8&#8243; background_color_gradient_start_position=&#8221;40%&#8221; background_color_gradient_end=&#8221;rgba(255,255,255,0)&#8221; background_image=&#8221;https:\/\/medicusgaia.com\/wp-content\/uploads\/2025\/11\/Zinzino-Cabecera-web.jpg&#8221; background_position=&#8221;center_left&#8221; max_width_last_edited=&#8221;off|desktop&#8221; module_alignment=&#8221;center&#8221; custom_padding=&#8221;13vw||0||false|false&#8221; hover_enabled=&#8221;0&#8243; locked=&#8221;off&#8221; global_colors_info=&#8221;{}&#8221; width=&#8221;100%&#8221; max_width=&#8221;100%&#8221; sticky_enabled=&#8221;0&#8243;][et_pb_row _builder_version=&#8221;4.25.0&#8243; global_colors_info=&#8221;{}&#8221;][et_pb_column type=&#8221;4_4&#8243; _builder_version=&#8221;4.16&#8243; custom_padding=&#8221;|||&#8221; global_colors_info=&#8221;{}&#8221; custom_padding__hover=&#8221;|||&#8221;][dsm_typing_effect typing_effect=&#8221;Zinzino&#8221; typing_loop=&#8221;off&#8221; typing_speed=&#8221;30ms&#8221; typing_cursor_color=&#8221;#CFD510&#8243; _builder_version=&#8221;4.27.4&#8243; _module_preset=&#8221;default&#8221; header_font=&#8221;|600|||||||&#8221; header_text_color=&#8221;#00756A&#8221; header_font_size=&#8221;72px&#8221; header_font_size_tablet=&#8221;72px&#8221; header_font_size_phone=&#8221;45px&#8221; header_font_size_last_edited=&#8221;on|phone&#8221; global_colors_info=&#8221;{}&#8221;][\/dsm_typing_effect][et_pb_text _builder_version=&#8221;4.27.4&#8243; _module_preset=&#8221;default&#8221; header_2_font=&#8221;||||||||&#8221; header_2_text_color=&#8221;#00756A&#8221; header_2_font_size=&#8221;19px&#8221; global_colors_info=&#8221;{}&#8221;]<\/p>\n<h2>Institut de Salut i Medicina Integrativa Medicus Gaia<\/h2>\n<p>[\/et_pb_text][\/et_pb_column][\/et_pb_row][\/et_pb_section][et_pb_section fb_built=&#8221;1&#8243; custom_padding_last_edited=&#8221;on|phone&#8221; _builder_version=&#8221;4.19.5&#8243; _module_preset=&#8221;default&#8221; custom_margin=&#8221;0px|0px|0px|0px|false|false&#8221; custom_padding_tablet=&#8221;&#8221; custom_padding_phone=&#8221;20px|0px|20px|0px|false|false&#8221; global_colors_info=&#8221;{}&#8221;][et_pb_row column_structure=&#8221;1_2,1_2&#8243; _builder_version=&#8221;4.25.1&#8243; _module_preset=&#8221;default&#8221; min_height=&#8221;576.8px&#8221; custom_margin=&#8221;0px||0px||false|false&#8221; custom_padding=&#8221;0px||0px||false|false&#8221; global_colors_info=&#8221;{}&#8221;][et_pb_column type=&#8221;1_2&#8243; _builder_version=&#8221;4.18.0&#8243; _module_preset=&#8221;default&#8221; global_colors_info=&#8221;{}&#8221;][et_pb_code disabled_on=&#8221;on|on|off&#8221; _builder_version=&#8221;4.27.4&#8243; _module_preset=&#8221;default&#8221; width=&#8221;100%&#8221; custom_margin=&#8221;||0px||false|false&#8221; custom_margin_tablet=&#8221;&#8221; custom_margin_phone=&#8221;50px||0px||false|false&#8221; custom_margin_last_edited=&#8221;on|phone&#8221; custom_padding=&#8221;||0px||false|false&#8221; global_colors_info=&#8221;{}&#8221;]<\/p>\n<h2 style=\"font-size:43px\" class=\"title-h2\"><!-- [et_pb_line_break_holder] -->Per qu\u00e8 treballem amb Zinzino?<!-- [et_pb_line_break_holder] --><\/h2>\n<p><!-- [et_pb_line_break_holder] --><\/p>\n<style><!-- [et_pb_line_break_holder] -->  h4{<!-- [et_pb_line_break_holder] -->color: #1A171B;<!-- [et_pb_line_break_holder] --><!-- [et_pb_line_break_holder] -->font-family: Libre Baskerville;<!-- [et_pb_line_break_holder] -->font-size: 43px;<!-- [et_pb_line_break_holder] -->font-style: normal;<!-- [et_pb_line_break_holder] -->font-weight: 400;<!-- [et_pb_line_break_holder] -->line-height: 60.2px; \/* 140% *\/<!-- [et_pb_line_break_holder] -->  }<!-- [et_pb_line_break_holder] -->  @media (max-width: 768px) {<!-- [et_pb_line_break_holder] -->   h2,h4{<!-- [et_pb_line_break_holder] -->font-size: 30px ;<!-- [et_pb_line_break_holder] -->line-height: normal !important;<!-- [et_pb_line_break_holder] -->    }<!-- [et_pb_line_break_holder] -->    h1{font-size: 26px !important;}<!-- [et_pb_line_break_holder] -->    .title-h2 h2{font-size:26px !important;}<!-- [et_pb_line_break_holder] -->  }<!-- [et_pb_line_break_holder] --><\/style>\n<p><!-- [et_pb_line_break_holder] --><!-- [et_pb_line_break_holder] -->[\/et_pb_code][et_pb_code disabled_on=&#8221;off|off|on&#8221; _builder_version=&#8221;4.27.4&#8243; _module_preset=&#8221;default&#8221; custom_margin_tablet=&#8221;&#8221; custom_margin_phone=&#8221;50px||0px||false|false&#8221; custom_margin_last_edited=&#8221;on|phone&#8221; custom_padding=&#8221;||0px||false|false&#8221; global_colors_info=&#8221;{}&#8221;]<\/p>\n<h2 style=\"font-size:26px\" class=\"title-h2\"><!-- [et_pb_line_break_holder] -->Per qu\u00e8 treballem amb Zinzino?<!-- [et_pb_line_break_holder] --><\/h2>\n<p><!-- [et_pb_line_break_holder] --><\/p>\n<style><!-- [et_pb_line_break_holder] -->  h4{<!-- [et_pb_line_break_holder] -->color: #1A171B;<!-- [et_pb_line_break_holder] --><!-- [et_pb_line_break_holder] -->font-family: Libre Baskerville;<!-- [et_pb_line_break_holder] -->font-size: 43px;<!-- [et_pb_line_break_holder] -->font-style: normal;<!-- [et_pb_line_break_holder] -->font-weight: 400;<!-- [et_pb_line_break_holder] -->line-height: 60.2px; \/* 140% *\/<!-- [et_pb_line_break_holder] -->  }<!-- [et_pb_line_break_holder] -->  @media (max-width: 768px) {<!-- [et_pb_line_break_holder] -->   h2,h4{<!-- [et_pb_line_break_holder] -->font-size: 30px ;<!-- [et_pb_line_break_holder] -->line-height: normal !important;<!-- [et_pb_line_break_holder] -->    }<!-- [et_pb_line_break_holder] -->    h1{font-size: 26px !important;}<!-- [et_pb_line_break_holder] -->    .title-h2 h2{font-size:26px !important;}<!-- [et_pb_line_break_holder] -->  }<!-- [et_pb_line_break_holder] --><\/style>\n<p><!-- [et_pb_line_break_holder] --><!-- [et_pb_line_break_holder] -->[\/et_pb_code][et_pb_code _builder_version=&#8221;4.19.5&#8243; _module_preset=&#8221;default&#8221; global_colors_info=&#8221;{}&#8221;][\/et_pb_code][et_pb_text _builder_version=&#8221;4.27.4&#8243; _module_preset=&#8221;default&#8221; width=&#8221;100%&#8221; global_colors_info=&#8221;{}&#8221;]<\/p>\n<p><span>A l&#8217;Institut de Salut i Medicina Integrativa Medicus Gaia, la nostra missi\u00f3 \u00e9s oferir a cada pacient un enfocament integral i personalitzat de la salut, combinant medicina convencional i ter\u00e0pies complement\u00e0ries, amb la Psiconeuroimmunologia (PNI) cl\u00ednica com a eix central. Aquest comprom\u00eds amb el rigor cient\u00edfic ens exigeix \u200b\u200bser molt selectius amb les marques i els productes que integrem en els nostres tractaments. <\/span><\/p>\n<p><span>Per aix\u00f2, la col\u00b7laboraci\u00f3 amb <a href=\"https:\/\/www.zinzino.com\/site\/es\/es-es\/\" target=\"_blank\" data-saferedirecturl=\"https:\/\/www.google.com\/url?q=https:\/\/www.zinzino.com\/site\/es\/es-es\/&amp;source=gmail&amp;ust=1762429811228000&amp;usg=AOvVaw1yIWarvuhEcpIOWZggzsXW\" rel=\"noopener\">Zinzino<\/a> no \u00e9s casual, sin\u00f3 una extensi\u00f3 natural de la nostra filosofia. La nostra cl\u00ednica treballa nom\u00e9s amb marques que garanteixen qualitat, transpar\u00e8ncia i suport cient\u00edfic. Zinzino representa aquesta excel\u00b7l\u00e8ncia. El seu enfocament s&#8217;ajusta perfectament al nostre model, adaptat a les necessitats individuals de cada pacient.   <\/span><\/p>\n<p><span>L&#8217;alian\u00e7a es basa en el comprom\u00eds amb la ci\u00e8ncia basada en evid\u00e8ncia. El seu lema, &#8220;Respaldat per la ci\u00e8ncia, impulsat per la naturalesa. Demostrat per escrit&#8221;, reflecteix una metodologia que va m\u00e9s enll\u00e0 de la suplementaci\u00f3. Els seus productes, com l&#8217;exclusiu Omega-3, destaquen per la qualitat i els BalanceTests, que permeten mesurar de manera objectiva l&#8217;equilibri d&#8217;\u00e0cids grassos del pacient, amb m\u00e9s de 1,5 milions de proves realitzades a tot el m\u00f3n.  <\/span><\/p>\n<p>[\/et_pb_text][\/et_pb_column][et_pb_column type=&#8221;1_2&#8243; _builder_version=&#8221;4.19.5&#8243; _module_preset=&#8221;default&#8221; global_colors_info=&#8221;{}&#8221;][et_pb_image src=&#8221;https:\/\/medicusgaia.com\/wp-content\/uploads\/2025\/11\/2-1.jpg&#8221; alt=&#8221;hipert\u00e8rmia&#8221; title_text=&#8221;Zinzino i Medicus Gaia principal 2&#8243; disabled_on=&#8221;on|on|off&#8221; _builder_version=&#8221;4.27.4&#8243; _module_preset=&#8221;default&#8221; width=&#8221;100%&#8221; module_alignment=&#8221;center&#8221; custom_margin=&#8221;|||-99px||&#8221; custom_padding=&#8221;0px|||0px|false|false&#8221; global_colors_info=&#8221;{}&#8221;][\/et_pb_image][\/et_pb_column][\/et_pb_row][et_pb_row _builder_version=&#8221;4.25.1&#8243; _module_preset=&#8221;default&#8221; global_colors_info=&#8221;{}&#8221;][et_pb_column type=&#8221;4_4&#8243; _builder_version=&#8221;4.25.1&#8243; _module_preset=&#8221;default&#8221; global_colors_info=&#8221;{}&#8221;][et_pb_text _builder_version=&#8221;4.27.4&#8243; _module_preset=&#8221;default&#8221; global_colors_info=&#8221;{}&#8221;]<\/p>\n<p><span>Zinzino \u00e9s, de lluny, el millor Omega-3 que coneixem del mercat en qualitat, puresa i resultats. La combinaci\u00f3 amb oli d&#8217;oliva verge extra (AOVE) potencia els efectes antioxidants i antiinflamatoris i millora notablement l&#8217;absorci\u00f3. A la nostra cl\u00ednica ho hem comprovat mitjan\u00e7ant an\u00e0lisi d&#8217;estr\u00e8s oxidatiu: el seu poder antioxidant i la seva capacitat d&#8217;absorci\u00f3 superen \u00e0mpliament els d&#8217;altres Omega-3, fins i tot de marques m\u00e9s conegudes. A m\u00e9s a m\u00e9s, el seu equilibri entre qualitat, efic\u00e0cia i preu \u00e9s excepcional.   <\/span><\/p>\n<p><b>Per aix\u00f2, oferim els productes Zinzino a la cl\u00ednica per facilitar-ne l&#8217;acc\u00e9s als nostres pacients. Tamb\u00e9 es poden adquirir a la web oficial. <span> <\/span><a href=\"http:\/\/www.zinzino.com\/\" target=\"_blank\" data-saferedirecturl=\"https:\/\/www.google.com\/url?q=http:\/\/www.zinzino.com&amp;source=gmail&amp;ust=1762429811228000&amp;usg=AOvVaw2DvvqogBa1yDLw5KGUIh--\" rel=\"noopener\">www.zinzino.com<\/a><span> <\/span>amb el nostre codi de soci 2017983921.<\/b><\/p>\n<p><span>D&#8217;aquesta manera, cada pas pel cam\u00ed cap a la salut est\u00e0 recolzat per ci\u00e8ncia, innovaci\u00f3 i resultats mesurables.<\/span><\/p>\n<p>[\/et_pb_text][\/et_pb_column][\/et_pb_row][et_pb_row _builder_version=&#8221;4.27.4&#8243; _module_preset=&#8221;default&#8221;][et_pb_column _builder_version=&#8221;4.27.4&#8243; _module_preset=&#8221;default&#8221; type=&#8221;4_4&#8243;][et_pb_image src=&#8221;https:\/\/medicusgaia.com\/wp-content\/uploads\/2025\/11\/Zinzino-y-Medicus-Gaia-Banner.jpg&#8221; _builder_version=&#8221;4.27.4&#8243; _module_preset=&#8221;default&#8221; title_text=&#8221;Zinzino i Medicus Gaia Banner&#8221; hover_enabled=&#8221;0&#8243; sticky_enabled=&#8221;0&#8243;][\/et_pb_image][\/et_pb_column][\/et_pb_row][\/et_pb_section][et_pb_section fb_built=&#8221;1&#8243; custom_padding_last_edited=&#8221;on|phone&#8221; _builder_version=&#8221;4.19.5&#8243; _module_preset=&#8221;default&#8221; background_color=&#8221;#f7faf9&#8243; custom_margin=&#8221;0px|0px|0px|0px|false|false&#8221; custom_padding_tablet=&#8221;&#8221; custom_padding_phone=&#8221;20px|0px|0px|0px|false|false&#8221; global_colors_info=&#8221;{}&#8221;][et_pb_row _builder_version=&#8221;4.18.0&#8243; _module_preset=&#8221;default&#8221; global_colors_info=&#8221;{}&#8221;][et_pb_column type=&#8221;4_4&#8243; _builder_version=&#8221;4.18.0&#8243; _module_preset=&#8221;default&#8221; global_colors_info=&#8221;{}&#8221;][et_pb_text _builder_version=&#8221;4.27.0&#8243; _module_preset=&#8221;default&#8221; header_4_line_height=&#8221;1.6em&#8221; global_colors_info=&#8221;{}&#8221;]<\/p>\n<h4 style=\"text-align: center;\">Horaris i Atenci\u00f3<\/h4>\n<p style=\"text-align: center;\">El nostre comprom\u00eds \u00e9s oferir un servei de qualitat amb un tracte hum\u00e0 i proper. Per aix\u00f2, a l&#8217;<strong>Institut de Salut i Medicina Integrativa Medicus Gaia<\/strong>, ens adaptem a les teves necessitats. La nostra consulta est\u00e0 oberta des de les 8 del mat\u00ed fins a les 8 del vespre de dilluns a dijous i els divendres fins a les 17h.<\/p>\n<p>[\/et_pb_text][et_pb_code disabled_on=&#8221;on|on|off&#8221; _builder_version=&#8221;4.27.0&#8243; _module_preset=&#8221;default&#8221; global_colors_info=&#8221;{}&#8221;]<pee style=\"text-align: center;\"><strong><img decoding=\"async\" width=\"36px\" height=\"36px\" style=\"margin-right:16px;vertical-align:middle;\" src=\"\/wp-content\/uploads\/calendario.svg\" alt=\"Icona Calendari\"><span style=\"color: #43988f;\">Dilluns a dijous: 8:00 a 20:00 h. | Divendres: 8:00 a 17:00 h.<\/span><\/strong><\/pee>[\/et_pb_code][et_pb_code disabled_on=&#8221;off|off|on&#8221; _builder_version=&#8221;4.19.5&#8243; _module_preset=&#8221;default&#8221; global_colors_info=&#8221;{}&#8221;]<\/p>\n<div style=\"text-align: center;display:flex;alig-items:center;\"><pee><img decoding=\"async\" width=\"36px\" height=\"36px\" style=\"margin-right:16px;vertical-align:middle;\" src=\"\/wp-content\/uploads\/calendario.svg\"><\/pee><pee style=\"color: #43988f;\"><strong>Dilluns a dijous: 8:00 a 20:00 h. | Divendres: 8:00 a 17:00 h.<\/strong><\/pee><\/div>\n<p>[\/et_pb_code][\/et_pb_column][\/et_pb_row][\/et_pb_section][et_pb_section fb_built=&#8221;1&#8243; fullwidth=&#8221;on&#8221; _builder_version=&#8221;4.18.0&#8243; _module_preset=&#8221;default&#8221; global_module=&#8221;24625&#8243; saved_tabs=&#8221;all&#8221; global_colors_info=&#8221;{}&#8221;][et_pb_fullwidth_slider show_pagination=&#8221;off&#8221; use_bg_overlay=&#8221;off&#8221; use_text_overlay=&#8221;off&#8221; _builder_version=&#8221;4.27.4&#8243; _module_preset=&#8221;default&#8221; background_enable_color=&#8221;off&#8221; background_image=&#8221;https:\/\/medicusgaia.com\/wp-content\/uploads\/2023\/11\/Desktop_banner_cita.webp&#8221; parallax=&#8221;on&#8221; parallax_method=&#8221;on&#8221; custom_padding=&#8221;11vw||11vw||true|false&#8221; header_font_size_tablet=&#8221;47px&#8221; header_font_size_phone=&#8221;40px&#8221; header_font_size_last_edited=&#8221;on|phone&#8221; text_shadow_style=&#8221;preset3&#8243; text_shadow_color=&#8221;RGBA(255,255,255,0)&#8221; global_colors_info=&#8221;{}&#8221;][et_pb_slide heading=&#8221;Reserva la teva cita&#8221; button_text=&#8221;escriu-nos&#8221; button_link=&#8221;mailto:info@medicusgaia.com&#8221; url_new_window=&#8221;on&#8221; _builder_version=&#8221;4.27.4&#8243; _module_preset=&#8221;default&#8221; custom_button=&#8221;on&#8221; button_text_color=&#8221;#FFFFFF&#8221; button_bg_color=&#8221;#B365A1&#8243; button_border_width=&#8221;0px&#8221; button_letter_spacing=&#8221;2px&#8221; button_font=&#8221;|700|||||||&#8221; button_icon_color=&#8221;#FFFFFF&#8221; button_alignment=&#8221;center&#8221; button_text_2=&#8221;ll\u00e1manos&#8221; button_link_2=&#8221;tel:+34932504555&#8243; global_colors_info=&#8221;{}&#8221; sticky_transition=&#8221;on&#8221;][\/et_pb_slide][\/et_pb_fullwidth_slider][\/et_pb_section]<\/p>\n","protected":false},"excerpt":{"rendered":"<p><div class=\"et_pb_module dsm_typing_effect dsm_typing_effect_0 et_pb_bg_layout_light \">\n\t\t\t\t\n\t\t\t\t\n\t\t\t\t\n\t\t\t\t\n\t\t\t\t\n\t\t\t\t\n\t\t\t\t<div class=\"et_pb_module_inner\">\n\t\t\t\t\t<h1 class=\"dsm-typing-effect et_pb_module_header\"><span class=\"dsm-typing-wrapper\"><span class=\"dsm-typing-strings\">Zinzino<\/span><span class=\"dsm-typing\" data-dsm-typing-cursor=\"|\" data-dsm-typing-strings=\"Zinzino\" data-dsm-typing-speed=30ms data-dsm-typing-backspeed=50ms data-dsm-typing-backdelay=700ms data-dsm-typing-loop=false data-dsm-typing-remove-cursor=off data-dsm-typing-fadeout=false data-dsm-typing-shuffle=false data-dsm-typing-delay=0ms data-dsm-typing-viewport=80% data-dsm-typing-repeat=on><\/span><\/span><\/h1>\n\t\t\t\t<\/div>\n\t\t\t<\/div>Institut de Salut i Medicina Integrativa Medicus GaiaA l&#8217;Institut de Salut i Medicina Integrativa Medicus Gaia, la nostra missi\u00f3 \u00e9s oferir a cada pacient un enfocament integral i personalitzat de la salut, combinant medicina convencional i ter\u00e0pies complement\u00e0ries, amb la Psiconeuroimmunologia (PNI) [&hellip;]<\/p>\n","protected":false},"author":5,"featured_media":0,"parent":0,"menu_order":0,"comment_status":"closed","ping_status":"closed","template":"","meta":{"_et_pb_use_builder":"on","_et_pb_old_content":"","_et_gb_content_width":"","footnotes":""},"class_list":["post-28637","page","type-page","status-publish","hentry"],"yoast_head":"<!-- This site is optimized with the Yoast SEO plugin v27.3 - https:\/\/yoast.com\/product\/yoast-seo-wordpress\/ -->\n<title>Zinzino i Medicus Gaia | Ci\u00e8ncia i salut integrativa<\/title>\n<meta name=\"description\" content=\"Descobreix com Medicus Gaia integra Zinzino al seu model de medicina integrativa: ci\u00e8ncia, evid\u00e8ncia i equilibri per millorar la teva salut.\" \/>\n<meta name=\"robots\" content=\"index, follow, max-snippet:-1, max-image-preview:large, max-video-preview:-1\" \/>\n<link rel=\"canonical\" href=\"https:\/\/medicusgaia.com\/ca\/zinzino-i-medicus-gaia\/\" \/>\n<meta property=\"og:locale\" content=\"ca_ES\" \/>\n<meta property=\"og:type\" content=\"article\" \/>\n<meta property=\"og:title\" content=\"Zinzino i Medicus Gaia | Ci\u00e8ncia i salut integrativa\" \/>\n<meta property=\"og:description\" content=\"Descobreix com Medicus Gaia integra Zinzino al seu model de medicina integrativa: ci\u00e8ncia, evid\u00e8ncia i equilibri per millorar la teva salut.\" \/>\n<meta property=\"og:url\" content=\"https:\/\/medicusgaia.com\/ca\/zinzino-i-medicus-gaia\/\" \/>\n<meta property=\"og:site_name\" content=\"Medicus Gaia\" \/>\n<meta property=\"article:publisher\" content=\"https:\/\/www.facebook.com\/profile.php?id=100083402287688\" \/>\n<meta property=\"article:modified_time\" content=\"2025-11-05T14:48:32+00:00\" \/>\n<meta name=\"twitter:card\" content=\"summary_large_image\" \/>\n<meta name=\"twitter:label1\" content=\"Temps estimat de lectura\" \/>\n\t<meta name=\"twitter:data1\" content=\"7 minuts\" \/>\n<script type=\"application\/ld+json\" class=\"yoast-schema-graph\">{\"@context\":\"https:\\\/\\\/schema.org\",\"@graph\":[{\"@type\":\"WebPage\",\"@id\":\"https:\\\/\\\/medicusgaia.com\\\/ca\\\/zinzino-i-medicus-gaia\\\/\",\"url\":\"https:\\\/\\\/medicusgaia.com\\\/ca\\\/zinzino-i-medicus-gaia\\\/\",\"name\":\"Zinzino i Medicus Gaia | Ci\u00e8ncia i salut integrativa\",\"isPartOf\":{\"@id\":\"https:\\\/\\\/medicusgaia.com\\\/ca\\\/#website\"},\"datePublished\":\"2025-11-05T14:37:27+00:00\",\"dateModified\":\"2025-11-05T14:48:32+00:00\",\"description\":\"Descobreix com Medicus Gaia integra Zinzino al seu model de medicina integrativa: ci\u00e8ncia, evid\u00e8ncia i equilibri per millorar la teva salut.\",\"inLanguage\":\"ca\",\"potentialAction\":[{\"@type\":\"ReadAction\",\"target\":[\"https:\\\/\\\/medicusgaia.com\\\/ca\\\/zinzino-i-medicus-gaia\\\/\"]}]},{\"@type\":\"WebSite\",\"@id\":\"https:\\\/\\\/medicusgaia.com\\\/ca\\\/#website\",\"url\":\"https:\\\/\\\/medicusgaia.com\\\/ca\\\/\",\"name\":\"Medicus Gaia\",\"description\":\"Institut de Salut i Medicina Integrativa\",\"publisher\":{\"@id\":\"https:\\\/\\\/medicusgaia.com\\\/ca\\\/#organization\"},\"potentialAction\":[{\"@type\":\"SearchAction\",\"target\":{\"@type\":\"EntryPoint\",\"urlTemplate\":\"https:\\\/\\\/medicusgaia.com\\\/ca\\\/?s={search_term_string}\"},\"query-input\":{\"@type\":\"PropertyValueSpecification\",\"valueRequired\":true,\"valueName\":\"search_term_string\"}}],\"inLanguage\":\"ca\"},{\"@type\":\"Organization\",\"@id\":\"https:\\\/\\\/medicusgaia.com\\\/ca\\\/#organization\",\"name\":\"Medicus Gaia\",\"url\":\"https:\\\/\\\/medicusgaia.com\\\/ca\\\/\",\"logo\":{\"@type\":\"ImageObject\",\"inLanguage\":\"ca\",\"@id\":\"https:\\\/\\\/medicusgaia.com\\\/ca\\\/#\\\/schema\\\/logo\\\/image\\\/\",\"url\":\"https:\\\/\\\/medicusgaia.com\\\/wp-content\\\/uploads\\\/2024\\\/05\\\/medicus-gaia-institut-de-salut-i-medicina-integrativa-crisitina-pellicer-1.png\",\"contentUrl\":\"https:\\\/\\\/medicusgaia.com\\\/wp-content\\\/uploads\\\/2024\\\/05\\\/medicus-gaia-institut-de-salut-i-medicina-integrativa-crisitina-pellicer-1.png\",\"width\":900,\"height\":346,\"caption\":\"Medicus Gaia\"},\"image\":{\"@id\":\"https:\\\/\\\/medicusgaia.com\\\/ca\\\/#\\\/schema\\\/logo\\\/image\\\/\"},\"sameAs\":[\"https:\\\/\\\/www.facebook.com\\\/profile.php?id=100083402287688\",\"https:\\\/\\\/www.instagram.com\\\/ismi_medicusgaia\\\/\",\"https:\\\/\\\/www.linkedin.com\\\/company\\\/institut-de-salut-i-medicina-integrativa-medicus-gaia\\\/\"]}]}<\/script>\n<!-- \/ Yoast SEO plugin. -->","yoast_head_json":{"title":"Zinzino i Medicus Gaia | Ci\u00e8ncia i salut integrativa","description":"Descobreix com Medicus Gaia integra Zinzino al seu model de medicina integrativa: ci\u00e8ncia, evid\u00e8ncia i equilibri per millorar la teva salut.","robots":{"index":"index","follow":"follow","max-snippet":"max-snippet:-1","max-image-preview":"max-image-preview:large","max-video-preview":"max-video-preview:-1"},"canonical":"https:\/\/medicusgaia.com\/ca\/zinzino-i-medicus-gaia\/","og_locale":"ca_ES","og_type":"article","og_title":"Zinzino i Medicus Gaia | Ci\u00e8ncia i salut integrativa","og_description":"Descobreix com Medicus Gaia integra Zinzino al seu model de medicina integrativa: ci\u00e8ncia, evid\u00e8ncia i equilibri per millorar la teva salut.","og_url":"https:\/\/medicusgaia.com\/ca\/zinzino-i-medicus-gaia\/","og_site_name":"Medicus Gaia","article_publisher":"https:\/\/www.facebook.com\/profile.php?id=100083402287688","article_modified_time":"2025-11-05T14:48:32+00:00","twitter_card":"summary_large_image","twitter_misc":{"Temps estimat de lectura":"7 minuts"},"schema":{"@context":"https:\/\/schema.org","@graph":[{"@type":"WebPage","@id":"https:\/\/medicusgaia.com\/ca\/zinzino-i-medicus-gaia\/","url":"https:\/\/medicusgaia.com\/ca\/zinzino-i-medicus-gaia\/","name":"Zinzino i Medicus Gaia | Ci\u00e8ncia i salut integrativa","isPartOf":{"@id":"https:\/\/medicusgaia.com\/ca\/#website"},"datePublished":"2025-11-05T14:37:27+00:00","dateModified":"2025-11-05T14:48:32+00:00","description":"Descobreix com Medicus Gaia integra Zinzino al seu model de medicina integrativa: ci\u00e8ncia, evid\u00e8ncia i equilibri per millorar la teva salut.","inLanguage":"ca","potentialAction":[{"@type":"ReadAction","target":["https:\/\/medicusgaia.com\/ca\/zinzino-i-medicus-gaia\/"]}]},{"@type":"WebSite","@id":"https:\/\/medicusgaia.com\/ca\/#website","url":"https:\/\/medicusgaia.com\/ca\/","name":"Medicus Gaia","description":"Institut de Salut i Medicina Integrativa","publisher":{"@id":"https:\/\/medicusgaia.com\/ca\/#organization"},"potentialAction":[{"@type":"SearchAction","target":{"@type":"EntryPoint","urlTemplate":"https:\/\/medicusgaia.com\/ca\/?s={search_term_string}"},"query-input":{"@type":"PropertyValueSpecification","valueRequired":true,"valueName":"search_term_string"}}],"inLanguage":"ca"},{"@type":"Organization","@id":"https:\/\/medicusgaia.com\/ca\/#organization","name":"Medicus Gaia","url":"https:\/\/medicusgaia.com\/ca\/","logo":{"@type":"ImageObject","inLanguage":"ca","@id":"https:\/\/medicusgaia.com\/ca\/#\/schema\/logo\/image\/","url":"https:\/\/medicusgaia.com\/wp-content\/uploads\/2024\/05\/medicus-gaia-institut-de-salut-i-medicina-integrativa-crisitina-pellicer-1.png","contentUrl":"https:\/\/medicusgaia.com\/wp-content\/uploads\/2024\/05\/medicus-gaia-institut-de-salut-i-medicina-integrativa-crisitina-pellicer-1.png","width":900,"height":346,"caption":"Medicus Gaia"},"image":{"@id":"https:\/\/medicusgaia.com\/ca\/#\/schema\/logo\/image\/"},"sameAs":["https:\/\/www.facebook.com\/profile.php?id=100083402287688","https:\/\/www.instagram.com\/ismi_medicusgaia\/","https:\/\/www.linkedin.com\/company\/institut-de-salut-i-medicina-integrativa-medicus-gaia\/"]}]}},"_links":{"self":[{"href":"https:\/\/medicusgaia.com\/ca\/wp-json\/wp\/v2\/pages\/28637","targetHints":{"allow":["GET"]}}],"collection":[{"href":"https:\/\/medicusgaia.com\/ca\/wp-json\/wp\/v2\/pages"}],"about":[{"href":"https:\/\/medicusgaia.com\/ca\/wp-json\/wp\/v2\/types\/page"}],"author":[{"embeddable":true,"href":"https:\/\/medicusgaia.com\/ca\/wp-json\/wp\/v2\/users\/5"}],"replies":[{"embeddable":true,"href":"https:\/\/medicusgaia.com\/ca\/wp-json\/wp\/v2\/comments?post=28637"}],"version-history":[{"count":9,"href":"https:\/\/medicusgaia.com\/ca\/wp-json\/wp\/v2\/pages\/28637\/revisions"}],"predecessor-version":[{"id":28670,"href":"https:\/\/medicusgaia.com\/ca\/wp-json\/wp\/v2\/pages\/28637\/revisions\/28670"}],"wp:attachment":[{"href":"https:\/\/medicusgaia.com\/ca\/wp-json\/wp\/v2\/media?parent=28637"}],"curies":[{"name":"wp","href":"https:\/\/api.w.org\/{rel}","templated":true}]}}