{"id":26344,"date":"2024-05-25T17:52:30","date_gmt":"2024-05-25T15:52:30","guid":{"rendered":"https:\/\/medicusgaia.com\/?page_id=26344"},"modified":"2024-05-25T17:52:30","modified_gmt":"2024-05-25T15:52:30","slug":"politica-de-cookies","status":"publish","type":"page","link":"https:\/\/medicusgaia.com\/ca\/politica-de-cookies\/","title":{"rendered":"Pol\u00edtica de cookies"},"content":{"rendered":"\n<p><strong>INTRODUCCI\u00d3<\/strong><\/p>\n\n<p>La web d&#8217;Institut de Salut i Medicina Integrativa Medicus Gaia, S.L. utilitza cookies pr\u00f2pies i de tercers. Una cookie \u00e9s un fitxer que es descarrega al vostre ordinador en accedir a determinades p\u00e0gines web. Les cookies permeten a una p\u00e0gina web, entre altres coses, emmagatzemar i recuperar informaci\u00f3 sobre els h\u00e0bits de navegaci\u00f3 d&#8217;un usuari o del seu equip i, depenent de la informaci\u00f3 que continguin i de la manera com utilitzi el seu equip, es poden utilitzar per a recon\u00e8ixer l&#8217;usuari. Les cookies s&#8217;associen \u00fanicament a un usuari an\u00f2nim i el seu ordinador o dispositiu i no proporcionen refer\u00e8ncies que permetin con\u00e8ixer les vostres dades personals.<\/p>\n\n<p>L&#8217;usuari pot, en tot moment, acceptar o rebutjar les cookies instal\u00b7lades que no siguin estrictament necess\u00e0ries per al funcionament correcte del web i l&#8217;acc\u00e9s a l&#8217;Usuari als seus serveis, a trav\u00e9s del panell d&#8217;ajust de cookies proporcionat a trav\u00e9s del nostre web. Aix\u00ed mateix, podreu configurar el vostre navegador en tot moment sense que aix\u00f2 perjudiqui la possibilitat de l&#8217;Usuari d&#8217;accedir als continguts. Tot i aix\u00f2, us informem que el fet de rebutjar les cookies pot disminuir el bon funcionament de la web.<\/p>\n\n<p><strong>COOKIES AFECTADES PER LA NORMATIVA I COOKIES EXEMPTES<\/strong><\/p>\n\n<p>Segons la directiva de la UE, les cookies que requereixen el consentiment informat per part de l&#8217;usuari s\u00f3n les galetes d&#8217;anal\u00edtica i les de publicitat i afiliaci\u00f3, i queden exceptuades les de car\u00e0cter t\u00e8cnic i les necess\u00e0ries per al funcionament del lloc web o la prestaci\u00f3 de serveis expressament demanats per l&#8217;usuari.<\/p>\n\n<p><strong>TIPUS DE COOKIES<\/strong><\/p>\n\n<p>a) Segons l&#8217;entitat que les gestioni, hi ha cookies pr\u00f2pies (aquelles que s&#8217;envien a l&#8217;equip terminal de l&#8217;usuari des d&#8217;un equip o domini gestionat pel mateix editor i des del qual es presta el servei Sol\u00b7licitat per l&#8217;usuari) i de tercers (les que s&#8217;envien a l&#8217;equip terminal de l&#8217;usuari des d&#8217;un equip o domini que no \u00e9s gestionat per l&#8217;editor, sin\u00f3 per una altra entitat que tracta les dades obtingudes mitjan\u00e7ant les galetes).<\/p>\n\n<p>b) Segons el temps que romanen actives, hi ha les de sessi\u00f3 (dissenyades per demanar i emmagatzemar dades mentre l&#8217;usuari accedeix a una p\u00e0gina web) i les persistents (en qu\u00e8 les dades s&#8217;emmagatzemen al terminal i poden ser accedides i tractades durant un per\u00edode definit pel responsable de les galetes.<\/p>\n\n<p>c) Segons la finalitat per a la qual tracten la informaci\u00f3 que recopilen, poden ser:<\/p>\n\n<ul class=\"wp-block-list\">\n<li>Cookies t\u00e8cniques (necess\u00e0ries per a l&#8217;\u00fas de la web i la prestaci\u00f3 del servei contractat).<\/li>\n\n\n\n<li>Cookies de personalitzaci\u00f3 (que permeten a l&#8217;usuari accedir al servei amb caracter\u00edstiques predefinides, com ara l&#8217;idioma, tipus de navegador, configuraci\u00f3 regional, etc.).<\/li>\n\n\n\n<li>Cookies d&#8217;an\u00e0lisi (recullen informaci\u00f3 sobre l&#8217;\u00fas que es fa de la web).<\/li>\n\n\n\n<li>Cookies publicit\u00e0ries (recullen informaci\u00f3 sobre les prefer\u00e8ncies i eleccions personals dels usuaris).<\/li>\n\n\n\n<li>Cookies d&#8217;afiliats (permeten fer un seguiment de les visites procedents d&#8217;altres webs, amb les quals el lloc web estableix un contracte d&#8217;afiliaci\u00f3).<\/li>\n<\/ul>\n\n<p><strong>TIPUS DE COOKIES UTILITZADES PER AQUEST LLOC WEB<\/strong><\/p>\n\n<p>Mentre navega per la nostra web, es poden emmagatzemar al seu navegador les cookies de les nostres xarxes socials. A continuaci\u00f3, us expliquem els enlla\u00e7os sobre les cookies de les xarxes socials que utilitzem en aquesta web:<\/p>\n\n<ul class=\"wp-block-list\">\n<li>Cookies de Facebook, veure m\u00e9s informaci\u00f3 a la seva pol\u00edtica de cookies.<\/li>\n\n\n\n<li>Cookies d&#8217;Instagram, veure m\u00e9s informaci\u00f3 a la seva pol\u00edtica de cookies.<\/li>\n<\/ul>\n\n<p><strong>REVOCACI\u00d3<\/strong><\/p>\n\n<p>En tot moment podreu accedir a la configuraci\u00f3 del vostre navegador acceptant o rebutjant totes les cookies, o b\u00e9 seleccionar aquelles que la instal\u00b7laci\u00f3 admet i les que no, seguint un dels procediments seg\u00fcents, depenent del navegador que utilitzeu:<\/p>\n\n<p><strong>Google Chrome <\/strong>(al Men\u00fa Eines):<br\/>Configuraci\u00f3 &#8211; Mostrar opcions avan\u00e7ades &#8211; Privadesa (Configuraci\u00f3 de contingut) &#8211; Cookies:<br\/>https:\/\/support.google.com\/chrome\/answer\/95647?co=GENIE.Platform%3DDesktop&amp;hl=es<\/p>\n\n<p><strong>Microsoft Internet Explorer<\/strong> (al Men\u00fa Eines):<br\/>Opcions d&#8217;Internet &#8211; Privadesa &#8211; Avan\u00e7ada:<br\/>https:\/\/support.microsoft.com\/es-es\/help\/17442\/windows-internet-explorer-delete-managecookies<\/p>\n\n<p><strong>Firefox<\/strong>:<br\/>Opcions &#8211; Privadesa &#8211; Cookies:<br\/>https:\/\/support.mozilla.org\/es\/kb\/habilitar-y-deshabilitar-cookies-sitios-web-rastrearpreferencias<\/p>\n\n<p><strong>Safari, iPad e iPhone<\/strong>:<br\/>Prefer\u00e8ncies &#8211; Privadesa<br\/>https:\/\/support.apple.com\/kb\/ph21411?locale=es_ES<\/p>\n\n<p><strong>Opera<\/strong>:<br\/>Configuraci\u00f3 &#8211; Opcions &#8211; Avan\u00e7ada &#8211; Cookies<br\/>http:\/\/help.opera.com\/Windows\/12.00\/es-ES\/cookies.html<\/p>\n\n<p>Aquests navegadors estan sotmesos a actualitzacions o modificacions, per la qual cosa no podem garantir que s&#8217;ajustin completament a la versi\u00f3 del vostre navegador. Tamb\u00e9 podeu utilitzar un altre navegador no contemplat en aquests enlla\u00e7os com Konqueror, Arora, Flock, etc. Per evitar aquests desajustaments, podeu accedir directament des de les opcions del vostre navegador, generalment al men\u00fa de &#8220;Opcions&#8221; a la secci\u00f3 de &#8220;Privadesa&#8221;. (Si us plau, consulteu l&#8217;ajuda del vostre navegador per a m\u00e9s informaci\u00f3).<\/p>\n\n<p><strong>CANVIS A LA PRESENT POL\u00cdTICA DE COOKIES<\/strong><\/p>\n\n<p>Institut de Salut i Medicina Integrativa Medicus Gaia, S.L. es reserva el dret a modificar aquesta pol\u00edtica per adaptar-la a novetats legislatives o jurisprudencials.<\/p>\n\n<p><strong>DESACTIVACI\u00d3\/ACTIVACI\u00d3 I ELIMINACI\u00d3 DE COOKIES<\/strong><\/p>\n\n<p>Per restringir o bloquejar les galetes, es realitza a trav\u00e9s de la configuraci\u00f3 del navegador.<\/p>\n\n<p>Si no voleu que els llocs web posin cap cookie al vostre equip, podeu adaptar la configuraci\u00f3 del navegador de manera que se us notifiqui abans que es col\u00b7loqui cap cookie. De la mateixa manera, podeu adaptar la configuraci\u00f3 de manera que el navegador rebutgi totes les galetes, o \u00fanicament les cookies de tercers. Tamb\u00e9 podeu eliminar qualsevol de les cookies que ja es trobin al vostre equip. Recordeu que haureu d&#8217;adaptar per separat la configuraci\u00f3 de cada navegador i equip que utilitzeu.<\/p>\n\n<p>Recordeu que si no voleu rebre cookies, ja no podrem garantir que el nostre lloc web funcioni com cal. \u00c9s possible que algunes funcions del lloc es perdin i \u00e9s possible que ja no pugueu veure certs llocs web. A m\u00e9s, rebutjar les galetes no significa que ja no vegeu anuncis publicitaris. Simplement els anuncis no s&#8217;ajustaran als vostres interessos i es repetiran amb m\u00e9s freq\u00fc\u00e8ncia.<\/p>\n\n<p>Cada navegador t\u00e9 un m\u00e8tode diferent per adaptar la configuraci\u00f3. Si cal, consulteu la funci\u00f3 d&#8217;ajuda del navegador per establir la configuraci\u00f3 correcta.<\/p>\n\n<p>Per desactivar les cookies al tel\u00e8fon m\u00f2bil, consulteu el manual del dispositiu per obtenir m\u00e9s informaci\u00f3.<\/p>\n\n<p>Podeu obtenir m\u00e9s informaci\u00f3 sobre les cookies a Internet, http:\/\/www.aboutcookies.org\/.<\/p>\n\n<p>Tenint en compte la manera com funciona Internet i els llocs web, no sempre comptem amb informaci\u00f3 de les cookies que col\u00b7loquen terceres parts a trav\u00e9s del nostre lloc web. Aix\u00f2 s&#8217;aplica especialment a casos en qu\u00e8 la nostra p\u00e0gina web cont\u00e9 all\u00f2 que s&#8217;anomenen elements integrats: textos, documents, imatges o breus pel\u00b7l\u00edcules que s&#8217;emmagatzemen en una altra part, per\u00f2 es mostren al nostre lloc web o mitjan\u00e7ant el mateix.<\/p>\n\n<p>Per tant, en cas que es trobi amb aquest tipus de cookies en aquest lloc web i no estiguin enumerades a la llista anterior, us preguem que ens ho comuniqueu. O b\u00e9 poseu-vos en contacte directament amb el tercer per demanar-li informaci\u00f3 sobre les cookies que col\u00b7loca, la finalitat i la durada de la cookie i com ha garantit la seva privadesa.<\/p>\n\n<p><strong>INFORMACI\u00d3 RELACIONADA AMB EL TRACTAMENT DE DADES PERSONALS (ART. 13 RGPD)<\/strong><\/p>\n\n<p><strong>Qui \u00e9s el responsable del tractament de les vostres dades personals?<\/strong><\/p>\n\n<p>Institut de Salut i Medicina Integrativa Medicus Gaia, S.L. \u00e9s el responsable del tractament de les dades personals que vost\u00e8 ens proporciona, situat al C\/ Casp, 146 entres\u00f2l D, 08013 Barcelona i amb CIF B67964932, Tel\u00e8fon 932 504 555 i mail de contacte info@medicusgaia.com.<\/p>\n\n<p><strong>Per qu\u00e8 utilitzem les vostres dades personals?<\/strong><\/p>\n\n<p>La informaci\u00f3 recopilada a trav\u00e9s de les cookies pr\u00f2pies (cookies de sessi\u00f3 i d&#8217;entrada d&#8217;usuari) se solen utilitzar per rastrejar les accions de l&#8217;usuari en omplir els formularis en l\u00ednia en diverses p\u00e0gines, o com a cistella de la compra per fer el seguiment dels articles que lusuari ha seleccionat en pr\u00e9mer un bot\u00f3, o per personalitzar la interf\u00edcie de l&#8217;usuari en visitar la p\u00e0gina web.<\/p>\n\n<p>La informaci\u00f3 recopilada a trav\u00e9s de les cookies de tercers \u00e9s la seg\u00fcent:<\/p>\n\n<ul class=\"wp-block-list\">\n<li>A trav\u00e9s de les cookies anal\u00edtiques, s&#8217;analitzen els seus h\u00e0bits de navegaci\u00f3 per millorar els serveis prestats;<\/li>\n\n\n\n<li>A trav\u00e9s de les cookies de comportament es recull informaci\u00f3 sobre les prefer\u00e8ncies de l&#8217;usuari per gestionar els espais publicitaris de la manera m\u00e9s efica\u00e7 possible; i<\/li>\n\n\n\n<li>A trav\u00e9s de les cookies publicit\u00e0ries es mesura el rendiment dels anuncis i es proporcionen recomanacions relatives a productes basats en dades estad\u00edstiques.<\/li>\n<\/ul>\n\n<p>Per veure exactament l&#8217;\u00fas de les galetes vegeu el quadre sobre l&#8217;\u00fas de les cookies en aquest document.<\/p>\n\n<p><strong>Quina \u00e9s la base legal per al tractament de les vostres dades personals?<\/strong><\/p>\n\n<p>La legitimaci\u00f3 per al tractament de les vostres dades personals ve donada pel seu consentiment, atorgat en el moment de posar-se en contacte amb nosaltres, per a la utilitzaci\u00f3 de cookies anal\u00edtiques, de comportament i publicit\u00e0ries; per a les cookies de sessi\u00f3 o personalitzaci\u00f3, la legitimaci\u00f3 per al tractament ve donada per l&#8217;inter\u00e8s leg\u00edtim del prestador (responsable del tractament).<\/p>\n\n<p><strong>A qui comuniquem les vostres dades?<\/strong><\/p>\n\n<p>No se cediran ni comunicaran dades a tercers, excepte per obligaci\u00f3 legal o als tercers indicats en cas d&#8217;\u00fas de cookies gestionades per aquests.<\/p>\n\n<p><strong>Quin \u00e9s el termini de conservaci\u00f3 de les vostres dades?<\/strong><\/p>\n\n<p>El termini de conservaci\u00f3 de les dades recollides \u00e9s l&#8217;indicat al quadre sobre l&#8217;\u00fas de cookies al present document.<\/p>\n\n<p><strong>Quins s\u00f3n els vostres drets?<\/strong><\/p>\n\n<p>Els drets que emparen l&#8217;usuari s\u00f3n els d&#8217;acc\u00e9s, rectificaci\u00f3, supressi\u00f3, portabilitat dels mateixos, retirada del consentiment (sense que aix\u00f2 afecti la licitud del tractament atorgat pr\u00e8viament a la retirada), oposici\u00f3 al tractament, limitaci\u00f3 (en determinades circumst\u00e0ncies) ia presentar una reclamaci\u00f3 davant de l&#8217;autoritat de control (l&#8217;Ag\u00e8ncia Espanyola de protecci\u00f3 de dades, www.aepd.es).<\/p>\n\n<p><\/p>\n\n<p><\/p>\n\n<p><\/p>\n\n<p><\/p>\n","protected":false},"excerpt":{"rendered":"<p>INTRODUCCI\u00d3 La web d&#8217;Institut de Salut i Medicina Integrativa Medicus Gaia, S.L. utilitza cookies pr\u00f2pies i de tercers. Una cookie \u00e9s un fitxer que es descarrega al vostre ordinador en accedir a determinades p\u00e0gines web. Les cookies permeten a una p\u00e0gina web, entre altres coses, emmagatzemar i recuperar informaci\u00f3 sobre els h\u00e0bits de navegaci\u00f3 d&#8217;un [&hellip;]<\/p>\n","protected":false},"author":5,"featured_media":0,"parent":0,"menu_order":0,"comment_status":"closed","ping_status":"closed","template":"","meta":{"_et_pb_use_builder":"off","_et_pb_old_content":"","_et_gb_content_width":"","footnotes":""},"class_list":["post-26344","page","type-page","status-publish","hentry"],"yoast_head":"<!-- This site is optimized with the Yoast SEO plugin v27.6 - https:\/\/yoast.com\/product\/yoast-seo-wordpress\/ -->\n<title>Pol\u00edtica de cookies - Medicus Gaia<\/title>\n<meta name=\"robots\" content=\"noindex, nofollow\" \/>\n<meta property=\"og:locale\" content=\"ca_ES\" \/>\n<meta property=\"og:type\" content=\"article\" \/>\n<meta property=\"og:title\" content=\"Pol\u00edtica de cookies - Medicus Gaia\" \/>\n<meta property=\"og:description\" content=\"INTRODUCCI\u00d3 La web d&#8217;Institut de Salut i Medicina Integrativa Medicus Gaia, S.L. utilitza cookies pr\u00f2pies i de tercers. Una cookie \u00e9s un fitxer que es descarrega al vostre ordinador en accedir a determinades p\u00e0gines web. Les cookies permeten a una p\u00e0gina web, entre altres coses, emmagatzemar i recuperar informaci\u00f3 sobre els h\u00e0bits de navegaci\u00f3 d&#8217;un [&hellip;]\" \/>\n<meta property=\"og:url\" content=\"https:\/\/medicusgaia.com\/ca\/politica-de-cookies\/\" \/>\n<meta property=\"og:site_name\" content=\"Medicus Gaia\" \/>\n<meta property=\"article:publisher\" content=\"https:\/\/www.facebook.com\/profile.php?id=100083402287688\" \/>\n<meta name=\"twitter:card\" content=\"summary_large_image\" \/>\n<meta name=\"twitter:label1\" content=\"Temps estimat de lectura\" \/>\n\t<meta name=\"twitter:data1\" content=\"8 minuts\" \/>\n<script type=\"application\/ld+json\" class=\"yoast-schema-graph\">{\"@context\":\"https:\\\/\\\/schema.org\",\"@graph\":[{\"@type\":\"WebPage\",\"@id\":\"https:\\\/\\\/medicusgaia.com\\\/ca\\\/politica-de-cookies\\\/\",\"url\":\"https:\\\/\\\/medicusgaia.com\\\/ca\\\/politica-de-cookies\\\/\",\"name\":\"Pol\u00edtica de cookies - Medicus Gaia\",\"isPartOf\":{\"@id\":\"https:\\\/\\\/medicusgaia.com\\\/ca\\\/#website\"},\"datePublished\":\"2024-05-25T15:52:30+00:00\",\"inLanguage\":\"ca\",\"potentialAction\":[{\"@type\":\"ReadAction\",\"target\":[\"https:\\\/\\\/medicusgaia.com\\\/ca\\\/politica-de-cookies\\\/\"]}]},{\"@type\":\"WebSite\",\"@id\":\"https:\\\/\\\/medicusgaia.com\\\/ca\\\/#website\",\"url\":\"https:\\\/\\\/medicusgaia.com\\\/ca\\\/\",\"name\":\"Medicus Gaia\",\"description\":\"Institut de Salut i Medicina Integrativa\",\"publisher\":{\"@id\":\"https:\\\/\\\/medicusgaia.com\\\/ca\\\/#organization\"},\"potentialAction\":[{\"@type\":\"SearchAction\",\"target\":{\"@type\":\"EntryPoint\",\"urlTemplate\":\"https:\\\/\\\/medicusgaia.com\\\/ca\\\/?s={search_term_string}\"},\"query-input\":{\"@type\":\"PropertyValueSpecification\",\"valueRequired\":true,\"valueName\":\"search_term_string\"}}],\"inLanguage\":\"ca\"},{\"@type\":\"Organization\",\"@id\":\"https:\\\/\\\/medicusgaia.com\\\/ca\\\/#organization\",\"name\":\"Medicus Gaia\",\"url\":\"https:\\\/\\\/medicusgaia.com\\\/ca\\\/\",\"logo\":{\"@type\":\"ImageObject\",\"inLanguage\":\"ca\",\"@id\":\"https:\\\/\\\/medicusgaia.com\\\/ca\\\/#\\\/schema\\\/logo\\\/image\\\/\",\"url\":\"https:\\\/\\\/medicusgaia.com\\\/wp-content\\\/uploads\\\/2024\\\/05\\\/medicus-gaia-institut-de-salut-i-medicina-integrativa-crisitina-pellicer-1.png\",\"contentUrl\":\"https:\\\/\\\/medicusgaia.com\\\/wp-content\\\/uploads\\\/2024\\\/05\\\/medicus-gaia-institut-de-salut-i-medicina-integrativa-crisitina-pellicer-1.png\",\"width\":900,\"height\":346,\"caption\":\"Medicus Gaia\"},\"image\":{\"@id\":\"https:\\\/\\\/medicusgaia.com\\\/ca\\\/#\\\/schema\\\/logo\\\/image\\\/\"},\"sameAs\":[\"https:\\\/\\\/www.facebook.com\\\/profile.php?id=100083402287688\",\"https:\\\/\\\/www.instagram.com\\\/ismi_medicusgaia\\\/\",\"https:\\\/\\\/www.linkedin.com\\\/company\\\/institut-de-salut-i-medicina-integrativa-medicus-gaia\\\/\"]}]}<\/script>\n<!-- \/ Yoast SEO plugin. -->","yoast_head_json":{"title":"Pol\u00edtica de cookies - Medicus Gaia","robots":{"index":"noindex","follow":"nofollow"},"og_locale":"ca_ES","og_type":"article","og_title":"Pol\u00edtica de cookies - Medicus Gaia","og_description":"INTRODUCCI\u00d3 La web d&#8217;Institut de Salut i Medicina Integrativa Medicus Gaia, S.L. utilitza cookies pr\u00f2pies i de tercers. Una cookie \u00e9s un fitxer que es descarrega al vostre ordinador en accedir a determinades p\u00e0gines web. Les cookies permeten a una p\u00e0gina web, entre altres coses, emmagatzemar i recuperar informaci\u00f3 sobre els h\u00e0bits de navegaci\u00f3 d&#8217;un [&hellip;]","og_url":"https:\/\/medicusgaia.com\/ca\/politica-de-cookies\/","og_site_name":"Medicus Gaia","article_publisher":"https:\/\/www.facebook.com\/profile.php?id=100083402287688","twitter_card":"summary_large_image","twitter_misc":{"Temps estimat de lectura":"8 minuts"},"schema":{"@context":"https:\/\/schema.org","@graph":[{"@type":"WebPage","@id":"https:\/\/medicusgaia.com\/ca\/politica-de-cookies\/","url":"https:\/\/medicusgaia.com\/ca\/politica-de-cookies\/","name":"Pol\u00edtica de cookies - Medicus Gaia","isPartOf":{"@id":"https:\/\/medicusgaia.com\/ca\/#website"},"datePublished":"2024-05-25T15:52:30+00:00","inLanguage":"ca","potentialAction":[{"@type":"ReadAction","target":["https:\/\/medicusgaia.com\/ca\/politica-de-cookies\/"]}]},{"@type":"WebSite","@id":"https:\/\/medicusgaia.com\/ca\/#website","url":"https:\/\/medicusgaia.com\/ca\/","name":"Medicus Gaia","description":"Institut de Salut i Medicina Integrativa","publisher":{"@id":"https:\/\/medicusgaia.com\/ca\/#organization"},"potentialAction":[{"@type":"SearchAction","target":{"@type":"EntryPoint","urlTemplate":"https:\/\/medicusgaia.com\/ca\/?s={search_term_string}"},"query-input":{"@type":"PropertyValueSpecification","valueRequired":true,"valueName":"search_term_string"}}],"inLanguage":"ca"},{"@type":"Organization","@id":"https:\/\/medicusgaia.com\/ca\/#organization","name":"Medicus Gaia","url":"https:\/\/medicusgaia.com\/ca\/","logo":{"@type":"ImageObject","inLanguage":"ca","@id":"https:\/\/medicusgaia.com\/ca\/#\/schema\/logo\/image\/","url":"https:\/\/medicusgaia.com\/wp-content\/uploads\/2024\/05\/medicus-gaia-institut-de-salut-i-medicina-integrativa-crisitina-pellicer-1.png","contentUrl":"https:\/\/medicusgaia.com\/wp-content\/uploads\/2024\/05\/medicus-gaia-institut-de-salut-i-medicina-integrativa-crisitina-pellicer-1.png","width":900,"height":346,"caption":"Medicus Gaia"},"image":{"@id":"https:\/\/medicusgaia.com\/ca\/#\/schema\/logo\/image\/"},"sameAs":["https:\/\/www.facebook.com\/profile.php?id=100083402287688","https:\/\/www.instagram.com\/ismi_medicusgaia\/","https:\/\/www.linkedin.com\/company\/institut-de-salut-i-medicina-integrativa-medicus-gaia\/"]}]}},"_links":{"self":[{"href":"https:\/\/medicusgaia.com\/ca\/wp-json\/wp\/v2\/pages\/26344","targetHints":{"allow":["GET"]}}],"collection":[{"href":"https:\/\/medicusgaia.com\/ca\/wp-json\/wp\/v2\/pages"}],"about":[{"href":"https:\/\/medicusgaia.com\/ca\/wp-json\/wp\/v2\/types\/page"}],"author":[{"embeddable":true,"href":"https:\/\/medicusgaia.com\/ca\/wp-json\/wp\/v2\/users\/5"}],"replies":[{"embeddable":true,"href":"https:\/\/medicusgaia.com\/ca\/wp-json\/wp\/v2\/comments?post=26344"}],"version-history":[{"count":5,"href":"https:\/\/medicusgaia.com\/ca\/wp-json\/wp\/v2\/pages\/26344\/revisions"}],"predecessor-version":[{"id":26354,"href":"https:\/\/medicusgaia.com\/ca\/wp-json\/wp\/v2\/pages\/26344\/revisions\/26354"}],"wp:attachment":[{"href":"https:\/\/medicusgaia.com\/ca\/wp-json\/wp\/v2\/media?parent=26344"}],"curies":[{"name":"wp","href":"https:\/\/api.w.org\/{rel}","templated":true}]}}