{"id":26331,"date":"2024-05-22T19:12:17","date_gmt":"2024-05-22T17:12:17","guid":{"rendered":"https:\/\/medicusgaia.com\/politica-de-privadesa\/"},"modified":"2024-08-27T12:04:19","modified_gmt":"2024-08-27T10:04:19","slug":"politica-de-privadesa","status":"publish","type":"page","link":"https:\/\/medicusgaia.com\/ca\/politica-de-privadesa\/","title":{"rendered":"Pol\u00edtica de Privadesa"},"content":{"rendered":"\n<p><strong>TITULAR DE LA WEB<\/strong><\/p>\n\n\n\n<ul class=\"wp-block-list\">\n<li>La seva denominaci\u00f3 social \u00e9s: Institut de Salut i Medicina Integrativa Medicus Gaia, SL<\/li>\n\n\n\n<li>El NIF: B67964932<\/li>\n\n\n\n<li>El seu domicili social \u00e9s: C\/ Deg\u00e0 Bah\u00ed 62 | 08026 Barcelona<\/li>\n\n\n\n<li>Marca identificativa: Medicus Gaia<\/li>\n\n\n\n<li>La seva activitat social \u00e9s: atenci\u00f3 m\u00e8dica<\/li>\n\n\n\n<li>Correu electr\u00f2nic: info@medicusgaia.com<\/li>\n\n\n\n<li>Finalitat de la p\u00e0gina web: informaci\u00f3, consulta i atenci\u00f3 de sol\u00b7licituds de diversa \u00edndole per part de l&#8217;Usuari.<\/li>\n\n\n\n<li>P\u00e0gines de medicusgaia.com (d&#8217;ara endavant Medicus Gaia): medicusgaia.com<\/li>\n<\/ul>\n\n\n\n<p><strong>PROTECCI\u00d3 DE DADES PERSONALS<\/strong><\/p>\n\n\n\n<p><strong>Responsable del tractament<\/strong><\/p>\n\n\n\n<p><strong>Dades de contacte del responsable:<\/strong> Medicus Gaia (B67964932), amb domicili C\/ Deg\u00e0 Bah\u00ed 62 | 08026 Barcelona<\/p>\n\n\n\n<p><strong>Dades de contacte de Responsable de Seguretat:<\/strong> Medicus Gaia info@medicusgaia.com<\/p>\n\n\n\n<p><strong>ELS TEUS DRETS DE PROTECCI\u00d3 DE DADES<\/strong><\/p>\n\n\n\n<p><strong>Com exercitar els drets:<\/strong> Podeu adre\u00e7ar una comunicaci\u00f3 per escrit al domicili social de Medicus Gaia oa l&#8217;adre\u00e7a de correu electr\u00f2nic indicada a l&#8217;encap\u00e7alament d&#8217;aquest av\u00eds legal, incloent en tots dos casos fotoc\u00f2pia del vostre DNI o un altre document identificatiu similar, per sol\u00b7licitar l&#8217;exercici dels drets seg\u00fcents:<\/p>\n\n\n\n<ul class=\"wp-block-list\">\n<li>Dret a sol\u00b7licitar l&#8217;acc\u00e9s a les dades personals: podreu preguntar a Medicus Gaia si aquesta empresa est\u00e0 tractant les vostres dades.<\/li>\n\n\n\n<li>Dret a sol\u00b7licitar-ne la rectificaci\u00f3 (en el cas que siguin incorrectes) o supressi\u00f3.<\/li>\n\n\n\n<li>Dret a sol\u00b7licitar la limitaci\u00f3 del seu tractament, cas en qu\u00e8 \u00fanicament seran conservats per Medicus Gaia per a l&#8217;exercici o la defensa de reclamacions.<\/li>\n\n\n\n<li>Dret a oposar-se al tractament: Medicus Gaia deixar\u00e0 de tractar les dades de la manera que indiquis, llevat que per motius leg\u00edtims imperiosos o l&#8217;exercici o la defensa de possibles reclamacions s&#8217;hagin de continuar tractant.<\/li>\n\n\n\n<li>Dret a la portabilitat de les dades: en cas que vulguis que les teves dades siguin tractades per una altra signatura, Medicus Gaia et facilitar\u00e0 la portabilitat de les teves dades al nou responsable.<\/li>\n<\/ul>\n\n\n\n<p><strong>Possibilitat de retirar el consentiment:<\/strong> en el cas que hagis atorgat el consentiment per a alguna finalitat espec\u00edfica, tens dret a retirar-lo en qualsevol moment, sense que aix\u00f2 afecti la licitud del tractament basat en el consentiment previ a la seva retirada.<\/p>\n\n\n\n<p><strong>Com reclamar davant de l&#8217;Autoritat de Control:<\/strong> Si consideres que hi ha un problema amb la manera com Medicus Gaia est\u00e0 manejant les teves dades, pots dirigir les teves reclamacions al Responsable de Seguretat de Medicus Gaia (indicat a dalt),<\/p>\n\n\n\n<p>Dret a l&#8217;oblit i acc\u00e9s a les vostres dades personals.<\/p>\n\n\n\n<p>En tot moment tindr\u00e0s dret a revisar, recuperar, anonimitzar i\/o esborrar, totalment o parcialment, les dades emmagatzemades al Lloc Web. Nom\u00e9s cal que envieu un correu electr\u00f2nic a info@medicusgaia.com i sol\u00b7liciteu-lo. <\/p>\n\n\n\n<p><strong>Conservaci\u00f3 de les dades<\/strong><\/p>\n\n\n\n<p><strong>Dades desagregades:<\/strong> Les dades desagregades seran conservades sense termini de supressi\u00f3.<\/p>\n\n\n\n<p><strong>Dades dels subscriptors a la newsletter:<\/strong> Des que l&#8217;usuari es subscriu fins que es d\u00f3na de baixa.<\/p>\n\n\n\n<p><strong>Dades d&#8217;usuaris pujades per<\/strong> Medicus Gaia <strong>a p\u00e0gines i perfils a les xarxes socials:<\/strong> Des que l&#8217;usuari ofereix el seu consentiment fins que el retira.<\/p>\n\n\n\n<p><strong>Secret i seguretat de les dades<\/strong><\/p>\n\n\n\n<p>El lloc web es compromet a utilitzar les dades incloses en el fitxer, respectar-ne la confidencialitat i utilitzar-les d&#8217;acord amb la finalitat del mateix, aix\u00ed com donar compliment a la seva obligaci\u00f3 de guardar-les i adaptar totes les mesures per evitar l&#8217;alteraci\u00f3, p\u00e8rdua, tractament o acc\u00e9s no autoritzat, de conformitat amb el que estableix el Reial decret 1720\/2007 de 21 de desembre pel qual s&#8217;aprova el Reglament de desplegament de la Llei org\u00e0nica 15\/1999 de 13 de desembre, de protecci\u00f3 de dades Car\u00e0cter Personal.<\/p>\n\n\n\n<p>Tu garanteixes que les dades personals facilitades a trav\u00e9s dels formularis s\u00f3n veraces, quedant obligat a comunicar-ne qualsevol modificaci\u00f3. Igualment, garanteixes que tota la informaci\u00f3 facilitada correspon a la teva situaci\u00f3 real, que est\u00e0 posada al dia i \u00e9s exacta.<\/p>\n\n\n\n<p>A m\u00e9s, has de mantenir en tot moment les teves dades actualitzades, sent l&#8217;\u00fanic responsable de la inexactitud o falsedat de les dades facilitades i dels perjudicis que pugui causar per aix\u00f2 Medicus Gaia com a titular del Lloc Web, o a tercers amb motiu de la utilitzaci\u00f3 del dit .<\/p>\n\n\n\n<p><strong>Bretxes de seguretat<\/strong><\/p>\n\n\n\n<p>Medicus Gaia adopta mesures de seguretat raonablement adequades per detectar l&#8217;exist\u00e8ncia de virus. No obstant aix\u00f2, has de ser conscient que les mesures de seguretat dels sistemes inform\u00e0tics a Internet no s\u00f3n completament fiables i que, per tant, Medicus Gaia no pot garantir la inexist\u00e8ncia de virus o altres elements que puguin produir alteracions en els sistemes inform\u00e0tics (programari i maquinari) de l&#8217;Usuari o als seus documents electr\u00f2nics i fitxers continguts en aquests.<\/p>\n\n\n\n<p>Tamb\u00e9, Medicus Gaia disposa d&#8217;un sistema de vigil\u00e0ncia de seguretat actiu que informa de cada activitat dels usuaris i de possibles bretxes en la seguretat de les dades dels usuaris. En cas de detectar-se alguna escletxa Medicus Gaia, es compromet a <strong>informar els usuaris en el termini m\u00e0xim de 72 hores. <\/strong><\/p>\n\n\n\n<p><strong>QUINA INFORMACI\u00d3 RECAPTEM DELS USUARIS I PER A QU\u00c8 ELS UTILITZEM<\/strong><\/p>\n\n\n\n<p>Tots els serveis oferts al lloc web Medicus Gaia remeten a formularis de contacte, formularis de comentaris i subscripci\u00f3 a newsletter. Aquest Lloc Web sempre requereix el consentiment previ dels usuaris per tractar les seves dades personals amb les finalitats indicades.<\/p>\n\n\n\n<p>Teniu dret a revocar el vostre consentiment previ en qualsevol moment.<\/p>\n\n\n\n<p><strong>Registre d&#8217;activitats de tractament de les dades<\/strong><\/p>\n\n\n\n<p><strong>Web i hosting:<\/strong> El Lloc Web de Medicus Gaia compta amb un xifrat SSL TLS v.1.2 que permet l&#8217;enviament segur de dades personals a trav\u00e9s de formularis de contacte de tipus est\u00e0ndard, allotjats als servidors que Medicus Gaia ha contractat a AFX Solutions.<\/p>\n\n\n\n<p><strong>Dades recollides a trav\u00e9s de la web:<\/strong> Les dades personals recollides seran objecte de tractament automatitzat i incorporades als corresponents fitxers de qu\u00e8 Medicus Gaia \u00e9s titular.<\/p>\n\n\n\n<ul class=\"wp-block-list\">\n<li>Ens arribar\u00e0 la teva IP, que ser\u00e0 utilitzada per comprovar l&#8217;origen del missatge per tal d&#8217;oferir-te informaci\u00f3, protecci\u00f3 contra comentaris SPAM i per detectar possibles irregularitats (per exemple: parts oposades del mateix cas escriuen al lloc web des de la mateixa IP), aix\u00ed com a dades relatives al seu ISP.<\/li>\n\n\n\n<li>Aix\u00ed mateix, ens podr\u00e0s facilitar les teves dades a trav\u00e9s de correu electr\u00f2nic i altres mitjans de comunicaci\u00f3 indicats a la secci\u00f3 de contacte.<\/li>\n<\/ul>\n\n\n\n<p><strong>Formularis de contacte.<\/strong><\/p>\n\n\n\n<p>Finalitat: Facilitar-vos un mitj\u00e0 perqu\u00e8 pugueu posar-vos en contacte amb nosaltres i contestar les vostres sol\u00b7licituds d&#8217;informaci\u00f3, aix\u00ed com enviar-vos comunicacions dels nostres productes, serveis i activitats, inclusivament per mitjans electr\u00f2nics (correu electr\u00f2nic, SMS, WhatsApp, WhatsApp Business i\/o Telegram), si marqueu la casella d&#8217;acceptaci\u00f3.<\/p>\n\n\n\n<p>Legitimaci\u00f3: El consentiment de l&#8217;usuari en sol\u00b7licitar-nos informaci\u00f3 a trav\u00e9s del nostre formulari de contactes i marcar la casella d&#8217;acceptaci\u00f3 d&#8217;enviament d&#8217;informaci\u00f3.<\/p>\n\n\n\n<p>Conservaci\u00f3: Un cop resolta la vostra sol\u00b7licitud per mitj\u00e0 del nostre formulari o contestada per correu electr\u00f2nic, si no heu generat un nou tractament, i en cas d&#8217;haver acceptat rebre enviaments comercials, fins que sol\u00b7licite la baixa dels mateixos.<\/p>\n\n\n\n<p><strong>Formulari de comentaris:<\/strong> A la web hi ha la possibilitat que els usuaris deixin comentaris a les publicacions del lloc. Hi ha una galeta que emmagatzema les dades facilitades per l&#8217;usuari perqu\u00e8 no hagi de tornar a introduir-les a cada nova visita ia m\u00e9s es recullen internament l&#8217;adre\u00e7a de correu electr\u00f2nic, nom, web i l&#8217;adre\u00e7a IP. Les dades estan emmagatzemades als servidors de AFX Solutions.<\/p>\n\n\n\n<p>Si vols, es pot lliurar al servei Gravatar una cadena anonimitzada creada a partir de la teva adre\u00e7a de correu electr\u00f2nic (tamb\u00e9 anomenada hash) per veure si l&#8217;est\u00e0s usant. La pol\u00edtica de privadesa del servei Gravatar est\u00e0 disponible aqu\u00ed: https:\/\/automattic.com\/privacy\/. Despr\u00e9s de l&#8217;aprovaci\u00f3 del vostre comentari, la vostra foto de perfil \u00e9s visible per al p\u00fablic en el context del vostre comentari. Ni el hash ni la teva adre\u00e7a de correu electr\u00f2nic real seran exposats p\u00fablicament.<\/p>\n\n\n\n<p><strong>Formularis de subscripci\u00f3 a Newsletter:<\/strong> Medicus Gaia utilitza el servei d&#8217;enviament de newsletters (butlletins per correu electr\u00f2nic) de MailerLite, empresa ubicada a la Uni\u00f3 Europea, que emmagatzema les teves dades de correu electr\u00f2nic, nom i acceptaci\u00f3 de la subscripci\u00f3. Pots anul\u00b7lar en qualsevol moment la subscripci\u00f3 al butllet\u00ed mitjan\u00e7ant un enlla\u00e7 espec\u00edfic situat al fons de cada enviament que rebis.<\/p>\n\n\n\n<p><strong>Correu electr\u00f2nic:<\/strong> El nostre prestador de serveis de correu electr\u00f2nic \u00e9s Google, Inc, a trav\u00e9s de Google Apps per a empreses i el propi correu allotjat a AFX Solutions.<\/p>\n\n\n\n<p><strong>Missatgeria instant\u00e0nia:<\/strong> Medicus Gaia presta servei a trav\u00e9s de missatgeria instant\u00e0nia utilitzant de les Aplicacions de WhatsApp, WhatsApp Business i\/o Telegram.<\/p>\n\n\n\n<p><strong>Registre d&#8217;usuaris:<\/strong> No s&#8217;admeten tret de petici\u00f3 expressa.<\/p>\n\n\n\n<p><strong>Registres de seguretat:<\/strong> L&#8217;adre\u00e7a IP dels visitants, l&#8217;ID dels usuaris connectats i el nom d&#8217;usuari dels intents d&#8217;acc\u00e9s es registren de manera condicional per comprovar activitats malicioses i protegir el lloc de tipus espec\u00edfics d&#8217;atacs. Exemples de condicions en qu\u00e8 es fa registre s\u00f3n els intents d&#8217;acc\u00e9s, sol\u00b7licituds de desconnexi\u00f3, sol\u00b7licituds d&#8217;URL sospitoses, canvis en el contingut del lloc i canvis de contrasenyes. <\/p>\n\n\n\n<p><strong>Contingut incrustat des d&#8217;altres webs<\/strong><\/p>\n\n\n\n<p>Els articles d&#8217;aquest lloc poden incloure contingut incrustat (p. ex. v\u00eddeos, imatges, articles, etc.). El contingut incrustat des d&#8217;altres webs es comporta de la mateixa manera que si el visitant ha visitat l&#8217;altra web.<\/p>\n\n\n\n<p>Aquestes webs poden recopilar dades sobre tu, utilitzar cookies, incrustar seguiment de tercers, i vigilar la teva interacci\u00f3 amb el contingut incrustat, incl\u00f2s el seguiment de la teva interacci\u00f3 amb el contingut incrustat si tens un compte o est\u00e0s connectat a aquest web.<\/p>\n\n\n\n<p><strong>Altres serveis:<\/strong> Certs serveis prestats a trav\u00e9s del Lloc Web poden contenir condicions particulars amb previsions espec\u00edfiques en mat\u00e8ria de protecci\u00f3 de dades personals. Se&#8217;n fa indispensable la lectura i l&#8217;acceptaci\u00f3 amb car\u00e0cter previ a la sol\u00b7licitud del servei de qu\u00e8 es tracti.<\/p>\n\n\n\n<p><strong>Finalitat i legitimaci\u00f3: <\/strong> La finalitat del tractament d&#8217;aquestes dades ser\u00e0 \u00fanicament la de prestar-vos la informaci\u00f3 o serveis que ens sol\u00b7liciteu.<\/p>\n\n\n\n<p><strong>Xarxes socials<\/strong><\/p>\n\n\n\n<p><strong>Pres\u00e8ncia a xarxes:<\/strong> Medicus Gaia compta amb perfil en algunes de les principals xarxes socials d&#8217;Internet.<\/p>\n\n\n\n<p><strong>Finalitat i legitimaci\u00f3:<\/strong> El tractament que Medicus Gaia dur\u00e0 a terme amb les dades dins de cadascuna de les referides xarxes ser\u00e0, com a m\u00e0xim, el que la xarxa social permeti als perfils corporatius. Aix\u00ed, Medicus Gaia podr\u00e0 informar, quan la llei no ho prohibeixi, els seus seguidors per qualsevol via que la xarxa social permeti sobre les seves activitats, pon\u00e8ncies, ofertes, aix\u00ed com prestar servei personalitzat d&#8217;atenci\u00f3 al client.<\/p>\n\n\n\n<p><strong>Extracci\u00f3 de dades:<\/strong> En cap cas Medicus Gaia extraur\u00e0 dades de les xarxes socials, llevat que s&#8217;obtingu\u00e9s puntual i expressament el consentiment de l&#8217;usuari.<\/p>\n\n\n\n<p><strong>Drets:<\/strong> Quan, a causa de la pr\u00f2pia naturalesa de les xarxes socials, l&#8217;exercici efectiu dels drets de protecci\u00f3 de dades del seguidor quedi supeditat a la modificaci\u00f3 del perfil personal d&#8217;aquest, Medicus Gaia t&#8217;ajudar\u00e0 i aconsellar\u00e0 amb aquesta finalitat en la mesura de possibilitats.<\/p>\n\n\n\n<p><strong>Encarregats del tractament fora de la UE<\/strong><\/p>\n\n\n\n<p><strong>Emmagatzematge i xifratge.<\/strong> Medicus Gaia utilitza serveis d&#8217;emmagatzematge xifrat de <a href=\"https:\/\/www.google.com\/intl\/es\/about\/company\/\">Google Inc<\/a> a trav\u00e9s de <a href=\"https:\/\/www.google.com\/intl\/es_es\/drive\/\">Google Drive<\/a>.<\/p>\n\n\n\n<p><strong>Correu electr\u00f2nic.<\/strong> El servei de correu electr\u00f2nic de Medicus Gaia es presta usant els serveis de <a href=\"https:\/\/www.google.es\/intl\/es\/about\/\">Google Inc.<\/a> a trav\u00e9s de Google Apps.<\/p>\n\n\n\n<p><strong>Xarxes socials.<\/strong> Medicus Gaia fa \u00fas de les xarxes socials nord-americanes Facebook, Instagram, YouTube, Pinterest i Twitter, a qui es realitza una transfer\u00e8ncia internacional de dades, de tipus anal\u00edtics i t\u00e8cnics en relaci\u00f3 amb el Lloc Web sent als seus servidors on Medicus Gaia tracta les dades que, a trav\u00e9s seu, els usuaris, subscriptors o navegants lliuren a la firma Medicus Gaia o hi comparteixen.<\/p>\n\n\n\n<p><strong>Compromisos i obligacions amb els nostres usuaris<\/strong><\/p>\n\n\n\n<p>L&#8217;acc\u00e9s i\/o \u00fas d&#8217;aquest lloc web atribueix a qui el realitza la condici\u00f3 d&#8217;usuari, acceptant, des d&#8217;aquest mateix moment, plenament i sense cap reserva, aquest Av\u00eds Legal en relaci\u00f3 amb determinats serveis i continguts del lloc web.<\/p>\n\n\n\n<p>En la utilitzaci\u00f3 del lloc web Medicus Gaia l&#8217;Usuari es compromet a no dur a terme cap conducta que pogu\u00e9s fer malb\u00e9 la imatge, els interessos i els drets de Medicus Gaia o de tercers o que pogu\u00e9s danyar, inutilitzar o sobrecarregar el portal Medicus Gaia o que imped\u00eds, de qualsevol manera, la normal utilitzaci\u00f3 del lloc web.<\/p>\n\n\n\n<p><strong>Actualitzacions<\/strong><\/p>\n\n\n\n<p>Medicus Gaia es reserva el dret a modificar aquesta pol\u00edtica per adaptar-la a novetats legislatives o jurisprudencials que puguin afectar-ne el compliment.<\/p>\n","protected":false},"excerpt":{"rendered":"<p>TITULAR DE LA WEB PROTECCI\u00d3 DE DADES PERSONALS Responsable del tractament Dades de contacte del responsable: Medicus Gaia (B67964932), amb domicili C\/ Deg\u00e0 Bah\u00ed 62 | 08026 Barcelona Dades de contacte de Responsable de Seguretat: Medicus Gaia info@medicusgaia.com ELS TEUS DRETS DE PROTECCI\u00d3 DE DADES Com exercitar els drets: Podeu adre\u00e7ar una comunicaci\u00f3 per escrit [&hellip;]<\/p>\n","protected":false},"author":2,"featured_media":0,"parent":0,"menu_order":0,"comment_status":"closed","ping_status":"closed","template":"","meta":{"_et_pb_use_builder":"off","_et_pb_old_content":"","_et_gb_content_width":"","footnotes":""},"class_list":["post-26331","page","type-page","status-publish","hentry"],"yoast_head":"<!-- This site is optimized with the Yoast SEO plugin v27.4 - https:\/\/yoast.com\/product\/yoast-seo-wordpress\/ -->\n<title>Pol\u00edtica de Privadesa - Medicus Gaia<\/title>\n<meta name=\"description\" content=\"Pots adre\u00e7ar-te per escrit al domicili social de Medicus Gaia oa l&#039;adre\u00e7a de correu electr\u00f2nic indicada en aquest av\u00eds legal.\" \/>\n<meta name=\"robots\" content=\"noindex, nofollow\" \/>\n<meta property=\"og:locale\" content=\"ca_ES\" \/>\n<meta property=\"og:type\" content=\"article\" \/>\n<meta property=\"og:title\" content=\"Pol\u00edtica de Privadesa - Medicus Gaia\" \/>\n<meta property=\"og:description\" content=\"Pots adre\u00e7ar-te per escrit al domicili social de Medicus Gaia oa l&#039;adre\u00e7a de correu electr\u00f2nic indicada en aquest av\u00eds legal.\" \/>\n<meta property=\"og:url\" content=\"https:\/\/medicusgaia.com\/ca\/politica-de-privadesa\/\" \/>\n<meta property=\"og:site_name\" content=\"Medicus Gaia\" \/>\n<meta property=\"article:publisher\" content=\"https:\/\/www.facebook.com\/profile.php?id=100083402287688\" \/>\n<meta property=\"article:modified_time\" content=\"2024-08-27T10:04:19+00:00\" \/>\n<meta name=\"twitter:card\" content=\"summary_large_image\" \/>\n<meta name=\"twitter:label1\" content=\"Temps estimat de lectura\" \/>\n\t<meta name=\"twitter:data1\" content=\"11 minuts\" \/>\n<script type=\"application\/ld+json\" class=\"yoast-schema-graph\">{\"@context\":\"https:\\\/\\\/schema.org\",\"@graph\":[{\"@type\":\"WebPage\",\"@id\":\"https:\\\/\\\/medicusgaia.com\\\/ca\\\/politica-de-privadesa\\\/\",\"url\":\"https:\\\/\\\/medicusgaia.com\\\/ca\\\/politica-de-privadesa\\\/\",\"name\":\"Pol\u00edtica de Privadesa - Medicus Gaia\",\"isPartOf\":{\"@id\":\"https:\\\/\\\/medicusgaia.com\\\/ca\\\/#website\"},\"datePublished\":\"2024-05-22T17:12:17+00:00\",\"dateModified\":\"2024-08-27T10:04:19+00:00\",\"description\":\"Pots adre\u00e7ar-te per escrit al domicili social de Medicus Gaia oa l'adre\u00e7a de correu electr\u00f2nic indicada en aquest av\u00eds legal.\",\"inLanguage\":\"ca\",\"potentialAction\":[{\"@type\":\"ReadAction\",\"target\":[\"https:\\\/\\\/medicusgaia.com\\\/ca\\\/politica-de-privadesa\\\/\"]}]},{\"@type\":\"WebSite\",\"@id\":\"https:\\\/\\\/medicusgaia.com\\\/ca\\\/#website\",\"url\":\"https:\\\/\\\/medicusgaia.com\\\/ca\\\/\",\"name\":\"Medicus Gaia\",\"description\":\"Institut de Salut i Medicina Integrativa\",\"publisher\":{\"@id\":\"https:\\\/\\\/medicusgaia.com\\\/ca\\\/#organization\"},\"potentialAction\":[{\"@type\":\"SearchAction\",\"target\":{\"@type\":\"EntryPoint\",\"urlTemplate\":\"https:\\\/\\\/medicusgaia.com\\\/ca\\\/?s={search_term_string}\"},\"query-input\":{\"@type\":\"PropertyValueSpecification\",\"valueRequired\":true,\"valueName\":\"search_term_string\"}}],\"inLanguage\":\"ca\"},{\"@type\":\"Organization\",\"@id\":\"https:\\\/\\\/medicusgaia.com\\\/ca\\\/#organization\",\"name\":\"Medicus Gaia\",\"url\":\"https:\\\/\\\/medicusgaia.com\\\/ca\\\/\",\"logo\":{\"@type\":\"ImageObject\",\"inLanguage\":\"ca\",\"@id\":\"https:\\\/\\\/medicusgaia.com\\\/ca\\\/#\\\/schema\\\/logo\\\/image\\\/\",\"url\":\"https:\\\/\\\/medicusgaia.com\\\/wp-content\\\/uploads\\\/2024\\\/05\\\/medicus-gaia-institut-de-salut-i-medicina-integrativa-crisitina-pellicer-1.png\",\"contentUrl\":\"https:\\\/\\\/medicusgaia.com\\\/wp-content\\\/uploads\\\/2024\\\/05\\\/medicus-gaia-institut-de-salut-i-medicina-integrativa-crisitina-pellicer-1.png\",\"width\":900,\"height\":346,\"caption\":\"Medicus Gaia\"},\"image\":{\"@id\":\"https:\\\/\\\/medicusgaia.com\\\/ca\\\/#\\\/schema\\\/logo\\\/image\\\/\"},\"sameAs\":[\"https:\\\/\\\/www.facebook.com\\\/profile.php?id=100083402287688\",\"https:\\\/\\\/www.instagram.com\\\/ismi_medicusgaia\\\/\",\"https:\\\/\\\/www.linkedin.com\\\/company\\\/institut-de-salut-i-medicina-integrativa-medicus-gaia\\\/\"]}]}<\/script>\n<!-- \/ Yoast SEO plugin. -->","yoast_head_json":{"title":"Pol\u00edtica de Privadesa - Medicus Gaia","description":"Pots adre\u00e7ar-te per escrit al domicili social de Medicus Gaia oa l'adre\u00e7a de correu electr\u00f2nic indicada en aquest av\u00eds legal.","robots":{"index":"noindex","follow":"nofollow"},"og_locale":"ca_ES","og_type":"article","og_title":"Pol\u00edtica de Privadesa - Medicus Gaia","og_description":"Pots adre\u00e7ar-te per escrit al domicili social de Medicus Gaia oa l'adre\u00e7a de correu electr\u00f2nic indicada en aquest av\u00eds legal.","og_url":"https:\/\/medicusgaia.com\/ca\/politica-de-privadesa\/","og_site_name":"Medicus Gaia","article_publisher":"https:\/\/www.facebook.com\/profile.php?id=100083402287688","article_modified_time":"2024-08-27T10:04:19+00:00","twitter_card":"summary_large_image","twitter_misc":{"Temps estimat de lectura":"11 minuts"},"schema":{"@context":"https:\/\/schema.org","@graph":[{"@type":"WebPage","@id":"https:\/\/medicusgaia.com\/ca\/politica-de-privadesa\/","url":"https:\/\/medicusgaia.com\/ca\/politica-de-privadesa\/","name":"Pol\u00edtica de Privadesa - Medicus Gaia","isPartOf":{"@id":"https:\/\/medicusgaia.com\/ca\/#website"},"datePublished":"2024-05-22T17:12:17+00:00","dateModified":"2024-08-27T10:04:19+00:00","description":"Pots adre\u00e7ar-te per escrit al domicili social de Medicus Gaia oa l'adre\u00e7a de correu electr\u00f2nic indicada en aquest av\u00eds legal.","inLanguage":"ca","potentialAction":[{"@type":"ReadAction","target":["https:\/\/medicusgaia.com\/ca\/politica-de-privadesa\/"]}]},{"@type":"WebSite","@id":"https:\/\/medicusgaia.com\/ca\/#website","url":"https:\/\/medicusgaia.com\/ca\/","name":"Medicus Gaia","description":"Institut de Salut i Medicina Integrativa","publisher":{"@id":"https:\/\/medicusgaia.com\/ca\/#organization"},"potentialAction":[{"@type":"SearchAction","target":{"@type":"EntryPoint","urlTemplate":"https:\/\/medicusgaia.com\/ca\/?s={search_term_string}"},"query-input":{"@type":"PropertyValueSpecification","valueRequired":true,"valueName":"search_term_string"}}],"inLanguage":"ca"},{"@type":"Organization","@id":"https:\/\/medicusgaia.com\/ca\/#organization","name":"Medicus Gaia","url":"https:\/\/medicusgaia.com\/ca\/","logo":{"@type":"ImageObject","inLanguage":"ca","@id":"https:\/\/medicusgaia.com\/ca\/#\/schema\/logo\/image\/","url":"https:\/\/medicusgaia.com\/wp-content\/uploads\/2024\/05\/medicus-gaia-institut-de-salut-i-medicina-integrativa-crisitina-pellicer-1.png","contentUrl":"https:\/\/medicusgaia.com\/wp-content\/uploads\/2024\/05\/medicus-gaia-institut-de-salut-i-medicina-integrativa-crisitina-pellicer-1.png","width":900,"height":346,"caption":"Medicus Gaia"},"image":{"@id":"https:\/\/medicusgaia.com\/ca\/#\/schema\/logo\/image\/"},"sameAs":["https:\/\/www.facebook.com\/profile.php?id=100083402287688","https:\/\/www.instagram.com\/ismi_medicusgaia\/","https:\/\/www.linkedin.com\/company\/institut-de-salut-i-medicina-integrativa-medicus-gaia\/"]}]}},"_links":{"self":[{"href":"https:\/\/medicusgaia.com\/ca\/wp-json\/wp\/v2\/pages\/26331","targetHints":{"allow":["GET"]}}],"collection":[{"href":"https:\/\/medicusgaia.com\/ca\/wp-json\/wp\/v2\/pages"}],"about":[{"href":"https:\/\/medicusgaia.com\/ca\/wp-json\/wp\/v2\/types\/page"}],"author":[{"embeddable":true,"href":"https:\/\/medicusgaia.com\/ca\/wp-json\/wp\/v2\/users\/2"}],"replies":[{"embeddable":true,"href":"https:\/\/medicusgaia.com\/ca\/wp-json\/wp\/v2\/comments?post=26331"}],"version-history":[{"count":9,"href":"https:\/\/medicusgaia.com\/ca\/wp-json\/wp\/v2\/pages\/26331\/revisions"}],"predecessor-version":[{"id":26772,"href":"https:\/\/medicusgaia.com\/ca\/wp-json\/wp\/v2\/pages\/26331\/revisions\/26772"}],"wp:attachment":[{"href":"https:\/\/medicusgaia.com\/ca\/wp-json\/wp\/v2\/media?parent=26331"}],"curies":[{"name":"wp","href":"https:\/\/api.w.org\/{rel}","templated":true}]}}