{"id":26328,"date":"2024-05-22T18:05:27","date_gmt":"2024-05-22T16:05:27","guid":{"rendered":"https:\/\/medicusgaia.com\/avis-legal\/"},"modified":"2024-05-22T18:05:29","modified_gmt":"2024-05-22T16:05:29","slug":"avis-legal","status":"publish","type":"page","link":"https:\/\/medicusgaia.com\/ca\/avis-legal\/","title":{"rendered":"Av\u00eds Legal"},"content":{"rendered":"\n<p><strong>TITULAR DE LA WEB<\/strong><\/p>\n\n<ul class=\"wp-block-list\">\n<li>La seva denominaci\u00f3 social \u00e9s: Institut de Salut i Medicina Integrativa Medicus Gaia, SL<\/li>\n\n\n\n<li>El NIF: B67964932<\/li>\n\n\n\n<li>El seu domicili social \u00e9s: c\/ Casp 146 Entres\u00f2l D 08013 Barcelona<\/li>\n\n\n\n<li>Marca identificativa: Medicus Gaia<\/li>\n\n\n\n<li>La seva activitat social \u00e9s: atenci\u00f3 m\u00e8dica<\/li>\n\n\n\n<li>Correu electr\u00f2nic: info@medicusgaia.com<\/li>\n\n\n\n<li>Finalitat de la p\u00e0gina web: informaci\u00f3, consulta i atenci\u00f3 de sol\u00b7licituds de diversa \u00edndole per part de l&#8217;Usuari.<\/li>\n\n\n\n<li>P\u00e0gines de medicusgaia.com (d&#8217;ara endavant Medicus Gaia): medicusgaia.com<\/li>\n<\/ul>\n\n<p><strong>RESPONSABILITAT PEL CONTINGUT DEL LLOC WEB<\/strong><\/p>\n\n<p>El Lloc Web cont\u00e9 textos elaborats amb finalitats merament informatives o divulgatives que poden no reflectir l&#8217;estat actual de la legislaci\u00f3 o la jurisprud\u00e8ncia i que es refereixen a situacions generals per la qual cosa el seu contingut no pot ser aplicat mai per l&#8217;usuari a casos concrets. Les opinions abocades en aquests no reflecteixen necess\u00e0riament els punts de vista de Medicus Gaia. El contingut dels articles publicats en aquest Lloc Web no es pot considerar, en cap cas, substitutiu d&#8217;assessorament legal. L&#8217;usuari no ha d&#8217;actuar sobre la base de la informaci\u00f3 continguda en aquest Lloc Web sense rec\u00f3rrer pr\u00e8viament al corresponent assessorament professional.<\/p>\n\n<p>Els enlla\u00e7os externs que cont\u00e9 aquest Lloc Web condueixen a llocs gestionats per tercers. Medicus Gaia no respon dels continguts ni de l&#8217;estat dels llocs esmentats. L&#8217;\u00fas d&#8217;enlla\u00e7os externs tampoc no implica que Medicus Gaia recomani o aprovi els continguts de les p\u00e0gines de destinaci\u00f3.<\/p>\n\n<p><strong>Drets de propietat intel\u00b7lectual i industrial<\/strong><\/p>\n\n<p>Mitjan\u00e7ant aquestes Condicions Generals no se cedeix cap dret de propietat intel\u00b7lectual o industrial sobre el portal Medicus Gaia ni sobre cap dels seus elements integrants, quedant expressament prohibits a l&#8217;Usuari la reproducci\u00f3, transformaci\u00f3, distribuci\u00f3, comunicaci\u00f3 p\u00fablica, posada a disposici\u00f3 del p\u00fablic, extracci\u00f3, reutilitzaci\u00f3, reenviament o la utilitzaci\u00f3 de qualsevol naturalesa, per qualsevol mitj\u00e0 o procediment, de qualsevol d&#8217;ells, llevat dels casos en qu\u00e8 estigui legalment perm\u00e8s o sigui autoritzat pel titular dels drets corresponents.<\/p>\n\n<p>L&#8217;usuari coneix i accepta que la totalitat del lloc web, contenint sense car\u00e0cter exhaustiu el text, les imatges, els dissenys, programari, continguts (incloent-hi estructura, selecci\u00f3, ordenaci\u00f3 i presentaci\u00f3), material audiovisual i gr\u00e0fics, est\u00e0 protegida per marques, drets d&#8217;autor i altres drets leg\u00edtims registrats, d&#8217;acord amb els tractats internacionals on Espanya \u00e9s part i altres drets de propietat i lleis d&#8217;Espanya.<\/p>\n\n<p>En cas que un usuari o un tercer considerin que s&#8217;ha produ\u00eft una violaci\u00f3 dels seus leg\u00edtims drets de propietat intel\u00b7lectual per la introducci\u00f3 d&#8217;un determinat contingut al Web, haur\u00e0 de notificar aquesta circumst\u00e0ncia a Medicus Gaia indicant:<\/p>\n\n<ul class=\"wp-block-list\">\n<li>Dades personals de l&#8217;interessat titular dels drets presumptament infringits, o indicar la representaci\u00f3 amb qu\u00e8 actua en cas que la reclamaci\u00f3 la presenti un tercer diferent de linteressat.<\/li>\n<\/ul>\n\n<p>Assenyalar els continguts protegits pels drets de propietat intel\u00b7lectual i la seva ubicaci\u00f3 al web, l&#8217;acreditaci\u00f3 dels drets de propietat intel\u00b7lectual assenyalats i declaraci\u00f3 expressa en qu\u00e8 l&#8217;interessat es responsabilitza de la veracitat de les informacions facilitades a la notificaci\u00f3.<\/p>\n\n<p><strong>Normativa i resoluci\u00f3 de conflictes<\/strong><\/p>\n\n<p>Aquestes Condicions d&#8217;\u00das del Lloc Web es regeixen en tots i cadascun dels seus extrems per la llei espanyola. L&#8217;idioma de redacci\u00f3 i d&#8217;interpretaci\u00f3 d&#8217;aquest av\u00eds legal \u00e9s l&#8217;espanyol. Aquest av\u00eds legal no s&#8217;arxivar\u00e0 individualment per a cada usuari sin\u00f3 que romandr\u00e0 accessible per Internet en aquest mateix Lloc Web.<\/p>\n\n<p>Els Usuaris poden sotmetre&#8217;s al Sistema Arbitral de Consum del qual Medicus Gaia formar\u00e0 part per resoldre qualsevol controv\u00e8rsia o reclamaci\u00f3 derivada del present text o de qualsevol activitat de Medicus Gaia, excepte per resoldre aquells conflictes que portin causa del desenvolupament d&#8217;una activitat que requereixi col\u00b7legiaci\u00f3, en aquest cas, el Client haur\u00e0 d&#8217;adre\u00e7ar-se a l&#8217;\u00f2rgan corresponent del col\u00b7legi d&#8217;advocats oport\u00fa.<\/p>\n\n<p>Els Usuaris que tinguin la condici\u00f3 de consumidors o usuaris conforme els defineix la normativa espanyola i resideixin a la Uni\u00f3 Europea, si han tingut un problema amb una compra en l\u00ednia realitzada a Medicus Gaia, per intentar arribar a un acord extrajudicial poden acudir a la <a href=\"https:\/\/webgate.ec.europa.eu\/odr\">Plataforma de Resoluci\u00f3 de litigis en l\u00ednia<\/a>, creada per la Uni\u00f3 Europea i desenvolupada per la Comissi\u00f3 Europea a la protecci\u00f3 del <a href=\"http:\/\/eur-lex.europa.eu\/legal-content\/ES\/TXT\/?uri=celex%3A32013R0524\">Reglament (UE) 524\/2013<\/a>.<\/p>\n\n<p>Sempre que l&#8217;Usuari no sigui consumidor o usuari, i quan no hi hagi una norma que obligui a una altra cosa, les parts acorden sotmetre&#8217;s als Jutjats i Tribunals de Barcelona, perqu\u00e8 aquest \u00e9s el lloc de celebraci\u00f3 del contracte, amb ren\u00fancia expressa a qualsevol altra jurisdicci\u00f3 que els pogu\u00e9s correspondre.<\/p>\n\n<p><strong>QU\u00c8 ESPEREM DELS USUARIS<\/strong><\/p>\n\n<p>L&#8217;acc\u00e9s i\/o \u00fas d&#8217;aquest lloc web atribueix a qui el realitza la condici\u00f3 d&#8217;Usuari, acceptant, des d&#8217;aquest mateix moment, plenament i sense cap reserva, aquest Av\u00eds Legal, aix\u00ed com les condicions particulars que, si escau, ho complementin, en relaci\u00f3 amb determinats serveis i continguts del lloc web.<\/p>\n\n<p>L&#8217;Usuari queda informat, i accepta, que l&#8217;acc\u00e9s a la present web no suposa, de cap manera, l&#8217;inici d&#8217;una relaci\u00f3 comercial amb Medicus Gaia . D&#8217;aquesta manera, l&#8217;usuari es compromet a utilitzar el lloc web, els serveis i els continguts sense contravenir la legislaci\u00f3 vigent, la bona fe i l&#8217;ordre p\u00fablic. Queda prohibit l&#8217;\u00fas del web amb finalitats il\u00b7l\u00edcites o lesives, o qu\u00e8, de qualsevol manera, puguin causar perjudici o impedir el funcionament normal del lloc web. Pel que fa als continguts d&#8217;aquest lloc, es prohibeix:<\/p>\n\n<ul class=\"wp-block-list\">\n<li>La seva reproducci\u00f3, distribuci\u00f3 o modificaci\u00f3, total o parcial, llevat que es compti amb lautoritzaci\u00f3 dels seus leg\u00edtims titulars.<\/li>\n\n\n\n<li>Qualsevol vulneraci\u00f3 dels drets del prestador o dels leg\u00edtims titulars.<\/li>\n\n\n\n<li>La seva utilitzaci\u00f3 per a fins comercials o publicitaris.<\/li>\n<\/ul>\n\n<p><strong>Enlla\u00e7os externs<\/strong><\/p>\n\n<p>Les p\u00e0gines del lloc web Medicus Gaia proporcionen enlla\u00e7os a altres llocs web propis i continguts propietat de tercers la de fabricants o prove\u00efdors. L&#8217;\u00fanic objecte dels enlla\u00e7os \u00e9s proporcionar a l&#8217;Usuari la possibilitat d&#8217;accedir als enlla\u00e7os esmentats i con\u00e8ixer els nostres productes, encara que Medicus Gaia no es responsabilitza en cap cas dels resultats que puguin derivar-se a l&#8217;Usuari per acc\u00e9s a aquests enlla\u00e7os.<\/p>\n\n<p>El Usuario que se proponga establecer cualquier dispositivo t\u00e9cnico de enlace desde su sitio web al el portal Medicus Gaia deber\u00e1 obtener la autorizaci\u00f3n previa y escrita de Medicus Gaia . L&#8217;establiment de l&#8217;enlla\u00e7 no implica en cap cas l&#8217;exist\u00e8ncia de relacions entre Medicus Gaia i el propietari del lloc on s&#8217;estableixi l&#8217;enlla\u00e7, ni l&#8217;acceptaci\u00f3 o l&#8217;aprovaci\u00f3 de Medicus Gaia dels seus continguts o serveis.<\/p>\n\n<p><strong>Altres condicions d&#8217;\u00fas d&#8217;aquest web<\/strong><\/p>\n\n<p>L&#8217;usuari es compromet a fer un \u00fas diligent del lloc web i dels serveis accessibles des d&#8217;aquest, amb subjecci\u00f3 total a la Llei, als bons costums i al present av\u00eds legal. Aix\u00ed mateix, es compromet, excepte autoritzaci\u00f3 pr\u00e8via, expressa i escrita de Medicus Gaia a utilitzar la informaci\u00f3 continguda al lloc web, exclusivament per a la seva informaci\u00f3, i no podr\u00e0 realitzar ni directament ni indirectament una explotaci\u00f3 comercial dels continguts a qu\u00e8 t\u00e9 acc\u00e9s.<\/p>\n\n<p>Aquest lloc emmagatzema un fitxer de dades relatives als comentaris enviats a aquest lloc. Podreu exercitar els vostres drets d&#8217;acc\u00e9s, rectificaci\u00f3, cancel\u00b7laci\u00f3 o oposici\u00f3 mitjan\u00e7ant un enviament d&#8217;un correu electr\u00f2nic a l&#8217;adre\u00e7a info@medicusgaia.com.<\/p>\n\n<p>Aquest lloc, els dominis associats i la propietat del contingut pertanyen a Medicus Gaia amb B67964932 ic\/ Casp 146 Entres\u00f2l D 08013 Barcelona.<\/p>\n\n<p>Part de les imatges i els v\u00eddeos allotjats en aquesta web s\u00f3n del banc d&#8217;imatges lliure unsplash.com, freepik.es i\/o pixabay.com.<\/p>\n\n<p>Aquest lloc web cont\u00e9 hiperenlla\u00e7os que condueixen a altres p\u00e0gines web gestionades per tercers aliens a la nostra organitzaci\u00f3. Medicus Gaia no garanteix ni es fa responsable del contingut que es reculli a aquestes p\u00e0gines web.<\/p>\n\n<p>Llevat d&#8217;autoritzaci\u00f3 expressa, pr\u00e8via i per escrit de Medicus Gaia, queda terminantment prohibida la reproducci\u00f3, excepte per a \u00fas privat, la transformaci\u00f3, i en general qualsevol altra forma d&#8217;explotaci\u00f3, per qualsevol procediment, de tot o part dels continguts d&#8217;aquest lloc web .<\/p>\n\n<p>Queda terminantment prohibit realitzar, sense el consentiment previ de Medicus Gaia qualsevol manipulaci\u00f3 o alteraci\u00f3 d&#8217;aquest lloc web. Conseq\u00fcentment, Medicus Gaia assumir\u00e0 cap responsabilitat derivada, o que se&#8217;n pogu\u00e9s derivar, d&#8217;aquesta alteraci\u00f3 o manipulaci\u00f3 per tercers.<\/p>\n\n<p><strong>Exercici de drets ARCO<\/strong><\/p>\n\n<p>Podr\u00e0s exercitar, respecte de les dades recollides, els drets reconeguts a la Llei Org\u00e0nica 15\/1999, d&#8217;acc\u00e9s, rectificaci\u00f3 o cancel\u00b7laci\u00f3 de dades i oposici\u00f3. Per aix\u00f2 t&#8217;informo que podr\u00e0s exercir aquests drets mitjan\u00e7ant sol\u00b7licitud escrita i signada que podr\u00e0 enviar, juntament amb fotoc\u00f2pia del teu DNI o document identificatiu equivalent, per correu electr\u00f2nic, adjuntat fotoc\u00f2pia de DNI a: info@medicusgaia.com. Abans dels 10 dies respondrem a la teva sol\u00b7licitud per confirmar-te l&#8217;execuci\u00f3 del dret que hagis sol\u00b7licitat exercir.<\/p>\n\n<p><strong>Exclusi\u00f3 de garanties i responsabilitat<\/strong><\/p>\n\n<p>Medicus Gaia no atorga cap garantia ni es fa responsable, en cap cas, dels danys i perjudicis de qualsevol naturalesa que poguessin portar causa de:<\/p>\n\n<ul class=\"wp-block-list\">\n<li>La manca de disponibilitat, manteniment i efectiu funcionament de la web o dels seus serveis i continguts;<\/li>\n\n\n\n<li>L&#8217;exist\u00e8ncia de virus, programes maliciosos o lesius als continguts;<\/li>\n\n\n\n<li>L&#8217;\u00fas il\u00b7l\u00edcit, negligent, fraudulent o contrari a aquest Av\u00eds Legal;<\/li>\n\n\n\n<li>La manca de licitud, qualitat, fiabilitat, utilitat i disponibilitat dels serveis prestats per tercers i posats a disposici\u00f3 dels usuaris al lloc web.<\/li>\n<\/ul>\n\n<p>Medicus Gaia no es fa responsable sota cap concepte dels danys que poguessin dimanar de l&#8217;\u00fas il\u00b7legal o indegut d&#8217;aquesta p\u00e0gina web.<\/p>\n\n<p><strong>Plataforma Europea de resoluci\u00f3 de litigis en l\u00ednia<\/strong><\/p>\n\n<p>La Comissi\u00f3 Europea facilita una plataforma de resoluci\u00f3 de litigis en l\u00ednia que es troba disponible al seg\u00fcent enlla\u00e7: <a href=\"http:\/\/ec.europa.eu\/consumers\/odr\/\">http:\/\/ec.europa.eu\/consumers\/odr\/<\/a>. Els consumidors podran sotmetre les reclamacions a trav\u00e9s de la plataforma de resoluci\u00f3 de litigis en l\u00ednia<\/p>\n\n<p><strong>Llei aplicable i jurisdicci\u00f3<\/strong><\/p>\n\n<p>Amb car\u00e0cter general les relacions entre Medicus Gaia amb els Usuaris dels seus serveis telem\u00e0tics, presents en aquest lloc web, estan sotmeses a la legislaci\u00f3 i jurisdicci\u00f3 espanyoles.<\/p>\n\n<p><strong>Sempre estarem localitzables: El nostre contacte<\/strong><\/p>\n\n<p>En cas que qualsevol Usuari tingu\u00e9s algun dubte sobre aquestes Condicions legals o qualsevol comentari sobre el portal Medicus Gaia, si us plau adreceu-vos a info@medicusgaia.com o utilitzeu el formulari de contacte disponible al lloc web.<\/p>\n\n<p>La nostra pol\u00edtica de privadesa descriu com recollim, guardem o utilitzem la informaci\u00f3 que recaptem a trav\u00e9s dels diferents serveis o p\u00e0gines disponibles en aquest lloc. \u00c9s important que entengueu quina informaci\u00f3 recollim i com la utilitzem ja que l&#8217;acc\u00e9s a aquest lloc implica l&#8217;acceptaci\u00f3 de la nostra pol\u00edtica de privadesa.<\/p>\n\n<p><strong>Acceptaci\u00f3 i consentiment<\/strong><\/p>\n\n<p>L&#8217;Usuari declara haver estat informat de les condicions sobre protecci\u00f3 de dades de car\u00e0cter personal, acceptant i consentint-ne el tractament per part de Medicus Gaia, en la forma i per a les finalitats indicades en aquesta Pol\u00edtica de Privadesa.<\/p>\n\n<p><strong>Correus comercials<\/strong><\/p>\n\n<p>D&#8217;acord amb la LSSICE, Medicus Gaia no fa pr\u00e0ctiques de SPAM, per la qual cosa no envia correus comercials per via electr\u00f2nica que no hagin estat pr\u00e8viament sol\u00b7licitats o autoritzats per l&#8217;Usuari. En conseq\u00fc\u00e8ncia, a cadascun dels formularis que hi ha a la P\u00e0gina Web, l&#8217;Usuari t\u00e9 la possibilitat de donar el seu consentiment expr\u00e9s per rebre la nostra Newsletter\/butllet\u00ed, amb independ\u00e8ncia de la informaci\u00f3 comercial puntualment sol\u00b7licitada.<\/p>\n","protected":false},"excerpt":{"rendered":"<p>TITULAR DE LA WEB RESPONSABILITAT PEL CONTINGUT DEL LLOC WEB El Lloc Web cont\u00e9 textos elaborats amb finalitats merament informatives o divulgatives que poden no reflectir l&#8217;estat actual de la legislaci\u00f3 o la jurisprud\u00e8ncia i que es refereixen a situacions generals per la qual cosa el seu contingut no pot ser aplicat mai per l&#8217;usuari [&hellip;]<\/p>\n","protected":false},"author":2,"featured_media":0,"parent":0,"menu_order":0,"comment_status":"closed","ping_status":"closed","template":"","meta":{"_et_pb_use_builder":"off","_et_pb_old_content":"","_et_gb_content_width":"","footnotes":""},"class_list":["post-26328","page","type-page","status-publish","hentry"],"yoast_head":"<!-- This site is optimized with the Yoast SEO plugin v27.4 - https:\/\/yoast.com\/product\/yoast-seo-wordpress\/ -->\n<title>Av\u00eds Legal - Medicus Gaia<\/title>\n<meta name=\"robots\" content=\"noindex, nofollow\" \/>\n<meta property=\"og:locale\" content=\"ca_ES\" \/>\n<meta property=\"og:type\" content=\"article\" \/>\n<meta property=\"og:title\" content=\"Av\u00eds Legal - Medicus Gaia\" \/>\n<meta property=\"og:description\" content=\"TITULAR DE LA WEB RESPONSABILITAT PEL CONTINGUT DEL LLOC WEB El Lloc Web cont\u00e9 textos elaborats amb finalitats merament informatives o divulgatives que poden no reflectir l&#8217;estat actual de la legislaci\u00f3 o la jurisprud\u00e8ncia i que es refereixen a situacions generals per la qual cosa el seu contingut no pot ser aplicat mai per l&#8217;usuari [&hellip;]\" \/>\n<meta property=\"og:url\" content=\"https:\/\/medicusgaia.com\/ca\/avis-legal\/\" \/>\n<meta property=\"og:site_name\" content=\"Medicus Gaia\" \/>\n<meta property=\"article:publisher\" content=\"https:\/\/www.facebook.com\/profile.php?id=100083402287688\" \/>\n<meta property=\"article:modified_time\" content=\"2024-05-22T16:05:29+00:00\" \/>\n<meta name=\"twitter:card\" content=\"summary_large_image\" \/>\n<meta name=\"twitter:label1\" content=\"Temps estimat de lectura\" \/>\n\t<meta name=\"twitter:data1\" content=\"9 minuts\" \/>\n<script type=\"application\/ld+json\" class=\"yoast-schema-graph\">{\"@context\":\"https:\\\/\\\/schema.org\",\"@graph\":[{\"@type\":\"WebPage\",\"@id\":\"https:\\\/\\\/medicusgaia.com\\\/ca\\\/avis-legal\\\/\",\"url\":\"https:\\\/\\\/medicusgaia.com\\\/ca\\\/avis-legal\\\/\",\"name\":\"Av\u00eds Legal - Medicus Gaia\",\"isPartOf\":{\"@id\":\"https:\\\/\\\/medicusgaia.com\\\/ca\\\/#website\"},\"datePublished\":\"2024-05-22T16:05:27+00:00\",\"dateModified\":\"2024-05-22T16:05:29+00:00\",\"inLanguage\":\"ca\",\"potentialAction\":[{\"@type\":\"ReadAction\",\"target\":[\"https:\\\/\\\/medicusgaia.com\\\/ca\\\/avis-legal\\\/\"]}]},{\"@type\":\"WebSite\",\"@id\":\"https:\\\/\\\/medicusgaia.com\\\/ca\\\/#website\",\"url\":\"https:\\\/\\\/medicusgaia.com\\\/ca\\\/\",\"name\":\"Medicus Gaia\",\"description\":\"Institut de Salut i Medicina Integrativa\",\"publisher\":{\"@id\":\"https:\\\/\\\/medicusgaia.com\\\/ca\\\/#organization\"},\"potentialAction\":[{\"@type\":\"SearchAction\",\"target\":{\"@type\":\"EntryPoint\",\"urlTemplate\":\"https:\\\/\\\/medicusgaia.com\\\/ca\\\/?s={search_term_string}\"},\"query-input\":{\"@type\":\"PropertyValueSpecification\",\"valueRequired\":true,\"valueName\":\"search_term_string\"}}],\"inLanguage\":\"ca\"},{\"@type\":\"Organization\",\"@id\":\"https:\\\/\\\/medicusgaia.com\\\/ca\\\/#organization\",\"name\":\"Medicus Gaia\",\"url\":\"https:\\\/\\\/medicusgaia.com\\\/ca\\\/\",\"logo\":{\"@type\":\"ImageObject\",\"inLanguage\":\"ca\",\"@id\":\"https:\\\/\\\/medicusgaia.com\\\/ca\\\/#\\\/schema\\\/logo\\\/image\\\/\",\"url\":\"https:\\\/\\\/medicusgaia.com\\\/wp-content\\\/uploads\\\/2024\\\/05\\\/medicus-gaia-institut-de-salut-i-medicina-integrativa-crisitina-pellicer-1.png\",\"contentUrl\":\"https:\\\/\\\/medicusgaia.com\\\/wp-content\\\/uploads\\\/2024\\\/05\\\/medicus-gaia-institut-de-salut-i-medicina-integrativa-crisitina-pellicer-1.png\",\"width\":900,\"height\":346,\"caption\":\"Medicus Gaia\"},\"image\":{\"@id\":\"https:\\\/\\\/medicusgaia.com\\\/ca\\\/#\\\/schema\\\/logo\\\/image\\\/\"},\"sameAs\":[\"https:\\\/\\\/www.facebook.com\\\/profile.php?id=100083402287688\",\"https:\\\/\\\/www.instagram.com\\\/ismi_medicusgaia\\\/\",\"https:\\\/\\\/www.linkedin.com\\\/company\\\/institut-de-salut-i-medicina-integrativa-medicus-gaia\\\/\"]}]}<\/script>\n<!-- \/ Yoast SEO plugin. -->","yoast_head_json":{"title":"Av\u00eds Legal - Medicus Gaia","robots":{"index":"noindex","follow":"nofollow"},"og_locale":"ca_ES","og_type":"article","og_title":"Av\u00eds Legal - Medicus Gaia","og_description":"TITULAR DE LA WEB RESPONSABILITAT PEL CONTINGUT DEL LLOC WEB El Lloc Web cont\u00e9 textos elaborats amb finalitats merament informatives o divulgatives que poden no reflectir l&#8217;estat actual de la legislaci\u00f3 o la jurisprud\u00e8ncia i que es refereixen a situacions generals per la qual cosa el seu contingut no pot ser aplicat mai per l&#8217;usuari [&hellip;]","og_url":"https:\/\/medicusgaia.com\/ca\/avis-legal\/","og_site_name":"Medicus Gaia","article_publisher":"https:\/\/www.facebook.com\/profile.php?id=100083402287688","article_modified_time":"2024-05-22T16:05:29+00:00","twitter_card":"summary_large_image","twitter_misc":{"Temps estimat de lectura":"9 minuts"},"schema":{"@context":"https:\/\/schema.org","@graph":[{"@type":"WebPage","@id":"https:\/\/medicusgaia.com\/ca\/avis-legal\/","url":"https:\/\/medicusgaia.com\/ca\/avis-legal\/","name":"Av\u00eds Legal - Medicus Gaia","isPartOf":{"@id":"https:\/\/medicusgaia.com\/ca\/#website"},"datePublished":"2024-05-22T16:05:27+00:00","dateModified":"2024-05-22T16:05:29+00:00","inLanguage":"ca","potentialAction":[{"@type":"ReadAction","target":["https:\/\/medicusgaia.com\/ca\/avis-legal\/"]}]},{"@type":"WebSite","@id":"https:\/\/medicusgaia.com\/ca\/#website","url":"https:\/\/medicusgaia.com\/ca\/","name":"Medicus Gaia","description":"Institut de Salut i Medicina Integrativa","publisher":{"@id":"https:\/\/medicusgaia.com\/ca\/#organization"},"potentialAction":[{"@type":"SearchAction","target":{"@type":"EntryPoint","urlTemplate":"https:\/\/medicusgaia.com\/ca\/?s={search_term_string}"},"query-input":{"@type":"PropertyValueSpecification","valueRequired":true,"valueName":"search_term_string"}}],"inLanguage":"ca"},{"@type":"Organization","@id":"https:\/\/medicusgaia.com\/ca\/#organization","name":"Medicus Gaia","url":"https:\/\/medicusgaia.com\/ca\/","logo":{"@type":"ImageObject","inLanguage":"ca","@id":"https:\/\/medicusgaia.com\/ca\/#\/schema\/logo\/image\/","url":"https:\/\/medicusgaia.com\/wp-content\/uploads\/2024\/05\/medicus-gaia-institut-de-salut-i-medicina-integrativa-crisitina-pellicer-1.png","contentUrl":"https:\/\/medicusgaia.com\/wp-content\/uploads\/2024\/05\/medicus-gaia-institut-de-salut-i-medicina-integrativa-crisitina-pellicer-1.png","width":900,"height":346,"caption":"Medicus Gaia"},"image":{"@id":"https:\/\/medicusgaia.com\/ca\/#\/schema\/logo\/image\/"},"sameAs":["https:\/\/www.facebook.com\/profile.php?id=100083402287688","https:\/\/www.instagram.com\/ismi_medicusgaia\/","https:\/\/www.linkedin.com\/company\/institut-de-salut-i-medicina-integrativa-medicus-gaia\/"]}]}},"_links":{"self":[{"href":"https:\/\/medicusgaia.com\/ca\/wp-json\/wp\/v2\/pages\/26328","targetHints":{"allow":["GET"]}}],"collection":[{"href":"https:\/\/medicusgaia.com\/ca\/wp-json\/wp\/v2\/pages"}],"about":[{"href":"https:\/\/medicusgaia.com\/ca\/wp-json\/wp\/v2\/types\/page"}],"author":[{"embeddable":true,"href":"https:\/\/medicusgaia.com\/ca\/wp-json\/wp\/v2\/users\/2"}],"replies":[{"embeddable":true,"href":"https:\/\/medicusgaia.com\/ca\/wp-json\/wp\/v2\/comments?post=26328"}],"version-history":[{"count":1,"href":"https:\/\/medicusgaia.com\/ca\/wp-json\/wp\/v2\/pages\/26328\/revisions"}],"predecessor-version":[{"id":26329,"href":"https:\/\/medicusgaia.com\/ca\/wp-json\/wp\/v2\/pages\/26328\/revisions\/26329"}],"wp:attachment":[{"href":"https:\/\/medicusgaia.com\/ca\/wp-json\/wp\/v2\/media?parent=26328"}],"curies":[{"name":"wp","href":"https:\/\/api.w.org\/{rel}","templated":true}]}}